{"id":3,"date":"2021-04-12T10:26:02","date_gmt":"2021-04-12T08:26:02","guid":{"rendered":"https:\/\/www.fluimac.com\/?page_id=3"},"modified":"2026-03-05T14:43:26","modified_gmt":"2026-03-05T13:43:26","slug":"privacy-policy","status":"publish","type":"page","link":"https:\/\/www.fluimac.com\/it\/privacy-policy\/","title":{"rendered":"Privacy policy"},"content":{"rendered":"\t\t<div data-elementor-type=\"wp-page\" data-elementor-id=\"3\" class=\"elementor elementor-3\" data-elementor-post-type=\"page\">\n\t\t\t\t\t\t<section class=\"elementor-section elementor-top-section elementor-element elementor-element-53f3667d elementor-section-full_width elementor-section-height-default elementor-section-height-default\" data-id=\"53f3667d\" data-element_type=\"section\">\n\t\t\t\t\t\t<div class=\"elementor-container elementor-column-gap-default\">\n\t\t\t\t\t<div class=\"elementor-column elementor-col-100 elementor-top-column elementor-element elementor-element-2ed28088\" data-id=\"2ed28088\" data-element_type=\"column\">\n\t\t\t<div class=\"elementor-widget-wrap elementor-element-populated\">\n\t\t\t\t\t\t<div class=\"elementor-element elementor-element-e991d4d elementor-widget elementor-widget-heading\" data-id=\"e991d4d\" data-element_type=\"widget\" data-widget_type=\"heading.default\">\n\t\t\t\t<div class=\"elementor-widget-container\">\n\t\t\t\t\t<h1 class=\"elementor-heading-title elementor-size-default\">Privacy Policy<\/h1>\t\t\t\t<\/div>\n\t\t\t\t<\/div>\n\t\t\t\t<div class=\"elementor-element elementor-element-62b685b1 elementor-widget elementor-widget-text-editor\" data-id=\"62b685b1\" data-element_type=\"widget\" data-widget_type=\"text-editor.default\">\n\t\t\t\t<div class=\"elementor-widget-container\">\n\t\t\t\t\t\t\t\t\t<p><strong>Informativa per gli interessati ai sensi e per gli effetti degli artt. 13 e 14 del Regolamento Europeo UE 2016\/679<\/strong><br><strong>Normativa relativa alla protezione delle persone fisiche con riguardo al trattamento dei dati personali<\/strong><br><strong>GDPR (General Data Protection Regulation &#8211; Regolamento UE 679\/2016)<\/strong><br><strong>Codice della Privacy D.Lgs 196\/2003 (novellato dal D.Lgs 101\/2018).<\/strong><\/p>\n<p>FLUIMAC SRL desidera informare gli interessati oggetto del trattamento, che i dati personali riferiti o riferibili all\u2019interessato, sono trattati dalla Scrivente Societ\u00e0 nel pieno rispetto della normativa vigente sul trattamento del dato e degli obblighi di riservatezza che da sempre ci ispirano. Per \u201cTrattamento di dati personali\u201d si intende qualunque operazione o complesso di operazioni, effettuati anche senza l\u2019ausilio di strumenti elettronici, concernenti la raccolta, la registrazione, l\u2019organizzazione, la conservazione, la consultazione, l\u2019elaborazione, la modificazione, la selezione, l\u2019estrazione, il raffronto, l\u2019utilizzo, l\u2019interconnessione, il blocco, la comunicazione, la diffusione, la cancellazione e la distruzione di dati, anche se non registrati in una banca di dati.<br><u>Ai sensi degli artt. 13 e 14 del GDPR (Regolamento UE 2016\/679), in relazione ai dati personali che trattiamo in seguito all\u2019instaurazione dei reciproci rapporti contrattuali (derivanti dal \u201cmandato di consulenza\u201d), rendiamo note le informazioni di seguito riportate.<\/u><\/p>\n<h6><b>Titolare del trattamento<br><\/b><\/h6>\n<p>Il \u201cTitolare del Trattamento\u201d ad ogni effetto di legge \u00e8 FLUIMAC SRL con sede operativa in via Brescia 1 Tradate (VA), contattabile all\u2019indirizzo email <a href=\"mailto: info@fluimac.com.\">info@fluimac.com.<\/a><\/p>\n<h6>Finalit\u00e0 del trattamento<\/h6>\n<p>I dati personali riguardanti persone fisiche, forniti direttamente dagli interessati o dalle aziende che intrattengono rapporti commerciali o contrattuali con la Scrivente, vengono trattati per esigenze legate all\u2019attivit\u00e0 principale della Societ\u00e0 (produzione di pompe industriali) ed ai conseguenti adempimenti degli obblighi legali e fiscali; tale trattamento avverr\u00e0 per tutta la durata del rapporto commerciale\/contrattuale ed anche successivamente, per l\u2019espletamento di obblighi di legge e per finalit\u00e0 amministrative e fiscali.<br>Si rende noto inoltre che consultando il nostro sito internet, il sistema pu\u00f2 acquisire dati tecnici di navigazione relativi all\u2019indirizzo IP, codici identificativi dei dispositivi utilizzati dall\u2019utente per la fruizione delle pagine o dei servizi, dati riferiti alle caratteristiche del browser e agli orari di accesso, altri dati di navigazione anonimizzati.<br>Nell\u2019ambito della finalit\u00e0 per cui i dati personali vengono raccolti, FLUIMAC SRL effettua il trattamento di detti dati secondo i principi di correttezza, liceit\u00e0, trasparenza e di tutela della riservatezza dei diritti dell\u2019interessato.<br>Si specifica infine che la Societ\u00e0 utilizza, all\u2019interno dei propri sistemi gestionali, software di intelligenza artificiale (IA) \u2013 ChatGPT, Copilot \u2013 il cui utilizzo pu\u00f2 eventualmente comportare l\u2019elaborazione di dati personali (nominativi, indirizzi email). L\u2019utilizzo della IA \u00e8 conforme alle vigenti normative italiane e ed europee. La Societ\u00e0 garantisce che l\u2019utilizzo della IA non incide nemmeno minimamente sulla persona durante i processi di gestione automatizzata.<\/p>\n<h6><b>Natura del conferimento<\/b><\/h6>\n<p>I dati personali vengono raccolti sempre presso l\u2019interessato.<br>Il conferimento di detti dati, necessari per le finalit\u00e0 descritte, \u00e8 indispensabile per dare seguito al rapporto contrattuale e commerciale; l\u2019eventuale rifiuto di fornire tali dati potrebbe comportare la mancata o parziale realizzazione dei servizi della Societ\u00e0.<\/p>\n<h6>Modalit\u00e0 di trattamento<\/h6>\n<p>Il trattamento dei dati avviene secondo i principi di correttezza liceit\u00e0 e trasparenza, mediante l\u2019utilizzo di strumenti e procedure idonei a garantirne la sicurezza e la riservatezza e potr\u00e0 essere effettuato sia mediante supporti cartacei, sia attraverso l\u2019ausilio di strumenti elettronici.<br>Il trattamento viene effettuato con l\u2019impiego delle misure di sicurezza adeguate a ridurre al minimo il rischio di accesso ai dati non autorizzato da parte di terzi, la loro distruzione e\/o deterioramento, e a garantire la riservatezza, ai sensi dell\u2019art. 32 del GDPR.<\/p>\n<h6>Conservazione dei dati personali<\/h6>\n<h6><span style=\"color: #646363; font-family: Cabin, sans-serif; font-size: 20px; font-weight: 400;\">I Dati Personali e all\u2019occorrenza particolari, saranno conservati solo per il tempo necessario ai fini per cui sono raccolti, rispettando il principio di minimizzazione di cui all\u2019articolo 5, comma 1, lettera c) del GDPR nonch\u00e9 gli obblighi di legge cui \u00e8 tenuto il Titolare. Maggiori informazioni sulle tempistiche di conservazione e trattamento sono disponibili presso il Titolare.<\/span><\/h6>\n<p><h6>Comunicazione dei dati<\/h6>I dati personali non verranno in alcun modo diffusi, mentre potranno essere da noi comunicati:<\/p>\n<ul>\n<li>ai soggetti incaricati, opportunamente nominati, del loro trattamento all\u2019interno della Societ\u00e0;<\/li>\n<li>ad enti e associazioni collegati alla Societ\u00e0;<\/li>\n<li>ed enti pubblici, pubbliche amministrazioni, istituzioni finanziarie;<\/li>\n<li>a soggetti che hanno necessit\u00e0 di accedere a tali dati per finalit\u00e0 ausiliarie al rapporto che intercorre tra la nostra Societ\u00e0 e l\u2019interessato, nei limiti strettamente necessari per svolgere i compiti ausiliari loro affidati, come ad esempio: gli istituti di credito, studi legali, assicurazioni, periti.<\/li>\n<\/ul>\n<h6>Altre categorie particolari di dati personali<\/h6>\n<p>In occasione dell\u2019invio di curriculum, ai sensi degli artt. 9 e 10 GDPR 2016\/679, l\u2019interessato potrebbe conferire volontariamente, alla Scrivente, dati qualificabili come \u201ccategorie particolari di dati personali\u201d (ovvero quei dati che rivelano \u201cl&#8217;origine razziale o etnica, le opinioni politiche, le convinzioni religiose o filosofiche, o l&#8217;appartenenza sindacale\u2026dati genetici, dati biometrici intesi a identificare in modo univoco una persona fisica, dati relativi alla salute o alla vita sessuale o all&#8217;orientamento sessuale della persona\u201d). Tale categoria di dati potr\u00e0 essere trattata da FLUIMAC SRL solo previo consenso dell\u2019interessato, manifestato in forma scritta.<\/p>\n<h6>Diritti dell\u2019interessato<\/h6>\n<p>Il soggetto interessato al trattamento, potr\u00e0 esercitare in qualunque momento i diritti di cui agli artt. 15-22 del GDPR:<\/p>\n<ol>\n<li><span style=\"background-color: transparent;\">Ottenere la conferma che sia o meno in corso un trattamento di dati personali che la riguardano e, in tal caso, di ottenere l&#8217;accesso ai dati personali e a tutte le informazioni previste dell\u2019art. 15 del GDPR;<\/span><\/li>\n<li>Ottenere la rettifica dei dati personali inesatti che la riguardano senza ingiustificato ritardo. Tenuto conto delle finalit\u00e0 del trattamento lei ha il diritto di ottenere l\u2019integrazione dei dati personali incompleti, anche fornendo una dichiarazione integrativa.<\/li>\n<li>Ottenere la cancellazione dei dati personali che la riguardano senza ingiustificato ritardo;<\/li>\n<li>Ottenere la limitazione del trattamento quando ricorra una delle ipotesi previste dall\u2019art. 18 del GDPR;<\/li>\n<li>Ricevere in un formato strutturato, di uso comune e leggibile da dispositivo automatico, i dati personali che riguardano l\u2019interessato forniti alla Scrivente;<\/li>\n<li>Opporsi in qualsiasi momento, per motivi connessi alla sua situazione particolare, al trattamento dei dati personali che la riguardano ai sensi dell\u2019articolo 6, paragrafo 1, lettere e) o f) del GDPR. In questo caso la Societ\u00e0 si asterr\u00e0 dal trattare ulteriormente i dati personali salvo l&#8217;esistenza di motivi legittimi cogenti per procedere al trattamento che prevalgono sugli interessi, sui diritti e sulle libert\u00e0 dell\u2019interessato oppure per l\u2019accertamento, l\u2019esercizio o la difesa di un diritto in sede giudiziaria;<\/li>\n<li>Non essere sottoposto a una decisione basata unicamente sul trattamento automatizzato, che produca effetti giuridici che la riguardano o che incida in modo analogo significativamente sulla sua persona. Questo diritto non si applica nei casi disciplinati dall\u2019art. 22, paragrafo 2 del GDPR;<\/li>\n<li>Rivolgersi all\u2019Autorit\u00e0 di controllo per reclamare nel caso ritenga che i suoi dati siano stati trattati in modo illegittimo.<\/li>\n<\/ol>\t\t\t\t\t\t\t\t<\/div>\n\t\t\t\t<\/div>\n\t\t\t\t\t<\/div>\n\t\t<\/div>\n\t\t\t\t\t<\/div>\n\t\t<\/section>\n\t\t\t\t<\/div>\n\t\t","protected":false},"excerpt":{"rendered":"<p>Privacy Policy Informativa per gli interessati ai sensi e per gli effetti degli artt. 13 e 14 del Regolamento Europeo UE 2016\/679Normativa relativa alla protezione delle persone fisiche con riguardo al trattamento dei dati personaliGDPR (General Data Protection Regulation &#8211; Regolamento UE 679\/2016)Codice della Privacy D.Lgs 196\/2003 (novellato dal D.Lgs 101\/2018). FLUIMAC SRL desidera informare [&hellip;]<\/p>\n","protected":false},"author":1,"featured_media":14333,"parent":0,"menu_order":0,"comment_status":"closed","ping_status":"open","template":"","meta":{"footnotes":"","_wp_rev_ctl_limit":""},"class_list":["post-3","page","type-page","status-publish","has-post-thumbnail","hentry"],"yoast_head":"<!-- This site is optimized with the Yoast SEO plugin v26.8 - https:\/\/yoast.com\/product\/yoast-seo-wordpress\/ -->\n<title>Privacy policy - Fluimac<\/title>\n<meta name=\"robots\" content=\"noindex, nofollow\" \/>\n<meta property=\"og:locale\" content=\"it_IT\" \/>\n<meta property=\"og:type\" content=\"article\" \/>\n<meta property=\"og:title\" content=\"Privacy policy - Fluimac\" \/>\n<meta property=\"og:description\" content=\"Privacy Policy Informativa per gli interessati ai sensi e per gli effetti degli artt. 13 e 14 del Regolamento Europeo UE 2016\/679Normativa relativa alla protezione delle persone fisiche con riguardo al trattamento dei dati personaliGDPR (General Data Protection Regulation &#8211; Regolamento UE 679\/2016)Codice della Privacy D.Lgs 196\/2003 (novellato dal D.Lgs 101\/2018). FLUIMAC SRL desidera informare [&hellip;]\" \/>\n<meta property=\"og:url\" content=\"https:\/\/www.fluimac.com\/it\/privacy-policy\/\" \/>\n<meta property=\"og:site_name\" content=\"Fluimac\" \/>\n<meta property=\"article:modified_time\" content=\"2026-03-05T13:43:26+00:00\" \/>\n<meta property=\"og:image\" content=\"https:\/\/www.fluimac.com\/wp-content\/uploads\/2024\/07\/2.webp\" \/>\n\t<meta property=\"og:image:width\" content=\"800\" \/>\n\t<meta property=\"og:image:height\" content=\"600\" \/>\n\t<meta property=\"og:image:type\" content=\"image\/webp\" \/>\n<meta name=\"twitter:card\" content=\"summary_large_image\" \/>\n<meta name=\"twitter:label1\" content=\"Tempo di lettura stimato\" \/>\n\t<meta name=\"twitter:data1\" content=\"6 minuti\" \/>\n<script type=\"application\/ld+json\" class=\"yoast-schema-graph\">{\"@context\":\"https:\/\/schema.org\",\"@graph\":[{\"@type\":\"WebPage\",\"@id\":\"https:\/\/www.fluimac.com\/it\/privacy-policy\/\",\"url\":\"https:\/\/www.fluimac.com\/it\/privacy-policy\/\",\"name\":\"Privacy policy - Fluimac\",\"isPartOf\":{\"@id\":\"https:\/\/www.fluimac.com\/it\/#website\"},\"primaryImageOfPage\":{\"@id\":\"https:\/\/www.fluimac.com\/it\/privacy-policy\/#primaryimage\"},\"image\":{\"@id\":\"https:\/\/www.fluimac.com\/it\/privacy-policy\/#primaryimage\"},\"thumbnailUrl\":\"https:\/\/www.fluimac.com\/wp-content\/uploads\/2024\/07\/2.webp\",\"datePublished\":\"2021-04-12T08:26:02+00:00\",\"dateModified\":\"2026-03-05T13:43:26+00:00\",\"breadcrumb\":{\"@id\":\"https:\/\/www.fluimac.com\/it\/privacy-policy\/#breadcrumb\"},\"inLanguage\":\"it-IT\",\"potentialAction\":[{\"@type\":\"ReadAction\",\"target\":[\"https:\/\/www.fluimac.com\/it\/privacy-policy\/\"]}]},{\"@type\":\"ImageObject\",\"inLanguage\":\"it-IT\",\"@id\":\"https:\/\/www.fluimac.com\/it\/privacy-policy\/#primaryimage\",\"url\":\"https:\/\/www.fluimac.com\/wp-content\/uploads\/2024\/07\/2.webp\",\"contentUrl\":\"https:\/\/www.fluimac.com\/wp-content\/uploads\/2024\/07\/2.webp\",\"width\":800,\"height\":600,\"caption\":\"Fluimac Pump We Trust\"},{\"@type\":\"BreadcrumbList\",\"@id\":\"https:\/\/www.fluimac.com\/it\/privacy-policy\/#breadcrumb\",\"itemListElement\":[{\"@type\":\"ListItem\",\"position\":1,\"name\":\"Home\",\"item\":\"https:\/\/www.fluimac.com\/it\/\"},{\"@type\":\"ListItem\",\"position\":2,\"name\":\"Privacy policy\"}]},{\"@type\":\"WebSite\",\"@id\":\"https:\/\/www.fluimac.com\/it\/#website\",\"url\":\"https:\/\/www.fluimac.com\/it\/\",\"name\":\"Fluimac\",\"description\":\"Pump we trust\",\"publisher\":{\"@id\":\"https:\/\/www.fluimac.com\/it\/#organization\"},\"potentialAction\":[{\"@type\":\"SearchAction\",\"target\":{\"@type\":\"EntryPoint\",\"urlTemplate\":\"https:\/\/www.fluimac.com\/it\/?s={search_term_string}\"},\"query-input\":{\"@type\":\"PropertyValueSpecification\",\"valueRequired\":true,\"valueName\":\"search_term_string\"}}],\"inLanguage\":\"it-IT\"},{\"@type\":\"Organization\",\"@id\":\"https:\/\/www.fluimac.com\/it\/#organization\",\"name\":\"Fluimac\",\"url\":\"https:\/\/www.fluimac.com\/it\/\",\"logo\":{\"@type\":\"ImageObject\",\"inLanguage\":\"it-IT\",\"@id\":\"https:\/\/www.fluimac.com\/it\/#\/schema\/logo\/image\/\",\"url\":\"https:\/\/www.fluimac.com\/wp-content\/uploads\/2021\/04\/fluimac-logo-1.jpg\",\"contentUrl\":\"https:\/\/www.fluimac.com\/wp-content\/uploads\/2021\/04\/fluimac-logo-1.jpg\",\"width\":500,\"height\":132,\"caption\":\"Fluimac\"},\"image\":{\"@id\":\"https:\/\/www.fluimac.com\/it\/#\/schema\/logo\/image\/\"}}]}<\/script>\n<!-- \/ Yoast SEO plugin. -->","yoast_head_json":{"title":"Privacy policy - Fluimac","robots":{"index":"noindex","follow":"nofollow"},"og_locale":"it_IT","og_type":"article","og_title":"Privacy policy - Fluimac","og_description":"Privacy Policy Informativa per gli interessati ai sensi e per gli effetti degli artt. 13 e 14 del Regolamento Europeo UE 2016\/679Normativa relativa alla protezione delle persone fisiche con riguardo al trattamento dei dati personaliGDPR (General Data Protection Regulation &#8211; Regolamento UE 679\/2016)Codice della Privacy D.Lgs 196\/2003 (novellato dal D.Lgs 101\/2018). FLUIMAC SRL desidera informare [&hellip;]","og_url":"https:\/\/www.fluimac.com\/it\/privacy-policy\/","og_site_name":"Fluimac","article_modified_time":"2026-03-05T13:43:26+00:00","og_image":[{"width":800,"height":600,"url":"https:\/\/www.fluimac.com\/wp-content\/uploads\/2024\/07\/2.webp","type":"image\/webp"}],"twitter_card":"summary_large_image","twitter_misc":{"Tempo di lettura stimato":"6 minuti"},"schema":{"@context":"https:\/\/schema.org","@graph":[{"@type":"WebPage","@id":"https:\/\/www.fluimac.com\/it\/privacy-policy\/","url":"https:\/\/www.fluimac.com\/it\/privacy-policy\/","name":"Privacy policy - Fluimac","isPartOf":{"@id":"https:\/\/www.fluimac.com\/it\/#website"},"primaryImageOfPage":{"@id":"https:\/\/www.fluimac.com\/it\/privacy-policy\/#primaryimage"},"image":{"@id":"https:\/\/www.fluimac.com\/it\/privacy-policy\/#primaryimage"},"thumbnailUrl":"https:\/\/www.fluimac.com\/wp-content\/uploads\/2024\/07\/2.webp","datePublished":"2021-04-12T08:26:02+00:00","dateModified":"2026-03-05T13:43:26+00:00","breadcrumb":{"@id":"https:\/\/www.fluimac.com\/it\/privacy-policy\/#breadcrumb"},"inLanguage":"it-IT","potentialAction":[{"@type":"ReadAction","target":["https:\/\/www.fluimac.com\/it\/privacy-policy\/"]}]},{"@type":"ImageObject","inLanguage":"it-IT","@id":"https:\/\/www.fluimac.com\/it\/privacy-policy\/#primaryimage","url":"https:\/\/www.fluimac.com\/wp-content\/uploads\/2024\/07\/2.webp","contentUrl":"https:\/\/www.fluimac.com\/wp-content\/uploads\/2024\/07\/2.webp","width":800,"height":600,"caption":"Fluimac Pump We Trust"},{"@type":"BreadcrumbList","@id":"https:\/\/www.fluimac.com\/it\/privacy-policy\/#breadcrumb","itemListElement":[{"@type":"ListItem","position":1,"name":"Home","item":"https:\/\/www.fluimac.com\/it\/"},{"@type":"ListItem","position":2,"name":"Privacy policy"}]},{"@type":"WebSite","@id":"https:\/\/www.fluimac.com\/it\/#website","url":"https:\/\/www.fluimac.com\/it\/","name":"Fluimac","description":"Pump we trust","publisher":{"@id":"https:\/\/www.fluimac.com\/it\/#organization"},"potentialAction":[{"@type":"SearchAction","target":{"@type":"EntryPoint","urlTemplate":"https:\/\/www.fluimac.com\/it\/?s={search_term_string}"},"query-input":{"@type":"PropertyValueSpecification","valueRequired":true,"valueName":"search_term_string"}}],"inLanguage":"it-IT"},{"@type":"Organization","@id":"https:\/\/www.fluimac.com\/it\/#organization","name":"Fluimac","url":"https:\/\/www.fluimac.com\/it\/","logo":{"@type":"ImageObject","inLanguage":"it-IT","@id":"https:\/\/www.fluimac.com\/it\/#\/schema\/logo\/image\/","url":"https:\/\/www.fluimac.com\/wp-content\/uploads\/2021\/04\/fluimac-logo-1.jpg","contentUrl":"https:\/\/www.fluimac.com\/wp-content\/uploads\/2021\/04\/fluimac-logo-1.jpg","width":500,"height":132,"caption":"Fluimac"},"image":{"@id":"https:\/\/www.fluimac.com\/it\/#\/schema\/logo\/image\/"}}]}},"_links":{"self":[{"href":"https:\/\/www.fluimac.com\/it\/wp-json\/wp\/v2\/pages\/3","targetHints":{"allow":["GET"]}}],"collection":[{"href":"https:\/\/www.fluimac.com\/it\/wp-json\/wp\/v2\/pages"}],"about":[{"href":"https:\/\/www.fluimac.com\/it\/wp-json\/wp\/v2\/types\/page"}],"author":[{"embeddable":true,"href":"https:\/\/www.fluimac.com\/it\/wp-json\/wp\/v2\/users\/1"}],"replies":[{"embeddable":true,"href":"https:\/\/www.fluimac.com\/it\/wp-json\/wp\/v2\/comments?post=3"}],"version-history":[{"count":15,"href":"https:\/\/www.fluimac.com\/it\/wp-json\/wp\/v2\/pages\/3\/revisions"}],"predecessor-version":[{"id":31046,"href":"https:\/\/www.fluimac.com\/it\/wp-json\/wp\/v2\/pages\/3\/revisions\/31046"}],"wp:featuredmedia":[{"embeddable":true,"href":"https:\/\/www.fluimac.com\/it\/wp-json\/wp\/v2\/media\/14333"}],"wp:attachment":[{"href":"https:\/\/www.fluimac.com\/it\/wp-json\/wp\/v2\/media?parent=3"}],"curies":[{"name":"wp","href":"https:\/\/api.w.org\/{rel}","templated":true}]}}