{"id":23308,"date":"2024-06-27T11:53:29","date_gmt":"2024-06-27T09:53:29","guid":{"rendered":"https:\/\/www.fluimac.com\/pompe-industria-ittica\/"},"modified":"2025-06-18T12:52:41","modified_gmt":"2025-06-18T10:52:41","slug":"pompes-pour-lindustrie-du-poisson","status":"publish","type":"page","link":"https:\/\/www.fluimac.com\/fr\/pompes-pour-lindustrie-du-poisson\/","title":{"rendered":"Pompe Industria Ittica"},"content":{"rendered":"\t\t<div data-elementor-type=\"wp-page\" data-elementor-id=\"23308\" class=\"elementor elementor-23308 elementor-7181\" data-elementor-post-type=\"page\">\n\t\t\t\t\t\t<section class=\"elementor-section elementor-top-section elementor-element elementor-element-70952e8 elementor-section-full_width elementor-section-height-default elementor-section-height-default\" data-id=\"70952e8\" data-element_type=\"section\">\n\t\t\t\t\t\t<div class=\"elementor-container elementor-column-gap-default\">\n\t\t\t\t\t<div class=\"elementor-column elementor-col-50 elementor-top-column elementor-element elementor-element-950c84c\" data-id=\"950c84c\" data-element_type=\"column\">\n\t\t\t<div class=\"elementor-widget-wrap elementor-element-populated\">\n\t\t\t\t\t\t<div class=\"elementor-element elementor-element-e1b851c elementor-widget elementor-widget-image\" data-id=\"e1b851c\" data-element_type=\"widget\" data-widget_type=\"image.default\">\n\t\t\t\t<div class=\"elementor-widget-container\">\n\t\t\t\t\t\t\t\t\t\t\t\t\t\t\t<img fetchpriority=\"high\" decoding=\"async\" width=\"251\" height=\"251\" src=\"https:\/\/www.fluimac.com\/wp-content\/uploads\/2024\/04\/industria-ittica-blu.webp\" class=\"attachment-large size-large wp-image-8561\" alt=\"Pompe Industria Ittica\" \/>\t\t\t\t\t\t\t\t\t\t\t\t\t\t\t<\/div>\n\t\t\t\t<\/div>\n\t\t\t\t<div class=\"elementor-element elementor-element-98f4d09 elementor-widget elementor-widget-heading\" data-id=\"98f4d09\" data-element_type=\"widget\" data-widget_type=\"heading.default\">\n\t\t\t\t<div class=\"elementor-widget-container\">\n\t\t\t\t\t<h1 class=\"elementor-heading-title elementor-size-default\">Pompes pour l'industrie du poisson<\/h1>\t\t\t\t<\/div>\n\t\t\t\t<\/div>\n\t\t\t\t<div class=\"elementor-element elementor-element-43d1848 elementor-widget elementor-widget-text-editor\" data-id=\"43d1848\" data-element_type=\"widget\" data-widget_type=\"text-editor.default\">\n\t\t\t\t<div class=\"elementor-widget-container\">\n\t\t\t\t\t\t\t\t\t<div class=\"main-body\"><p>L&rsquo;aquaculture ou la pisciculture est une industrie dans laquelle les poissons, les crustac\u00e9s et les mollusques sont \u00e9lev\u00e9s et r\u00e9colt\u00e9s. Cela peut se faire sur terre dans un enclos artificiel, dans les rivi\u00e8res, les lacs et la mer. La pisciculture n\u00e9cessite toujours une nouvelle quantit\u00e9 d&rsquo;eau pour \u00e9viter qu&rsquo;elle ne devienne stagnante, ce qui n\u00e9cessite des pompes de circulation d&rsquo;eau.<\/p><p>Les pompes FLUIMAC\u00ae sont disponibles dans une gamme de performances en fonction de la taille de l&rsquo;\u00e9levage actuel.<\/p><\/div>\t\t\t\t\t\t\t\t<\/div>\n\t\t\t\t<\/div>\n\t\t\t\t\t<\/div>\n\t\t<\/div>\n\t\t\t\t<div class=\"elementor-column elementor-col-50 elementor-top-column elementor-element elementor-element-f857a04 elementor-hidden-tablet\" data-id=\"f857a04\" data-element_type=\"column\">\n\t\t\t<div class=\"elementor-widget-wrap elementor-element-populated\">\n\t\t\t\t\t\t<div class=\"elementor-element elementor-element-10cacfb elementor-arrows-position-inside elementor-widget elementor-widget-image-carousel\" data-id=\"10cacfb\" data-element_type=\"widget\" data-settings=\"{&quot;slides_to_show&quot;:&quot;1&quot;,&quot;navigation&quot;:&quot;arrows&quot;,&quot;autoplay&quot;:&quot;yes&quot;,&quot;pause_on_hover&quot;:&quot;yes&quot;,&quot;pause_on_interaction&quot;:&quot;yes&quot;,&quot;autoplay_speed&quot;:5000,&quot;infinite&quot;:&quot;yes&quot;,&quot;effect&quot;:&quot;slide&quot;,&quot;speed&quot;:500}\" data-widget_type=\"image-carousel.default\">\n\t\t\t\t<div class=\"elementor-widget-container\">\n\t\t\t\t\t\t\t<div class=\"elementor-image-carousel-wrapper swiper\" role=\"region\" aria-roledescription=\"carousel\" aria-label=\"Carosello d&#039;immagini\" dir=\"ltr\">\n\t\t\t<div class=\"elementor-image-carousel swiper-wrapper\" aria-live=\"off\">\n\t\t\t\t\t\t\t\t<div class=\"swiper-slide\" role=\"group\" aria-roledescription=\"slide\" aria-label=\"1 sur 1\"><figure class=\"swiper-slide-inner\"><img decoding=\"async\" class=\"swiper-slide-image\" src=\"https:\/\/www.fluimac.com\/wp-content\/uploads\/2024\/06\/industria_ittica_1.webp\" alt=\"Pompe Industria Ittica Fluimac - Pumps we trust\" \/><\/figure><\/div>\t\t\t<\/div>\n\t\t\t\t\t<\/div>\n\t\t\t\t\t\t<\/div>\n\t\t\t\t<\/div>\n\t\t\t\t\t<\/div>\n\t\t<\/div>\n\t\t\t\t\t<\/div>\n\t\t<\/section>\n\t\t\t\t<section class=\"elementor-section elementor-top-section elementor-element elementor-element-a698295 elementor-section-boxed elementor-section-height-default elementor-section-height-default\" data-id=\"a698295\" data-element_type=\"section\" id=\"form\" data-settings=\"{&quot;background_background&quot;:&quot;classic&quot;}\">\n\t\t\t\t\t\t\t<div class=\"elementor-background-overlay\"><\/div>\n\t\t\t\t\t\t\t<div class=\"elementor-container elementor-column-gap-default\">\n\t\t\t\t\t<div class=\"elementor-column elementor-col-100 elementor-top-column elementor-element elementor-element-7582fb4\" data-id=\"7582fb4\" data-element_type=\"column\">\n\t\t\t<div class=\"elementor-widget-wrap elementor-element-populated\">\n\t\t\t\t\t\t<div class=\"elementor-element elementor-element-412b794 elementor-widget elementor-widget-heading\" data-id=\"412b794\" data-element_type=\"widget\" data-widget_type=\"heading.default\">\n\t\t\t\t<div class=\"elementor-widget-container\">\n\t\t\t\t\t<h2 class=\"elementor-heading-title elementor-size-default\">Demande de consultation<\/h2>\t\t\t\t<\/div>\n\t\t\t\t<\/div>\n\t\t\t\t<div class=\"elementor-element elementor-element-238ba72 elementor-widget-divider--view-line elementor-widget elementor-widget-divider\" data-id=\"238ba72\" data-element_type=\"widget\" data-widget_type=\"divider.default\">\n\t\t\t\t<div class=\"elementor-widget-container\">\n\t\t\t\t\t\t\t<div class=\"elementor-divider\">\n\t\t\t<span class=\"elementor-divider-separator\">\n\t\t\t\t\t\t<\/span>\n\t\t<\/div>\n\t\t\t\t\t\t<\/div>\n\t\t\t\t<\/div>\n\t\t\t\t<div class=\"elementor-element elementor-element-1a3e79a elementor-widget elementor-widget-global elementor-global-22977 elementor-widget-html\" data-id=\"1a3e79a\" data-element_type=\"widget\" data-widget_type=\"html.default\">\n\t\t\t\t<div class=\"elementor-widget-container\">\n\t\t\t\t\t<script charset=\"utf-8\" type=\"text\/javascript\" src=\"\/\/js-eu1.hsforms.net\/forms\/embed\/v2.js\"><\/script>\n<script>\n  hbspt.forms.create({\n    portalId: \"144007426\",\n    formId: \"a9709f51-73e0-4042-b980-ae3e1c9862f4\",\n    region: \"eu1\"\n  });\n<\/script>\t\t\t\t<\/div>\n\t\t\t\t<\/div>\n\t\t\t\t\t<\/div>\n\t\t<\/div>\n\t\t\t\t\t<\/div>\n\t\t<\/section>\n\t\t\t\t<section class=\"elementor-section elementor-top-section elementor-element elementor-element-fc7312e elementor-section-boxed elementor-section-height-default elementor-section-height-default\" data-id=\"fc7312e\" data-element_type=\"section\">\n\t\t\t\t\t\t<div class=\"elementor-container elementor-column-gap-default\">\n\t\t\t\t\t<div class=\"elementor-column elementor-col-100 elementor-top-column elementor-element elementor-element-4fbfbdc\" data-id=\"4fbfbdc\" data-element_type=\"column\">\n\t\t\t<div class=\"elementor-widget-wrap elementor-element-populated\">\n\t\t\t\t\t\t<div class=\"elementor-element elementor-element-bdc16f1 elementor-widget elementor-widget-heading\" data-id=\"bdc16f1\" data-element_type=\"widget\" data-widget_type=\"heading.default\">\n\t\t\t\t<div class=\"elementor-widget-container\">\n\t\t\t\t\t<h2 class=\"elementor-heading-title elementor-size-default\">Les meilleures solutions, certifi\u00e9es<\/h2>\t\t\t\t<\/div>\n\t\t\t\t<\/div>\n\t\t\t\t<div class=\"elementor-element elementor-element-0adb21f elementor-widget-divider--view-line elementor-widget elementor-widget-divider\" data-id=\"0adb21f\" data-element_type=\"widget\" data-widget_type=\"divider.default\">\n\t\t\t\t<div class=\"elementor-widget-container\">\n\t\t\t\t\t\t\t<div class=\"elementor-divider\">\n\t\t\t<span class=\"elementor-divider-separator\">\n\t\t\t\t\t\t<\/span>\n\t\t<\/div>\n\t\t\t\t\t\t<\/div>\n\t\t\t\t<\/div>\n\t\t\t\t<section class=\"elementor-section elementor-inner-section elementor-element elementor-element-daf0fb0 elementor-section-full_width elementor-section-height-default elementor-section-height-default\" data-id=\"daf0fb0\" data-element_type=\"section\">\n\t\t\t\t\t\t<div class=\"elementor-container elementor-column-gap-default\">\n\t\t\t\t\t<div class=\"elementor-column elementor-col-14 elementor-inner-column elementor-element elementor-element-cfafe32\" data-id=\"cfafe32\" data-element_type=\"column\">\n\t\t\t<div class=\"elementor-widget-wrap elementor-element-populated\">\n\t\t\t\t\t\t<div class=\"elementor-element elementor-element-712a804 elementor-widget elementor-widget-image\" data-id=\"712a804\" data-element_type=\"widget\" data-widget_type=\"image.default\">\n\t\t\t\t<div class=\"elementor-widget-container\">\n\t\t\t\t\t\t\t\t\t\t\t\t\t\t\t<img decoding=\"async\" width=\"425\" height=\"425\" src=\"https:\/\/www.fluimac.com\/wp-content\/uploads\/2024\/04\/certificazione_01.webp\" class=\"attachment-large size-large wp-image-8378\" alt=\"\" \/>\t\t\t\t\t\t\t\t\t\t\t\t\t\t\t<\/div>\n\t\t\t\t<\/div>\n\t\t\t\t\t<\/div>\n\t\t<\/div>\n\t\t\t\t<div class=\"elementor-column elementor-col-14 elementor-inner-column elementor-element elementor-element-273aa74\" data-id=\"273aa74\" data-element_type=\"column\">\n\t\t\t<div class=\"elementor-widget-wrap elementor-element-populated\">\n\t\t\t\t\t\t<div class=\"elementor-element elementor-element-e2ca8fd elementor-widget elementor-widget-image\" data-id=\"e2ca8fd\" data-element_type=\"widget\" data-widget_type=\"image.default\">\n\t\t\t\t<div class=\"elementor-widget-container\">\n\t\t\t\t\t\t\t\t\t\t\t\t\t\t\t<img decoding=\"async\" width=\"425\" height=\"425\" src=\"https:\/\/www.fluimac.com\/wp-content\/uploads\/2024\/04\/certificazione_02.webp\" class=\"attachment-large size-large wp-image-8381\" alt=\"\" \/>\t\t\t\t\t\t\t\t\t\t\t\t\t\t\t<\/div>\n\t\t\t\t<\/div>\n\t\t\t\t\t<\/div>\n\t\t<\/div>\n\t\t\t\t<div class=\"elementor-column elementor-col-14 elementor-inner-column elementor-element elementor-element-50c8f42\" data-id=\"50c8f42\" data-element_type=\"column\">\n\t\t\t<div class=\"elementor-widget-wrap elementor-element-populated\">\n\t\t\t\t\t\t<div class=\"elementor-element elementor-element-62610a5 elementor-widget elementor-widget-image\" data-id=\"62610a5\" data-element_type=\"widget\" data-widget_type=\"image.default\">\n\t\t\t\t<div class=\"elementor-widget-container\">\n\t\t\t\t\t\t\t\t\t\t\t\t\t\t\t<img loading=\"lazy\" decoding=\"async\" width=\"425\" height=\"425\" src=\"https:\/\/www.fluimac.com\/wp-content\/uploads\/2024\/04\/certificazione_03.webp\" class=\"attachment-large size-large wp-image-8384\" alt=\"\" \/>\t\t\t\t\t\t\t\t\t\t\t\t\t\t\t<\/div>\n\t\t\t\t<\/div>\n\t\t\t\t\t<\/div>\n\t\t<\/div>\n\t\t\t\t<div class=\"elementor-column elementor-col-14 elementor-inner-column elementor-element elementor-element-3f53272\" data-id=\"3f53272\" data-element_type=\"column\">\n\t\t\t<div class=\"elementor-widget-wrap elementor-element-populated\">\n\t\t\t\t\t\t<div class=\"elementor-element elementor-element-85d0561 elementor-widget elementor-widget-image\" data-id=\"85d0561\" data-element_type=\"widget\" data-widget_type=\"image.default\">\n\t\t\t\t<div class=\"elementor-widget-container\">\n\t\t\t\t\t\t\t\t\t\t\t\t\t\t\t<img loading=\"lazy\" decoding=\"async\" width=\"425\" height=\"425\" src=\"https:\/\/www.fluimac.com\/wp-content\/uploads\/2024\/04\/certificazione_04.webp\" class=\"attachment-large size-large wp-image-8387\" alt=\"\" \/>\t\t\t\t\t\t\t\t\t\t\t\t\t\t\t<\/div>\n\t\t\t\t<\/div>\n\t\t\t\t\t<\/div>\n\t\t<\/div>\n\t\t\t\t<div class=\"elementor-column elementor-col-14 elementor-inner-column elementor-element elementor-element-b9fce43\" data-id=\"b9fce43\" data-element_type=\"column\">\n\t\t\t<div class=\"elementor-widget-wrap elementor-element-populated\">\n\t\t\t\t\t\t<div class=\"elementor-element elementor-element-a8bf1c9 elementor-widget elementor-widget-image\" data-id=\"a8bf1c9\" data-element_type=\"widget\" data-widget_type=\"image.default\">\n\t\t\t\t<div class=\"elementor-widget-container\">\n\t\t\t\t\t\t\t\t\t\t\t\t\t\t\t<img loading=\"lazy\" decoding=\"async\" width=\"425\" height=\"425\" src=\"https:\/\/www.fluimac.com\/wp-content\/uploads\/2024\/04\/certificazione_05.webp\" class=\"attachment-large size-large wp-image-8390\" alt=\"\" \/>\t\t\t\t\t\t\t\t\t\t\t\t\t\t\t<\/div>\n\t\t\t\t<\/div>\n\t\t\t\t\t<\/div>\n\t\t<\/div>\n\t\t\t\t<div class=\"elementor-column elementor-col-14 elementor-inner-column elementor-element elementor-element-8647c3b\" data-id=\"8647c3b\" data-element_type=\"column\">\n\t\t\t<div class=\"elementor-widget-wrap elementor-element-populated\">\n\t\t\t\t\t\t<div class=\"elementor-element elementor-element-b0f2ced elementor-widget elementor-widget-image\" data-id=\"b0f2ced\" data-element_type=\"widget\" data-widget_type=\"image.default\">\n\t\t\t\t<div class=\"elementor-widget-container\">\n\t\t\t\t\t\t\t\t\t\t\t\t\t\t\t<img loading=\"lazy\" decoding=\"async\" width=\"425\" height=\"425\" src=\"https:\/\/www.fluimac.com\/wp-content\/uploads\/2024\/04\/certificazione_FDA-COMPLIANT.webp\" class=\"attachment-large size-large wp-image-8393\" alt=\"\" \/>\t\t\t\t\t\t\t\t\t\t\t\t\t\t\t<\/div>\n\t\t\t\t<\/div>\n\t\t\t\t\t<\/div>\n\t\t<\/div>\n\t\t\t\t<div class=\"elementor-column elementor-col-14 elementor-inner-column elementor-element elementor-element-0c83cd3\" data-id=\"0c83cd3\" data-element_type=\"column\">\n\t\t\t<div class=\"elementor-widget-wrap elementor-element-populated\">\n\t\t\t\t\t\t<div class=\"elementor-element elementor-element-e61a5b9 elementor-widget elementor-widget-image\" data-id=\"e61a5b9\" data-element_type=\"widget\" data-widget_type=\"image.default\">\n\t\t\t\t<div class=\"elementor-widget-container\">\n\t\t\t\t\t\t\t\t\t\t\t\t\t\t\t<img loading=\"lazy\" decoding=\"async\" width=\"425\" height=\"425\" src=\"https:\/\/www.fluimac.com\/wp-content\/uploads\/2024\/04\/certificazione_07.webp\" class=\"attachment-large size-large wp-image-8396\" alt=\"\" \/>\t\t\t\t\t\t\t\t\t\t\t\t\t\t\t<\/div>\n\t\t\t\t<\/div>\n\t\t\t\t\t<\/div>\n\t\t<\/div>\n\t\t\t\t\t<\/div>\n\t\t<\/section>\n\t\t\t\t\t<\/div>\n\t\t<\/div>\n\t\t\t\t\t<\/div>\n\t\t<\/section>\n\t\t\t\t<\/div>\n\t\t","protected":false},"excerpt":{"rendered":"<p>Pompes pour l&rsquo;industrie du poisson L&rsquo;aquaculture ou la pisciculture est une industrie dans laquelle les poissons, les crustac\u00e9s et les mollusques sont \u00e9lev\u00e9s et r\u00e9colt\u00e9s. Cela peut se faire sur terre dans un enclos artificiel, dans les rivi\u00e8res, les lacs et la mer. La pisciculture n\u00e9cessite toujours une nouvelle quantit\u00e9 d&rsquo;eau pour \u00e9viter qu&rsquo;elle ne [&hellip;]<\/p>\n","protected":false},"author":1,"featured_media":8375,"parent":0,"menu_order":0,"comment_status":"closed","ping_status":"closed","template":"","meta":{"footnotes":"","_wp_rev_ctl_limit":""},"class_list":["post-23308","page","type-page","status-publish","has-post-thumbnail","hentry"],"yoast_head":"<!-- This site is optimized with the Yoast SEO plugin v26.8 - https:\/\/yoast.com\/product\/yoast-seo-wordpress\/ -->\n<title>Pompes pneumatiques pour l&#039;industrie de la p\u00eache<\/title>\n<meta name=\"description\" content=\"L&#039;aquaculture ou la pisciculture n\u00e9cessite toujours une nouvelle quantit\u00e9 d&#039;eau pour \u00e9viter qu&#039;elle ne stagne, ce qui fait appel \u00e0 des pompes de circulation d&#039;eau. Les pompes FLUIMAC\u00ae sont disponibles dans une gamme de performances qui d\u00e9pendent de la taille de l&#039;\u00e9levage.\" \/>\n<meta name=\"robots\" content=\"index, follow, max-snippet:-1, max-image-preview:large, max-video-preview:-1\" \/>\n<link rel=\"canonical\" href=\"https:\/\/www.fluimac.com\/fr\/pompes-pour-lindustrie-du-poisson\/\" \/>\n<meta property=\"og:locale\" content=\"fr_FR\" \/>\n<meta property=\"og:type\" content=\"article\" \/>\n<meta property=\"og:title\" content=\"Pompes pneumatiques pour l&#039;industrie de la p\u00eache\" \/>\n<meta property=\"og:description\" content=\"L&#039;aquaculture ou la pisciculture n\u00e9cessite toujours une nouvelle quantit\u00e9 d&#039;eau pour \u00e9viter qu&#039;elle ne stagne, ce qui fait appel \u00e0 des pompes de circulation d&#039;eau. Les pompes FLUIMAC\u00ae sont disponibles dans une gamme de performances qui d\u00e9pendent de la taille de l&#039;\u00e9levage.\" \/>\n<meta property=\"og:url\" content=\"https:\/\/www.fluimac.com\/fr\/pompes-pour-lindustrie-du-poisson\/\" \/>\n<meta property=\"og:site_name\" content=\"Fluimac\" \/>\n<meta property=\"article:modified_time\" content=\"2025-06-18T10:52:41+00:00\" \/>\n<meta property=\"og:image\" content=\"https:\/\/www.fluimac.com\/wp-content\/uploads\/2024\/04\/1.webp\" \/>\n\t<meta property=\"og:image:width\" content=\"800\" \/>\n\t<meta property=\"og:image:height\" content=\"600\" \/>\n\t<meta property=\"og:image:type\" content=\"image\/webp\" \/>\n<meta name=\"twitter:card\" content=\"summary_large_image\" \/>\n<script type=\"application\/ld+json\" class=\"yoast-schema-graph\">{\"@context\":\"https:\/\/schema.org\",\"@graph\":[{\"@type\":\"WebPage\",\"@id\":\"https:\/\/www.fluimac.com\/fr\/pompes-pour-lindustrie-du-poisson\/\",\"url\":\"https:\/\/www.fluimac.com\/fr\/pompes-pour-lindustrie-du-poisson\/\",\"name\":\"Pompes pneumatiques pour l'industrie de la p\u00eache\",\"isPartOf\":{\"@id\":\"https:\/\/www.fluimac.com\/it\/#website\"},\"primaryImageOfPage\":{\"@id\":\"https:\/\/www.fluimac.com\/fr\/pompes-pour-lindustrie-du-poisson\/#primaryimage\"},\"image\":{\"@id\":\"https:\/\/www.fluimac.com\/fr\/pompes-pour-lindustrie-du-poisson\/#primaryimage\"},\"thumbnailUrl\":\"https:\/\/www.fluimac.com\/wp-content\/uploads\/2024\/04\/1.webp\",\"datePublished\":\"2024-06-27T09:53:29+00:00\",\"dateModified\":\"2025-06-18T10:52:41+00:00\",\"description\":\"L'aquaculture ou la pisciculture n\u00e9cessite toujours une nouvelle quantit\u00e9 d'eau pour \u00e9viter qu'elle ne stagne, ce qui fait appel \u00e0 des pompes de circulation d'eau. Les pompes FLUIMAC\u00ae sont disponibles dans une gamme de performances qui d\u00e9pendent de la taille de l'\u00e9levage.\",\"breadcrumb\":{\"@id\":\"https:\/\/www.fluimac.com\/fr\/pompes-pour-lindustrie-du-poisson\/#breadcrumb\"},\"inLanguage\":\"fr-FR\",\"potentialAction\":[{\"@type\":\"ReadAction\",\"target\":[\"https:\/\/www.fluimac.com\/fr\/pompes-pour-lindustrie-du-poisson\/\"]}]},{\"@type\":\"ImageObject\",\"inLanguage\":\"fr-FR\",\"@id\":\"https:\/\/www.fluimac.com\/fr\/pompes-pour-lindustrie-du-poisson\/#primaryimage\",\"url\":\"https:\/\/www.fluimac.com\/wp-content\/uploads\/2024\/04\/1.webp\",\"contentUrl\":\"https:\/\/www.fluimac.com\/wp-content\/uploads\/2024\/04\/1.webp\",\"width\":800,\"height\":600,\"caption\":\"Fluimac - Pumps we trust\"},{\"@type\":\"BreadcrumbList\",\"@id\":\"https:\/\/www.fluimac.com\/fr\/pompes-pour-lindustrie-du-poisson\/#breadcrumb\",\"itemListElement\":[{\"@type\":\"ListItem\",\"position\":1,\"name\":\"Home\",\"item\":\"https:\/\/www.fluimac.com\/fr\/\"},{\"@type\":\"ListItem\",\"position\":2,\"name\":\"Pompe Industria Ittica\"}]},{\"@type\":\"WebSite\",\"@id\":\"https:\/\/www.fluimac.com\/it\/#website\",\"url\":\"https:\/\/www.fluimac.com\/it\/\",\"name\":\"Fluimac\",\"description\":\"Pump we trust\",\"publisher\":{\"@id\":\"https:\/\/www.fluimac.com\/it\/#organization\"},\"potentialAction\":[{\"@type\":\"SearchAction\",\"target\":{\"@type\":\"EntryPoint\",\"urlTemplate\":\"https:\/\/www.fluimac.com\/it\/?s={search_term_string}\"},\"query-input\":{\"@type\":\"PropertyValueSpecification\",\"valueRequired\":true,\"valueName\":\"search_term_string\"}}],\"inLanguage\":\"fr-FR\"},{\"@type\":\"Organization\",\"@id\":\"https:\/\/www.fluimac.com\/it\/#organization\",\"name\":\"Fluimac\",\"url\":\"https:\/\/www.fluimac.com\/it\/\",\"logo\":{\"@type\":\"ImageObject\",\"inLanguage\":\"fr-FR\",\"@id\":\"https:\/\/www.fluimac.com\/it\/#\/schema\/logo\/image\/\",\"url\":\"https:\/\/www.fluimac.com\/wp-content\/uploads\/2021\/04\/fluimac-logo-1.jpg\",\"contentUrl\":\"https:\/\/www.fluimac.com\/wp-content\/uploads\/2021\/04\/fluimac-logo-1.jpg\",\"width\":500,\"height\":132,\"caption\":\"Fluimac\"},\"image\":{\"@id\":\"https:\/\/www.fluimac.com\/it\/#\/schema\/logo\/image\/\"}}]}<\/script>\n<!-- \/ Yoast SEO plugin. -->","yoast_head_json":{"title":"Pompes pneumatiques pour l'industrie de la p\u00eache","description":"L'aquaculture ou la pisciculture n\u00e9cessite toujours une nouvelle quantit\u00e9 d'eau pour \u00e9viter qu'elle ne stagne, ce qui fait appel \u00e0 des pompes de circulation d'eau. Les pompes FLUIMAC\u00ae sont disponibles dans une gamme de performances qui d\u00e9pendent de la taille de l'\u00e9levage.","robots":{"index":"index","follow":"follow","max-snippet":"max-snippet:-1","max-image-preview":"max-image-preview:large","max-video-preview":"max-video-preview:-1"},"canonical":"https:\/\/www.fluimac.com\/fr\/pompes-pour-lindustrie-du-poisson\/","og_locale":"fr_FR","og_type":"article","og_title":"Pompes pneumatiques pour l'industrie de la p\u00eache","og_description":"L'aquaculture ou la pisciculture n\u00e9cessite toujours une nouvelle quantit\u00e9 d'eau pour \u00e9viter qu'elle ne stagne, ce qui fait appel \u00e0 des pompes de circulation d'eau. Les pompes FLUIMAC\u00ae sont disponibles dans une gamme de performances qui d\u00e9pendent de la taille de l'\u00e9levage.","og_url":"https:\/\/www.fluimac.com\/fr\/pompes-pour-lindustrie-du-poisson\/","og_site_name":"Fluimac","article_modified_time":"2025-06-18T10:52:41+00:00","og_image":[{"width":800,"height":600,"url":"https:\/\/www.fluimac.com\/wp-content\/uploads\/2024\/04\/1.webp","type":"image\/webp"}],"twitter_card":"summary_large_image","schema":{"@context":"https:\/\/schema.org","@graph":[{"@type":"WebPage","@id":"https:\/\/www.fluimac.com\/fr\/pompes-pour-lindustrie-du-poisson\/","url":"https:\/\/www.fluimac.com\/fr\/pompes-pour-lindustrie-du-poisson\/","name":"Pompes pneumatiques pour l'industrie de la p\u00eache","isPartOf":{"@id":"https:\/\/www.fluimac.com\/it\/#website"},"primaryImageOfPage":{"@id":"https:\/\/www.fluimac.com\/fr\/pompes-pour-lindustrie-du-poisson\/#primaryimage"},"image":{"@id":"https:\/\/www.fluimac.com\/fr\/pompes-pour-lindustrie-du-poisson\/#primaryimage"},"thumbnailUrl":"https:\/\/www.fluimac.com\/wp-content\/uploads\/2024\/04\/1.webp","datePublished":"2024-06-27T09:53:29+00:00","dateModified":"2025-06-18T10:52:41+00:00","description":"L'aquaculture ou la pisciculture n\u00e9cessite toujours une nouvelle quantit\u00e9 d'eau pour \u00e9viter qu'elle ne stagne, ce qui fait appel \u00e0 des pompes de circulation d'eau. Les pompes FLUIMAC\u00ae sont disponibles dans une gamme de performances qui d\u00e9pendent de la taille de l'\u00e9levage.","breadcrumb":{"@id":"https:\/\/www.fluimac.com\/fr\/pompes-pour-lindustrie-du-poisson\/#breadcrumb"},"inLanguage":"fr-FR","potentialAction":[{"@type":"ReadAction","target":["https:\/\/www.fluimac.com\/fr\/pompes-pour-lindustrie-du-poisson\/"]}]},{"@type":"ImageObject","inLanguage":"fr-FR","@id":"https:\/\/www.fluimac.com\/fr\/pompes-pour-lindustrie-du-poisson\/#primaryimage","url":"https:\/\/www.fluimac.com\/wp-content\/uploads\/2024\/04\/1.webp","contentUrl":"https:\/\/www.fluimac.com\/wp-content\/uploads\/2024\/04\/1.webp","width":800,"height":600,"caption":"Fluimac - Pumps we trust"},{"@type":"BreadcrumbList","@id":"https:\/\/www.fluimac.com\/fr\/pompes-pour-lindustrie-du-poisson\/#breadcrumb","itemListElement":[{"@type":"ListItem","position":1,"name":"Home","item":"https:\/\/www.fluimac.com\/fr\/"},{"@type":"ListItem","position":2,"name":"Pompe Industria Ittica"}]},{"@type":"WebSite","@id":"https:\/\/www.fluimac.com\/it\/#website","url":"https:\/\/www.fluimac.com\/it\/","name":"Fluimac","description":"Pump we trust","publisher":{"@id":"https:\/\/www.fluimac.com\/it\/#organization"},"potentialAction":[{"@type":"SearchAction","target":{"@type":"EntryPoint","urlTemplate":"https:\/\/www.fluimac.com\/it\/?s={search_term_string}"},"query-input":{"@type":"PropertyValueSpecification","valueRequired":true,"valueName":"search_term_string"}}],"inLanguage":"fr-FR"},{"@type":"Organization","@id":"https:\/\/www.fluimac.com\/it\/#organization","name":"Fluimac","url":"https:\/\/www.fluimac.com\/it\/","logo":{"@type":"ImageObject","inLanguage":"fr-FR","@id":"https:\/\/www.fluimac.com\/it\/#\/schema\/logo\/image\/","url":"https:\/\/www.fluimac.com\/wp-content\/uploads\/2021\/04\/fluimac-logo-1.jpg","contentUrl":"https:\/\/www.fluimac.com\/wp-content\/uploads\/2021\/04\/fluimac-logo-1.jpg","width":500,"height":132,"caption":"Fluimac"},"image":{"@id":"https:\/\/www.fluimac.com\/it\/#\/schema\/logo\/image\/"}}]}},"_links":{"self":[{"href":"https:\/\/www.fluimac.com\/fr\/wp-json\/wp\/v2\/pages\/23308","targetHints":{"allow":["GET"]}}],"collection":[{"href":"https:\/\/www.fluimac.com\/fr\/wp-json\/wp\/v2\/pages"}],"about":[{"href":"https:\/\/www.fluimac.com\/fr\/wp-json\/wp\/v2\/types\/page"}],"author":[{"embeddable":true,"href":"https:\/\/www.fluimac.com\/fr\/wp-json\/wp\/v2\/users\/1"}],"replies":[{"embeddable":true,"href":"https:\/\/www.fluimac.com\/fr\/wp-json\/wp\/v2\/comments?post=23308"}],"version-history":[{"count":4,"href":"https:\/\/www.fluimac.com\/fr\/wp-json\/wp\/v2\/pages\/23308\/revisions"}],"predecessor-version":[{"id":23314,"href":"https:\/\/www.fluimac.com\/fr\/wp-json\/wp\/v2\/pages\/23308\/revisions\/23314"}],"wp:featuredmedia":[{"embeddable":true,"href":"https:\/\/www.fluimac.com\/fr\/wp-json\/wp\/v2\/media\/8375"}],"wp:attachment":[{"href":"https:\/\/www.fluimac.com\/fr\/wp-json\/wp\/v2\/media?parent=23308"}],"curies":[{"name":"wp","href":"https:\/\/api.w.org\/{rel}","templated":true}]}}