{"id":23191,"date":"2024-06-27T12:07:32","date_gmt":"2024-06-27T10:07:32","guid":{"rendered":"https:\/\/www.fluimac.com\/pompe-autolavaggio\/"},"modified":"2025-06-12T08:46:29","modified_gmt":"2025-06-12T06:46:29","slug":"pompes-a-air-pour-les-stations-de-lavage","status":"publish","type":"page","link":"https:\/\/www.fluimac.com\/fr\/pompes-a-air-pour-les-stations-de-lavage\/","title":{"rendered":"Pompes \u00e0 air pour les stations de lavage"},"content":{"rendered":"\t\t<div data-elementor-type=\"wp-page\" data-elementor-id=\"23191\" class=\"elementor elementor-23191 elementor-7221\" data-elementor-post-type=\"page\">\n\t\t\t\t\t\t<section class=\"elementor-section elementor-top-section elementor-element elementor-element-70952e8 elementor-section-full_width elementor-section-height-default elementor-section-height-default\" data-id=\"70952e8\" data-element_type=\"section\">\n\t\t\t\t\t\t<div class=\"elementor-container elementor-column-gap-default\">\n\t\t\t\t\t<div class=\"elementor-column elementor-col-50 elementor-top-column elementor-element elementor-element-950c84c\" data-id=\"950c84c\" data-element_type=\"column\">\n\t\t\t<div class=\"elementor-widget-wrap elementor-element-populated\">\n\t\t\t\t\t\t<div class=\"elementor-element elementor-element-e1b851c elementor-widget elementor-widget-image\" data-id=\"e1b851c\" data-element_type=\"widget\" data-widget_type=\"image.default\">\n\t\t\t\t<div class=\"elementor-widget-container\">\n\t\t\t\t\t\t\t\t\t\t\t\t\t\t\t<img fetchpriority=\"high\" decoding=\"async\" width=\"251\" height=\"251\" src=\"https:\/\/www.fluimac.com\/wp-content\/uploads\/2024\/04\/autolavaggio-blu.webp\" class=\"attachment-large size-large wp-image-8516\" alt=\"Pompe Autolavaggio\" \/>\t\t\t\t\t\t\t\t\t\t\t\t\t\t\t<\/div>\n\t\t\t\t<\/div>\n\t\t\t\t<div class=\"elementor-element elementor-element-98f4d09 elementor-widget elementor-widget-heading\" data-id=\"98f4d09\" data-element_type=\"widget\" data-widget_type=\"heading.default\">\n\t\t\t\t<div class=\"elementor-widget-container\">\n\t\t\t\t\t<h1 class=\"elementor-heading-title elementor-size-default\">Pompes de lavage<\/h1>\t\t\t\t<\/div>\n\t\t\t\t<\/div>\n\t\t\t\t<div class=\"elementor-element elementor-element-43d1848 elementor-widget elementor-widget-text-editor\" data-id=\"43d1848\" data-element_type=\"widget\" data-widget_type=\"text-editor.default\">\n\t\t\t\t<div class=\"elementor-widget-container\">\n\t\t\t\t\t\t\t\t\t<p>Dans le secteur des stations de lavage, l&rsquo;expertise de FLUIMAC\u00ae lui permet de proposer une gamme de produits bien adapt\u00e9s \u00e0 un environnement qui exige une grande fiabilit\u00e9 et une grande robustesse, en raison des \u00ab stress \u00bb m\u00e9caniques r\u00e9p\u00e9t\u00e9s auxquels sont soumis les \u00e9quipements. Les produits FLUIMAC\u00ae sont capables de r\u00e9pondre aux diff\u00e9rentes situations et exigences d&rsquo;application, en garantissant une efficacit\u00e9 maximale en dosant avec pr\u00e9cision les quantit\u00e9s optimales de produits \u00e0 utiliser.<\/p>\t\t\t\t\t\t\t\t<\/div>\n\t\t\t\t<\/div>\n\t\t\t\t\t<\/div>\n\t\t<\/div>\n\t\t\t\t<div class=\"elementor-column elementor-col-50 elementor-top-column elementor-element elementor-element-f857a04 elementor-hidden-tablet\" data-id=\"f857a04\" data-element_type=\"column\">\n\t\t\t<div class=\"elementor-widget-wrap elementor-element-populated\">\n\t\t\t\t\t\t<div class=\"elementor-element elementor-element-10cacfb elementor-arrows-position-inside elementor-widget elementor-widget-image-carousel\" data-id=\"10cacfb\" data-element_type=\"widget\" data-settings=\"{&quot;slides_to_show&quot;:&quot;1&quot;,&quot;navigation&quot;:&quot;arrows&quot;,&quot;autoplay&quot;:&quot;yes&quot;,&quot;pause_on_hover&quot;:&quot;yes&quot;,&quot;pause_on_interaction&quot;:&quot;yes&quot;,&quot;autoplay_speed&quot;:5000,&quot;infinite&quot;:&quot;yes&quot;,&quot;effect&quot;:&quot;slide&quot;,&quot;speed&quot;:500}\" data-widget_type=\"image-carousel.default\">\n\t\t\t\t<div class=\"elementor-widget-container\">\n\t\t\t\t\t\t\t<div class=\"elementor-image-carousel-wrapper swiper\" role=\"region\" aria-roledescription=\"carousel\" aria-label=\"Carosello d&#039;immagini\" dir=\"ltr\">\n\t\t\t<div class=\"elementor-image-carousel swiper-wrapper\" aria-live=\"off\">\n\t\t\t\t\t\t\t\t<div class=\"swiper-slide\" role=\"group\" aria-roledescription=\"slide\" aria-label=\"1 sur 1\"><figure class=\"swiper-slide-inner\"><img decoding=\"async\" class=\"swiper-slide-image\" src=\"https:\/\/www.fluimac.com\/wp-content\/uploads\/2024\/06\/autolavaggi.webp\" alt=\"Pompe Autolavaggio Fluimac - Pumps we trust\" \/><\/figure><\/div>\t\t\t<\/div>\n\t\t\t\t\t<\/div>\n\t\t\t\t\t\t<\/div>\n\t\t\t\t<\/div>\n\t\t\t\t\t<\/div>\n\t\t<\/div>\n\t\t\t\t\t<\/div>\n\t\t<\/section>\n\t\t\t\t<section class=\"elementor-section elementor-top-section elementor-element elementor-element-b933173 elementor-section-boxed elementor-section-height-default elementor-section-height-default\" data-id=\"b933173\" data-element_type=\"section\" data-settings=\"{&quot;background_background&quot;:&quot;classic&quot;}\">\n\t\t\t\t\t\t\t<div class=\"elementor-background-overlay\"><\/div>\n\t\t\t\t\t\t\t<div class=\"elementor-container elementor-column-gap-default\">\n\t\t\t\t\t<div class=\"elementor-column elementor-col-100 elementor-top-column elementor-element elementor-element-4a6cdcb\" data-id=\"4a6cdcb\" data-element_type=\"column\">\n\t\t\t<div class=\"elementor-widget-wrap elementor-element-populated\">\n\t\t\t\t\t\t<div class=\"elementor-element elementor-element-6f43d70 elementor-widget elementor-widget-heading\" data-id=\"6f43d70\" data-element_type=\"widget\" data-widget_type=\"heading.default\">\n\t\t\t\t<div class=\"elementor-widget-container\">\n\t\t\t\t\t<h2 class=\"elementor-heading-title elementor-size-default\">Demande de consultation<\/h2>\t\t\t\t<\/div>\n\t\t\t\t<\/div>\n\t\t\t\t<div class=\"elementor-element elementor-element-c9577ac elementor-widget-divider--view-line elementor-widget elementor-widget-divider\" data-id=\"c9577ac\" data-element_type=\"widget\" data-widget_type=\"divider.default\">\n\t\t\t\t<div class=\"elementor-widget-container\">\n\t\t\t\t\t\t\t<div class=\"elementor-divider\">\n\t\t\t<span class=\"elementor-divider-separator\">\n\t\t\t\t\t\t<\/span>\n\t\t<\/div>\n\t\t\t\t\t\t<\/div>\n\t\t\t\t<\/div>\n\t\t\t\t<div class=\"elementor-element elementor-element-da90de7 elementor-widget elementor-widget-global elementor-global-22977 elementor-widget-html\" data-id=\"da90de7\" data-element_type=\"widget\" data-widget_type=\"html.default\">\n\t\t\t\t<div class=\"elementor-widget-container\">\n\t\t\t\t\t<script charset=\"utf-8\" type=\"text\/javascript\" src=\"\/\/js-eu1.hsforms.net\/forms\/embed\/v2.js\"><\/script>\n<script>\n  hbspt.forms.create({\n    portalId: \"144007426\",\n    formId: \"a9709f51-73e0-4042-b980-ae3e1c9862f4\",\n    region: \"eu1\"\n  });\n<\/script>\t\t\t\t<\/div>\n\t\t\t\t<\/div>\n\t\t\t\t\t<\/div>\n\t\t<\/div>\n\t\t\t\t\t<\/div>\n\t\t<\/section>\n\t\t\t\t<section class=\"elementor-section elementor-top-section elementor-element elementor-element-0ba6fea elementor-section-boxed elementor-section-height-default elementor-section-height-default\" data-id=\"0ba6fea\" data-element_type=\"section\">\n\t\t\t\t\t\t<div class=\"elementor-container elementor-column-gap-default\">\n\t\t\t\t\t<div class=\"elementor-column elementor-col-100 elementor-top-column elementor-element elementor-element-175e651\" data-id=\"175e651\" data-element_type=\"column\">\n\t\t\t<div class=\"elementor-widget-wrap elementor-element-populated\">\n\t\t\t\t\t\t<div class=\"elementor-element elementor-element-b7d74dc elementor-widget elementor-widget-heading\" data-id=\"b7d74dc\" data-element_type=\"widget\" data-widget_type=\"heading.default\">\n\t\t\t\t<div class=\"elementor-widget-container\">\n\t\t\t\t\t<h2 class=\"elementor-heading-title elementor-size-default\">Les meilleures solutions, certifi\u00e9es<\/h2>\t\t\t\t<\/div>\n\t\t\t\t<\/div>\n\t\t\t\t<div class=\"elementor-element elementor-element-03f2a6f elementor-widget-divider--view-line elementor-widget elementor-widget-divider\" data-id=\"03f2a6f\" data-element_type=\"widget\" data-widget_type=\"divider.default\">\n\t\t\t\t<div class=\"elementor-widget-container\">\n\t\t\t\t\t\t\t<div class=\"elementor-divider\">\n\t\t\t<span class=\"elementor-divider-separator\">\n\t\t\t\t\t\t<\/span>\n\t\t<\/div>\n\t\t\t\t\t\t<\/div>\n\t\t\t\t<\/div>\n\t\t\t\t<section class=\"elementor-section elementor-inner-section elementor-element elementor-element-2e3e0ed elementor-section-full_width elementor-section-height-default elementor-section-height-default\" data-id=\"2e3e0ed\" data-element_type=\"section\">\n\t\t\t\t\t\t<div class=\"elementor-container elementor-column-gap-default\">\n\t\t\t\t\t<div class=\"elementor-column elementor-col-14 elementor-inner-column elementor-element elementor-element-90e4e6a\" data-id=\"90e4e6a\" data-element_type=\"column\">\n\t\t\t<div class=\"elementor-widget-wrap elementor-element-populated\">\n\t\t\t\t\t\t<div class=\"elementor-element elementor-element-b524754 elementor-widget elementor-widget-image\" data-id=\"b524754\" data-element_type=\"widget\" data-widget_type=\"image.default\">\n\t\t\t\t<div class=\"elementor-widget-container\">\n\t\t\t\t\t\t\t\t\t\t\t\t\t\t\t<img decoding=\"async\" width=\"425\" height=\"425\" src=\"https:\/\/www.fluimac.com\/wp-content\/uploads\/2024\/04\/certificazione_01.webp\" class=\"attachment-large size-large wp-image-8378\" alt=\"\" \/>\t\t\t\t\t\t\t\t\t\t\t\t\t\t\t<\/div>\n\t\t\t\t<\/div>\n\t\t\t\t\t<\/div>\n\t\t<\/div>\n\t\t\t\t<div class=\"elementor-column elementor-col-14 elementor-inner-column elementor-element elementor-element-55e379c\" data-id=\"55e379c\" data-element_type=\"column\">\n\t\t\t<div class=\"elementor-widget-wrap elementor-element-populated\">\n\t\t\t\t\t\t<div class=\"elementor-element elementor-element-2a02b6c elementor-widget elementor-widget-image\" data-id=\"2a02b6c\" data-element_type=\"widget\" data-widget_type=\"image.default\">\n\t\t\t\t<div class=\"elementor-widget-container\">\n\t\t\t\t\t\t\t\t\t\t\t\t\t\t\t<img decoding=\"async\" width=\"425\" height=\"425\" src=\"https:\/\/www.fluimac.com\/wp-content\/uploads\/2024\/04\/certificazione_02.webp\" class=\"attachment-large size-large wp-image-8381\" alt=\"\" \/>\t\t\t\t\t\t\t\t\t\t\t\t\t\t\t<\/div>\n\t\t\t\t<\/div>\n\t\t\t\t\t<\/div>\n\t\t<\/div>\n\t\t\t\t<div class=\"elementor-column elementor-col-14 elementor-inner-column elementor-element elementor-element-7dd999d\" data-id=\"7dd999d\" data-element_type=\"column\">\n\t\t\t<div class=\"elementor-widget-wrap elementor-element-populated\">\n\t\t\t\t\t\t<div class=\"elementor-element elementor-element-d90c354 elementor-widget elementor-widget-image\" data-id=\"d90c354\" data-element_type=\"widget\" data-widget_type=\"image.default\">\n\t\t\t\t<div class=\"elementor-widget-container\">\n\t\t\t\t\t\t\t\t\t\t\t\t\t\t\t<img loading=\"lazy\" decoding=\"async\" width=\"425\" height=\"425\" src=\"https:\/\/www.fluimac.com\/wp-content\/uploads\/2024\/04\/certificazione_03.webp\" class=\"attachment-large size-large wp-image-8384\" alt=\"\" \/>\t\t\t\t\t\t\t\t\t\t\t\t\t\t\t<\/div>\n\t\t\t\t<\/div>\n\t\t\t\t\t<\/div>\n\t\t<\/div>\n\t\t\t\t<div class=\"elementor-column elementor-col-14 elementor-inner-column elementor-element elementor-element-a45ad63\" data-id=\"a45ad63\" data-element_type=\"column\">\n\t\t\t<div class=\"elementor-widget-wrap elementor-element-populated\">\n\t\t\t\t\t\t<div class=\"elementor-element elementor-element-31e7b35 elementor-widget elementor-widget-image\" data-id=\"31e7b35\" data-element_type=\"widget\" data-widget_type=\"image.default\">\n\t\t\t\t<div class=\"elementor-widget-container\">\n\t\t\t\t\t\t\t\t\t\t\t\t\t\t\t<img loading=\"lazy\" decoding=\"async\" width=\"425\" height=\"425\" src=\"https:\/\/www.fluimac.com\/wp-content\/uploads\/2024\/04\/certificazione_04.webp\" class=\"attachment-large size-large wp-image-8387\" alt=\"\" \/>\t\t\t\t\t\t\t\t\t\t\t\t\t\t\t<\/div>\n\t\t\t\t<\/div>\n\t\t\t\t\t<\/div>\n\t\t<\/div>\n\t\t\t\t<div class=\"elementor-column elementor-col-14 elementor-inner-column elementor-element elementor-element-52169ee\" data-id=\"52169ee\" data-element_type=\"column\">\n\t\t\t<div class=\"elementor-widget-wrap elementor-element-populated\">\n\t\t\t\t\t\t<div class=\"elementor-element elementor-element-5132e75 elementor-widget elementor-widget-image\" data-id=\"5132e75\" data-element_type=\"widget\" data-widget_type=\"image.default\">\n\t\t\t\t<div class=\"elementor-widget-container\">\n\t\t\t\t\t\t\t\t\t\t\t\t\t\t\t<img loading=\"lazy\" decoding=\"async\" width=\"425\" height=\"425\" src=\"https:\/\/www.fluimac.com\/wp-content\/uploads\/2024\/04\/certificazione_05.webp\" class=\"attachment-large size-large wp-image-8390\" alt=\"\" \/>\t\t\t\t\t\t\t\t\t\t\t\t\t\t\t<\/div>\n\t\t\t\t<\/div>\n\t\t\t\t\t<\/div>\n\t\t<\/div>\n\t\t\t\t<div class=\"elementor-column elementor-col-14 elementor-inner-column elementor-element elementor-element-88e36d3\" data-id=\"88e36d3\" data-element_type=\"column\">\n\t\t\t<div class=\"elementor-widget-wrap elementor-element-populated\">\n\t\t\t\t\t\t<div class=\"elementor-element elementor-element-7c9e07c elementor-widget elementor-widget-image\" data-id=\"7c9e07c\" data-element_type=\"widget\" data-widget_type=\"image.default\">\n\t\t\t\t<div class=\"elementor-widget-container\">\n\t\t\t\t\t\t\t\t\t\t\t\t\t\t\t<img loading=\"lazy\" decoding=\"async\" width=\"425\" height=\"425\" src=\"https:\/\/www.fluimac.com\/wp-content\/uploads\/2024\/04\/certificazione_FDA-COMPLIANT.webp\" class=\"attachment-large size-large wp-image-8393\" alt=\"\" \/>\t\t\t\t\t\t\t\t\t\t\t\t\t\t\t<\/div>\n\t\t\t\t<\/div>\n\t\t\t\t\t<\/div>\n\t\t<\/div>\n\t\t\t\t<div class=\"elementor-column elementor-col-14 elementor-inner-column elementor-element elementor-element-5e27ee7\" data-id=\"5e27ee7\" data-element_type=\"column\">\n\t\t\t<div class=\"elementor-widget-wrap elementor-element-populated\">\n\t\t\t\t\t\t<div class=\"elementor-element elementor-element-fba034b elementor-widget elementor-widget-image\" data-id=\"fba034b\" data-element_type=\"widget\" data-widget_type=\"image.default\">\n\t\t\t\t<div class=\"elementor-widget-container\">\n\t\t\t\t\t\t\t\t\t\t\t\t\t\t\t<img loading=\"lazy\" decoding=\"async\" width=\"425\" height=\"425\" src=\"https:\/\/www.fluimac.com\/wp-content\/uploads\/2024\/04\/certificazione_07.webp\" class=\"attachment-large size-large wp-image-8396\" alt=\"\" \/>\t\t\t\t\t\t\t\t\t\t\t\t\t\t\t<\/div>\n\t\t\t\t<\/div>\n\t\t\t\t\t<\/div>\n\t\t<\/div>\n\t\t\t\t\t<\/div>\n\t\t<\/section>\n\t\t\t\t\t<\/div>\n\t\t<\/div>\n\t\t\t\t\t<\/div>\n\t\t<\/section>\n\t\t\t\t<\/div>\n\t\t","protected":false},"excerpt":{"rendered":"<p>Pompes de lavage Dans le secteur des stations de lavage, l&rsquo;expertise de FLUIMAC\u00ae lui permet de proposer une gamme de produits bien adapt\u00e9s \u00e0 un environnement qui exige une grande fiabilit\u00e9 et une grande robustesse, en raison des \u00ab stress \u00bb m\u00e9caniques r\u00e9p\u00e9t\u00e9s auxquels sont soumis les \u00e9quipements. Les produits FLUIMAC\u00ae sont capables de r\u00e9pondre [&hellip;]<\/p>\n","protected":false},"author":1,"featured_media":8375,"parent":0,"menu_order":0,"comment_status":"closed","ping_status":"closed","template":"","meta":{"footnotes":"","_wp_rev_ctl_limit":""},"class_list":["post-23191","page","type-page","status-publish","has-post-thumbnail","hentry"],"yoast_head":"<!-- This site is optimized with the Yoast SEO plugin v26.8 - https:\/\/yoast.com\/product\/yoast-seo-wordpress\/ -->\n<title>Pompes \u00e0 air pour les stations de lavage<\/title>\n<meta name=\"description\" content=\"Dans le secteur des stations de lavage, l&#039;expertise de FLUIMAC\u00ae lui permet de proposer une gamme de produits bien adapt\u00e9s \u00e0 un environnement qui exige une grande fiabilit\u00e9 et une grande robustesse, en raison des \u00ab stress \u00bb m\u00e9caniques r\u00e9p\u00e9t\u00e9s auxquels sont soumis les \u00e9quipements.\" \/>\n<meta name=\"robots\" content=\"index, follow, max-snippet:-1, max-image-preview:large, max-video-preview:-1\" \/>\n<link rel=\"canonical\" href=\"https:\/\/www.fluimac.com\/fr\/pompes-a-air-pour-les-stations-de-lavage\/\" \/>\n<meta property=\"og:locale\" content=\"fr_FR\" \/>\n<meta property=\"og:type\" content=\"article\" \/>\n<meta property=\"og:title\" content=\"Pompes \u00e0 air pour les stations de lavage\" \/>\n<meta property=\"og:description\" content=\"Dans le secteur des stations de lavage, l&#039;expertise de FLUIMAC\u00ae lui permet de proposer une gamme de produits bien adapt\u00e9s \u00e0 un environnement qui exige une grande fiabilit\u00e9 et une grande robustesse, en raison des \u00ab stress \u00bb m\u00e9caniques r\u00e9p\u00e9t\u00e9s auxquels sont soumis les \u00e9quipements.\" \/>\n<meta property=\"og:url\" content=\"https:\/\/www.fluimac.com\/fr\/pompes-a-air-pour-les-stations-de-lavage\/\" \/>\n<meta property=\"og:site_name\" content=\"Fluimac\" \/>\n<meta property=\"article:modified_time\" content=\"2025-06-12T06:46:29+00:00\" \/>\n<meta property=\"og:image\" content=\"https:\/\/www.fluimac.com\/wp-content\/uploads\/2024\/04\/1.webp\" \/>\n\t<meta property=\"og:image:width\" content=\"800\" \/>\n\t<meta property=\"og:image:height\" content=\"600\" \/>\n\t<meta property=\"og:image:type\" content=\"image\/webp\" \/>\n<meta name=\"twitter:card\" content=\"summary_large_image\" \/>\n<script type=\"application\/ld+json\" class=\"yoast-schema-graph\">{\"@context\":\"https:\/\/schema.org\",\"@graph\":[{\"@type\":\"WebPage\",\"@id\":\"https:\/\/www.fluimac.com\/fr\/pompes-a-air-pour-les-stations-de-lavage\/\",\"url\":\"https:\/\/www.fluimac.com\/fr\/pompes-a-air-pour-les-stations-de-lavage\/\",\"name\":\"Pompes \u00e0 air pour les stations de lavage\",\"isPartOf\":{\"@id\":\"https:\/\/www.fluimac.com\/it\/#website\"},\"primaryImageOfPage\":{\"@id\":\"https:\/\/www.fluimac.com\/fr\/pompes-a-air-pour-les-stations-de-lavage\/#primaryimage\"},\"image\":{\"@id\":\"https:\/\/www.fluimac.com\/fr\/pompes-a-air-pour-les-stations-de-lavage\/#primaryimage\"},\"thumbnailUrl\":\"https:\/\/www.fluimac.com\/wp-content\/uploads\/2024\/04\/1.webp\",\"datePublished\":\"2024-06-27T10:07:32+00:00\",\"dateModified\":\"2025-06-12T06:46:29+00:00\",\"description\":\"Dans le secteur des stations de lavage, l'expertise de FLUIMAC\u00ae lui permet de proposer une gamme de produits bien adapt\u00e9s \u00e0 un environnement qui exige une grande fiabilit\u00e9 et une grande robustesse, en raison des \u00ab stress \u00bb m\u00e9caniques r\u00e9p\u00e9t\u00e9s auxquels sont soumis les \u00e9quipements.\",\"breadcrumb\":{\"@id\":\"https:\/\/www.fluimac.com\/fr\/pompes-a-air-pour-les-stations-de-lavage\/#breadcrumb\"},\"inLanguage\":\"fr-FR\",\"potentialAction\":[{\"@type\":\"ReadAction\",\"target\":[\"https:\/\/www.fluimac.com\/fr\/pompes-a-air-pour-les-stations-de-lavage\/\"]}]},{\"@type\":\"ImageObject\",\"inLanguage\":\"fr-FR\",\"@id\":\"https:\/\/www.fluimac.com\/fr\/pompes-a-air-pour-les-stations-de-lavage\/#primaryimage\",\"url\":\"https:\/\/www.fluimac.com\/wp-content\/uploads\/2024\/04\/1.webp\",\"contentUrl\":\"https:\/\/www.fluimac.com\/wp-content\/uploads\/2024\/04\/1.webp\",\"width\":800,\"height\":600,\"caption\":\"Fluimac - Pumps we trust\"},{\"@type\":\"BreadcrumbList\",\"@id\":\"https:\/\/www.fluimac.com\/fr\/pompes-a-air-pour-les-stations-de-lavage\/#breadcrumb\",\"itemListElement\":[{\"@type\":\"ListItem\",\"position\":1,\"name\":\"Home\",\"item\":\"https:\/\/www.fluimac.com\/fr\/\"},{\"@type\":\"ListItem\",\"position\":2,\"name\":\"Pompes \u00e0 air pour les stations de lavage\"}]},{\"@type\":\"WebSite\",\"@id\":\"https:\/\/www.fluimac.com\/it\/#website\",\"url\":\"https:\/\/www.fluimac.com\/it\/\",\"name\":\"Fluimac\",\"description\":\"Pump we trust\",\"publisher\":{\"@id\":\"https:\/\/www.fluimac.com\/it\/#organization\"},\"potentialAction\":[{\"@type\":\"SearchAction\",\"target\":{\"@type\":\"EntryPoint\",\"urlTemplate\":\"https:\/\/www.fluimac.com\/it\/?s={search_term_string}\"},\"query-input\":{\"@type\":\"PropertyValueSpecification\",\"valueRequired\":true,\"valueName\":\"search_term_string\"}}],\"inLanguage\":\"fr-FR\"},{\"@type\":\"Organization\",\"@id\":\"https:\/\/www.fluimac.com\/it\/#organization\",\"name\":\"Fluimac\",\"url\":\"https:\/\/www.fluimac.com\/it\/\",\"logo\":{\"@type\":\"ImageObject\",\"inLanguage\":\"fr-FR\",\"@id\":\"https:\/\/www.fluimac.com\/it\/#\/schema\/logo\/image\/\",\"url\":\"https:\/\/www.fluimac.com\/wp-content\/uploads\/2021\/04\/fluimac-logo-1.jpg\",\"contentUrl\":\"https:\/\/www.fluimac.com\/wp-content\/uploads\/2021\/04\/fluimac-logo-1.jpg\",\"width\":500,\"height\":132,\"caption\":\"Fluimac\"},\"image\":{\"@id\":\"https:\/\/www.fluimac.com\/it\/#\/schema\/logo\/image\/\"}}]}<\/script>\n<!-- \/ Yoast SEO plugin. -->","yoast_head_json":{"title":"Pompes \u00e0 air pour les stations de lavage","description":"Dans le secteur des stations de lavage, l'expertise de FLUIMAC\u00ae lui permet de proposer une gamme de produits bien adapt\u00e9s \u00e0 un environnement qui exige une grande fiabilit\u00e9 et une grande robustesse, en raison des \u00ab stress \u00bb m\u00e9caniques r\u00e9p\u00e9t\u00e9s auxquels sont soumis les \u00e9quipements.","robots":{"index":"index","follow":"follow","max-snippet":"max-snippet:-1","max-image-preview":"max-image-preview:large","max-video-preview":"max-video-preview:-1"},"canonical":"https:\/\/www.fluimac.com\/fr\/pompes-a-air-pour-les-stations-de-lavage\/","og_locale":"fr_FR","og_type":"article","og_title":"Pompes \u00e0 air pour les stations de lavage","og_description":"Dans le secteur des stations de lavage, l'expertise de FLUIMAC\u00ae lui permet de proposer une gamme de produits bien adapt\u00e9s \u00e0 un environnement qui exige une grande fiabilit\u00e9 et une grande robustesse, en raison des \u00ab stress \u00bb m\u00e9caniques r\u00e9p\u00e9t\u00e9s auxquels sont soumis les \u00e9quipements.","og_url":"https:\/\/www.fluimac.com\/fr\/pompes-a-air-pour-les-stations-de-lavage\/","og_site_name":"Fluimac","article_modified_time":"2025-06-12T06:46:29+00:00","og_image":[{"width":800,"height":600,"url":"https:\/\/www.fluimac.com\/wp-content\/uploads\/2024\/04\/1.webp","type":"image\/webp"}],"twitter_card":"summary_large_image","schema":{"@context":"https:\/\/schema.org","@graph":[{"@type":"WebPage","@id":"https:\/\/www.fluimac.com\/fr\/pompes-a-air-pour-les-stations-de-lavage\/","url":"https:\/\/www.fluimac.com\/fr\/pompes-a-air-pour-les-stations-de-lavage\/","name":"Pompes \u00e0 air pour les stations de lavage","isPartOf":{"@id":"https:\/\/www.fluimac.com\/it\/#website"},"primaryImageOfPage":{"@id":"https:\/\/www.fluimac.com\/fr\/pompes-a-air-pour-les-stations-de-lavage\/#primaryimage"},"image":{"@id":"https:\/\/www.fluimac.com\/fr\/pompes-a-air-pour-les-stations-de-lavage\/#primaryimage"},"thumbnailUrl":"https:\/\/www.fluimac.com\/wp-content\/uploads\/2024\/04\/1.webp","datePublished":"2024-06-27T10:07:32+00:00","dateModified":"2025-06-12T06:46:29+00:00","description":"Dans le secteur des stations de lavage, l'expertise de FLUIMAC\u00ae lui permet de proposer une gamme de produits bien adapt\u00e9s \u00e0 un environnement qui exige une grande fiabilit\u00e9 et une grande robustesse, en raison des \u00ab stress \u00bb m\u00e9caniques r\u00e9p\u00e9t\u00e9s auxquels sont soumis les \u00e9quipements.","breadcrumb":{"@id":"https:\/\/www.fluimac.com\/fr\/pompes-a-air-pour-les-stations-de-lavage\/#breadcrumb"},"inLanguage":"fr-FR","potentialAction":[{"@type":"ReadAction","target":["https:\/\/www.fluimac.com\/fr\/pompes-a-air-pour-les-stations-de-lavage\/"]}]},{"@type":"ImageObject","inLanguage":"fr-FR","@id":"https:\/\/www.fluimac.com\/fr\/pompes-a-air-pour-les-stations-de-lavage\/#primaryimage","url":"https:\/\/www.fluimac.com\/wp-content\/uploads\/2024\/04\/1.webp","contentUrl":"https:\/\/www.fluimac.com\/wp-content\/uploads\/2024\/04\/1.webp","width":800,"height":600,"caption":"Fluimac - Pumps we trust"},{"@type":"BreadcrumbList","@id":"https:\/\/www.fluimac.com\/fr\/pompes-a-air-pour-les-stations-de-lavage\/#breadcrumb","itemListElement":[{"@type":"ListItem","position":1,"name":"Home","item":"https:\/\/www.fluimac.com\/fr\/"},{"@type":"ListItem","position":2,"name":"Pompes \u00e0 air pour les stations de lavage"}]},{"@type":"WebSite","@id":"https:\/\/www.fluimac.com\/it\/#website","url":"https:\/\/www.fluimac.com\/it\/","name":"Fluimac","description":"Pump we trust","publisher":{"@id":"https:\/\/www.fluimac.com\/it\/#organization"},"potentialAction":[{"@type":"SearchAction","target":{"@type":"EntryPoint","urlTemplate":"https:\/\/www.fluimac.com\/it\/?s={search_term_string}"},"query-input":{"@type":"PropertyValueSpecification","valueRequired":true,"valueName":"search_term_string"}}],"inLanguage":"fr-FR"},{"@type":"Organization","@id":"https:\/\/www.fluimac.com\/it\/#organization","name":"Fluimac","url":"https:\/\/www.fluimac.com\/it\/","logo":{"@type":"ImageObject","inLanguage":"fr-FR","@id":"https:\/\/www.fluimac.com\/it\/#\/schema\/logo\/image\/","url":"https:\/\/www.fluimac.com\/wp-content\/uploads\/2021\/04\/fluimac-logo-1.jpg","contentUrl":"https:\/\/www.fluimac.com\/wp-content\/uploads\/2021\/04\/fluimac-logo-1.jpg","width":500,"height":132,"caption":"Fluimac"},"image":{"@id":"https:\/\/www.fluimac.com\/it\/#\/schema\/logo\/image\/"}}]}},"_links":{"self":[{"href":"https:\/\/www.fluimac.com\/fr\/wp-json\/wp\/v2\/pages\/23191","targetHints":{"allow":["GET"]}}],"collection":[{"href":"https:\/\/www.fluimac.com\/fr\/wp-json\/wp\/v2\/pages"}],"about":[{"href":"https:\/\/www.fluimac.com\/fr\/wp-json\/wp\/v2\/types\/page"}],"author":[{"embeddable":true,"href":"https:\/\/www.fluimac.com\/fr\/wp-json\/wp\/v2\/users\/1"}],"replies":[{"embeddable":true,"href":"https:\/\/www.fluimac.com\/fr\/wp-json\/wp\/v2\/comments?post=23191"}],"version-history":[{"count":4,"href":"https:\/\/www.fluimac.com\/fr\/wp-json\/wp\/v2\/pages\/23191\/revisions"}],"predecessor-version":[{"id":23195,"href":"https:\/\/www.fluimac.com\/fr\/wp-json\/wp\/v2\/pages\/23191\/revisions\/23195"}],"wp:featuredmedia":[{"embeddable":true,"href":"https:\/\/www.fluimac.com\/fr\/wp-json\/wp\/v2\/media\/8375"}],"wp:attachment":[{"href":"https:\/\/www.fluimac.com\/fr\/wp-json\/wp\/v2\/media?parent=23191"}],"curies":[{"name":"wp","href":"https:\/\/api.w.org\/{rel}","templated":true}]}}