{"id":22966,"date":"2021-04-12T10:26:02","date_gmt":"2021-04-12T08:26:02","guid":{"rendered":"https:\/\/www.fluimac.com\/privacy-policy\/"},"modified":"2026-03-05T14:45:23","modified_gmt":"2026-03-05T13:45:23","slug":"privacy-policy","status":"publish","type":"page","link":"https:\/\/www.fluimac.com\/fr\/privacy-policy\/","title":{"rendered":"Privacy policy"},"content":{"rendered":"\t\t<div data-elementor-type=\"wp-page\" data-elementor-id=\"22966\" class=\"elementor elementor-22966 elementor-3\" data-elementor-post-type=\"page\">\n\t\t\t\t\t\t<section class=\"elementor-section elementor-top-section elementor-element elementor-element-b7c9ea5 elementor-section-full_width elementor-section-height-default elementor-section-height-default\" data-id=\"b7c9ea5\" data-element_type=\"section\">\n\t\t\t\t\t\t<div class=\"elementor-container elementor-column-gap-default\">\n\t\t\t\t\t<div class=\"elementor-column elementor-col-100 elementor-top-column elementor-element elementor-element-09d6a75\" data-id=\"09d6a75\" data-element_type=\"column\">\n\t\t\t<div class=\"elementor-widget-wrap elementor-element-populated\">\n\t\t\t\t\t\t<div class=\"elementor-element elementor-element-f937141 elementor-widget elementor-widget-heading\" data-id=\"f937141\" data-element_type=\"widget\" data-widget_type=\"heading.default\">\n\t\t\t\t<div class=\"elementor-widget-container\">\n\t\t\t\t\t<h1 class=\"elementor-heading-title elementor-size-default\">Politique de confidentialit\u00e9<\/h1>\t\t\t\t<\/div>\n\t\t\t\t<\/div>\n\t\t\t\t<div class=\"elementor-element elementor-element-5b47b31 elementor-widget elementor-widget-text-editor\" data-id=\"5b47b31\" data-element_type=\"widget\" data-widget_type=\"text-editor.default\">\n\t\t\t\t<div class=\"elementor-widget-container\">\n\t\t\t\t\t\t\t\t\t<p><strong>Notice<\/strong><b> d\u2019information \u00e0 l\u2019attention des personnes concern\u00e9es conform\u00e9ment et aux fins des articles 13 et 14 du R\u00e8glement europ\u00e9en UE 2016\/679<br>R\u00e9glementation relative \u00e0 la protection des personnes physiques \u00e0 l\u2019\u00e9gard du traitement des donn\u00e9es \u00e0 caract\u00e8re personnel<br>RGPD (R\u00e8glement g\u00e9n\u00e9ral sur la protection des donn\u00e9es &#8211; R\u00e8glement UE 679\/2016)<br>Code de la vie priv\u00e9e D\u00e9cret l\u00e9gislatif 196\/2003 (modifi\u00e9 par le D\u00e9cret l\u00e9gislatif 101\/2018).<\/b><\/p>\n<p>FLUIMAC SRL souhaite informer les personnes concern\u00e9es par le traitement que les donn\u00e9es \u00e0 caract\u00e8re personnel les concernant ou pouvant leur \u00eatre rattach\u00e9es sont trait\u00e9es par la Soci\u00e9t\u00e9 dans le plein respect de la r\u00e9glementation en vigueur en mati\u00e8re de traitement des donn\u00e9es et des obligations de confidentialit\u00e9 qui nous inspirent depuis toujours. Par \u00ab traitement de donn\u00e9es \u00e0 caract\u00e8re personnel \u00bb, on entend toute op\u00e9ration ou tout ensemble d\u2019op\u00e9rations, effectu\u00e9es ou non \u00e0 l\u2019aide de proc\u00e9d\u00e9s automatis\u00e9s, et appliqu\u00e9es \u00e0 des donn\u00e9es, telles que la collecte, l\u2019enregistrement, l\u2019organisation, la conservation, la consultation, l\u2019\u00e9laboration, la modification, la s\u00e9lection, l\u2019extraction, la comparaison, l\u2019utilisation, l\u2019interconnexion, le blocage, la communication, la diffusion, l\u2019effacement et la destruction, m\u00eame si ces donn\u00e9es ne sont pas enregistr\u00e9es dans une base de donn\u00e9es.<br><u>Conform\u00e9ment aux articles 13 et 14 du RGPD (R\u00e8glement UE 2016\/679), en ce qui concerne les donn\u00e9es \u00e0 caract\u00e8re personnel que nous traitons \u00e0 la suite de l\u2019\u00e9tablissement de nos relations contractuelles r\u00e9ciproques (d\u00e9coulant du \u00ab mandat de conseil \u00bb), nous fournissons ci-dessous les informations suivantes.<\/u><\/p>\n<h6>Responsable du traitement<\/h6>\n<p>Le \u00ab Responsable du traitement \u00bb, \u00e0 tous les effets de la loi, est FLUIMAC SRL, dont le si\u00e8ge op\u00e9rationnel est situ\u00e9 Via Brescia 1, Tradate (VA), Italie, joignable \u00e0 l\u2019adresse e-mail suivante :&nbsp;<a href=\"mailto: info@fluimac.com\" target=\"_blank\" style=\"background-color: rgb(255, 255, 255);\">info@fluimac.com.<\/a><\/p>\n<h6>Finalit\u00e9s du traitement<\/h6>\n<p>Les donn\u00e9es \u00e0 caract\u00e8re personnel concernant des personnes physiques, fournies directement par les personnes concern\u00e9es ou par les entreprises entretenant des relations commerciales ou contractuelles avec la Soci\u00e9t\u00e9, sont trait\u00e9es pour des besoins li\u00e9s \u00e0 l\u2019activit\u00e9 principale de la Soci\u00e9t\u00e9 (production de pompes industrielles) ainsi qu\u2019au respect des obligations l\u00e9gales et fiscales qui en d\u00e9coulent ; ce traitement sera effectu\u00e9 pendant toute la dur\u00e9e de la relation commerciale\/contractuelle et \u00e9galement par la suite, pour l\u2019ex\u00e9cution d\u2019obligations l\u00e9gales et \u00e0 des fins administratives et fiscales.<br>Il est \u00e9galement pr\u00e9cis\u00e9 qu\u2019en consultant notre site internet, le syst\u00e8me peut recueillir des donn\u00e9es techniques de navigation relatives \u00e0 l\u2019adresse IP, aux codes d\u2019identification des dispositifs utilis\u00e9s par l\u2019utilisateur pour acc\u00e9der aux pages ou aux services, aux donn\u00e9es relatives aux caract\u00e9ristiques du navigateur et aux horaires d\u2019acc\u00e8s, ainsi que d\u2019autres donn\u00e9es de navigation anonymis\u00e9es.<br>Dans le cadre des finalit\u00e9s pour lesquelles les donn\u00e9es \u00e0 caract\u00e8re personnel sont collect\u00e9es, FLUIMAC SRL traite ces donn\u00e9es conform\u00e9ment aux principes de loyaut\u00e9, de lic\u00e9it\u00e9, de transparence et de protection de la confidentialit\u00e9 ainsi que des droits de la personne concern\u00e9e.<br>Enfin, il est pr\u00e9cis\u00e9 que la Soci\u00e9t\u00e9 utilise, au sein de ses syst\u00e8mes de gestion, des logiciels d\u2019intelligence artificielle (IA) \u2013 ChatGPT, Copilot \u2013 dont l\u2019utilisation peut \u00e9ventuellement entra\u00eener le traitement de donn\u00e9es \u00e0 caract\u00e8re personnel (noms, adresses e-mail). L\u2019utilisation de l\u2019IA est conforme \u00e0 la r\u00e9glementation italienne et europ\u00e9enne en vigueur. La Soci\u00e9t\u00e9 garantit que l\u2019utilisation de l\u2019IA n\u2019a aucune incidence, m\u00eame minime, sur la personne dans le cadre des processus de gestion automatis\u00e9e.<\/p>\n<h6>Nature de la fourniture des donn\u00e9es<\/h6>\n<p>Les donn\u00e9es \u00e0 caract\u00e8re personnel sont toujours collect\u00e9es directement aupr\u00e8s de la personne concern\u00e9e.<br>La fourniture de ces donn\u00e9es, n\u00e9cessaires aux finalit\u00e9s d\u00e9crites, est indispensable pour assurer le suivi de la relation contractuelle et commerciale ; tout refus de fournir ces donn\u00e9es pourrait entra\u00eener l\u2019impossibilit\u00e9 totale ou partielle de fournir les services de la Soci\u00e9t\u00e9.<\/p>\n<h6>Modalit\u00e9s de traitement<\/h6>\n<p>Le traitement des donn\u00e9es est effectu\u00e9 conform\u00e9ment aux principes de loyaut\u00e9, de lic\u00e9it\u00e9 et de transparence, au moyen d\u2019outils et de proc\u00e9dures appropri\u00e9s pour garantir leur s\u00e9curit\u00e9 et leur confidentialit\u00e9, et peut \u00eatre r\u00e9alis\u00e9 tant sur support papier qu\u2019\u00e0 l\u2019aide d\u2019outils \u00e9lectroniques.<br>Le traitement est effectu\u00e9 en appliquant des mesures de s\u00e9curit\u00e9 appropri\u00e9es afin de r\u00e9duire au minimum le risque d\u2019acc\u00e8s non autoris\u00e9 aux donn\u00e9es par des tiers, leur destruction et\/ou leur d\u00e9t\u00e9rioration, et de garantir leur confidentialit\u00e9, conform\u00e9ment \u00e0 l\u2019article 32 du RGPD.<\/p>\n<h6>Conservation des donn\u00e9es \u00e0 caract\u00e8re personnel<\/h6>\n<p>Les Donn\u00e9es \u00e0 caract\u00e8re personnel et, le cas \u00e9ch\u00e9ant, les cat\u00e9gories particuli\u00e8res de donn\u00e9es, seront conserv\u00e9es uniquement pendant la dur\u00e9e n\u00e9cessaire aux finalit\u00e9s pour lesquelles elles sont collect\u00e9es, dans le respect du principe de minimisation pr\u00e9vu \u00e0 l\u2019article 5, paragraphe 1, point c) du RGPD, ainsi que des obligations l\u00e9gales auxquelles le Responsable du traitement est soumis. De plus amples informations sur les dur\u00e9es de conservation et de traitement sont disponibles aupr\u00e8s du Responsable du traitement.<\/p>\n<h6>Communication des donn\u00e9es<\/h6>\n<p>Les donn\u00e9es \u00e0 caract\u00e8re personnel ne seront en aucun cas diffus\u00e9es ; elles pourront toutefois \u00eatre communiqu\u00e9es par nos soins :<\/p>\n<ul>\n<li>aux personnes charg\u00e9es, d\u00fbment d\u00e9sign\u00e9es, de leur traitement au sein de la Soci\u00e9t\u00e9 ;<\/li>\n<li>aux entit\u00e9s et associations li\u00e9es \u00e0 la Soci\u00e9t\u00e9 ;<\/li>\n<li>aux organismes publics, administrations publiques et institutions financi\u00e8res ;<\/li>\n<li>aux sujets ayant besoin d\u2019acc\u00e9der \u00e0 ces donn\u00e9es pour des finalit\u00e9s auxiliaires \u00e0 la relation existant entre notre Soci\u00e9t\u00e9 et la personne concern\u00e9e, dans les limites strictement n\u00e9cessaires \u00e0 l\u2019ex\u00e9cution des t\u00e2ches auxiliaires qui leur sont confi\u00e9es, tels que : \u00e9tablissements de cr\u00e9dit, cabinets d\u2019avocats, compagnies d\u2019assurance, experts.<\/li>\n<\/ul>\n<h6>Autres cat\u00e9gories particuli\u00e8res de donn\u00e9es \u00e0 caract\u00e8re personnel<\/h6>\n<p>\u00c0 l\u2019occasion de l\u2019envoi de curriculum vitae, conform\u00e9ment aux articles 9 et 10 du RGPD 2016\/679, la personne concern\u00e9e pourrait fournir volontairement \u00e0 la Soci\u00e9t\u00e9 des donn\u00e9es qualifiables de \u00ab cat\u00e9gories particuli\u00e8res de donn\u00e9es \u00e0 caract\u00e8re personnel \u00bb (\u00e0 savoir les donn\u00e9es r\u00e9v\u00e9lant \u00ab l\u2019origine raciale ou ethnique, les opinions politiques, les convictions religieuses ou philosophiques, ou l\u2019appartenance syndicale\u2026 les donn\u00e9es g\u00e9n\u00e9tiques, les donn\u00e9es biom\u00e9triques aux fins d\u2019identifier une personne physique de mani\u00e8re unique, les donn\u00e9es concernant la sant\u00e9 ou la vie sexuelle ou l\u2019orientation sexuelle de la personne \u00bb). Cette cat\u00e9gorie de donn\u00e9es ne pourra \u00eatre trait\u00e9e par FLUIMAC SRL qu\u2019avec le consentement pr\u00e9alable de la personne concern\u00e9e, exprim\u00e9 par \u00e9crit.<\/p>\n<h6>Droits de la personne concern\u00e9e<\/h6>\n<p>La personne concern\u00e9e par le traitement pourra exercer \u00e0 tout moment les droits vis\u00e9s aux articles 15 \u00e0 22 du RGPD :<\/p>\n<ol>\n<li>Obtenir la confirmation que des donn\u00e9es \u00e0 caract\u00e8re personnel la concernant sont ou ne sont pas trait\u00e9es et, lorsqu\u2019elles le sont, obtenir l\u2019acc\u00e8s \u00e0 ces donn\u00e9es ainsi qu\u2019\u00e0 toutes les informations pr\u00e9vues \u00e0 l\u2019article 15 du RGPD ;<\/li>\n<li>Obtenir la rectification des donn\u00e9es \u00e0 caract\u00e8re personnel inexactes la concernant sans retard injustifi\u00e9. Compte tenu des finalit\u00e9s du traitement, elle a le droit d\u2019obtenir que les donn\u00e9es \u00e0 caract\u00e8re personnel incompl\u00e8tes soient compl\u00e9t\u00e9es, y compris en fournissant une d\u00e9claration compl\u00e9mentaire ;<\/li>\n<li>Obtenir l\u2019effacement des donn\u00e9es \u00e0 caract\u00e8re personnel la concernant sans retard injustifi\u00e9 ;<\/li>\n<li>Obtenir la limitation du traitement lorsqu\u2019un des cas pr\u00e9vus \u00e0 l\u2019article 18 du RGPD s\u2019applique ;<\/li>\n<li>Recevoir dans un format structur\u00e9, couramment utilis\u00e9 et lisible par machine, les donn\u00e9es \u00e0 caract\u00e8re personnel concernant la personne concern\u00e9e et fournies \u00e0 la Soci\u00e9t\u00e9 ;<\/li>\n<li>S\u2019opposer \u00e0 tout moment, pour des raisons tenant \u00e0 sa situation particuli\u00e8re, au traitement des donn\u00e9es \u00e0 caract\u00e8re personnel la concernant en vertu de l\u2019article 6, paragraphe 1, points e) ou f) du RGPD. Dans ce cas, la Soci\u00e9t\u00e9 s\u2019abstiendra de traiter ult\u00e9rieurement les donn\u00e9es \u00e0 caract\u00e8re personnel, \u00e0 moins qu\u2019il n\u2019existe des motifs l\u00e9gitimes et imp\u00e9rieux pour le traitement qui pr\u00e9valent sur les int\u00e9r\u00eats, les droits et libert\u00e9s de la personne concern\u00e9e, ou pour la constatation, l\u2019exercice ou la d\u00e9fense d\u2019un droit en justice ;<\/li>\n<li>Ne pas faire l\u2019objet d\u2019une d\u00e9cision fond\u00e9e exclusivement sur un traitement automatis\u00e9, y compris le profilage, produisant des effets juridiques la concernant ou l\u2019affectant de mani\u00e8re significative de fa\u00e7on similaire. Ce droit ne s\u2019applique pas dans les cas r\u00e9gis par l\u2019article 22, paragraphe 2 du RGPD ;<\/li>\n<li>Introduire une r\u00e9clamation aupr\u00e8s de l\u2019autorit\u00e9 de contr\u00f4le si elle estime que ses donn\u00e9es ont \u00e9t\u00e9 trait\u00e9es de mani\u00e8re illicite.<\/li>\n<\/ol>\t\t\t\t\t\t\t\t<\/div>\n\t\t\t\t<\/div>\n\t\t\t\t\t<\/div>\n\t\t<\/div>\n\t\t\t\t\t<\/div>\n\t\t<\/section>\n\t\t\t\t<\/div>\n\t\t","protected":false},"excerpt":{"rendered":"<p>Politique de confidentialit\u00e9 Notice d\u2019information \u00e0 l\u2019attention des personnes concern\u00e9es conform\u00e9ment et aux fins des articles 13 et 14 du R\u00e8glement europ\u00e9en UE 2016\/679R\u00e9glementation relative \u00e0 la protection des personnes physiques \u00e0 l\u2019\u00e9gard du traitement des donn\u00e9es \u00e0 caract\u00e8re personnelRGPD (R\u00e8glement g\u00e9n\u00e9ral sur la protection des donn\u00e9es &#8211; R\u00e8glement UE 679\/2016)Code de la vie priv\u00e9e [&hellip;]<\/p>\n","protected":false},"author":1,"featured_media":14335,"parent":0,"menu_order":0,"comment_status":"closed","ping_status":"open","template":"","meta":{"footnotes":"","_wp_rev_ctl_limit":""},"class_list":["post-22966","page","type-page","status-publish","has-post-thumbnail","hentry"],"yoast_head":"<!-- This site is optimized with the Yoast SEO plugin v26.8 - https:\/\/yoast.com\/product\/yoast-seo-wordpress\/ -->\n<title>Politique de confidentialit\u00e9 Pompes Fluimac pour liquides agressifs et corrosifs<\/title>\n<meta name=\"description\" content=\"Politique de confidentialit\u00e9 Pompes Fluimac pour liquides agressifs et corrosifs\" \/>\n<meta name=\"robots\" content=\"noindex, nofollow\" \/>\n<meta property=\"og:locale\" content=\"fr_FR\" \/>\n<meta property=\"og:type\" content=\"article\" \/>\n<meta property=\"og:title\" content=\"Politique de confidentialit\u00e9 Pompes Fluimac pour liquides agressifs et corrosifs\" \/>\n<meta property=\"og:description\" content=\"Politique de confidentialit\u00e9 Pompes Fluimac pour liquides agressifs et corrosifs\" \/>\n<meta property=\"og:url\" content=\"https:\/\/www.fluimac.com\/it\/privacy-policy\/\" \/>\n<meta property=\"og:site_name\" content=\"Fluimac\" \/>\n<meta property=\"article:modified_time\" content=\"2026-03-05T13:45:23+00:00\" \/>\n<meta property=\"og:image\" content=\"https:\/\/www.fluimac.com\/wp-content\/uploads\/2024\/07\/2.webp\" \/>\n\t<meta property=\"og:image:width\" content=\"800\" \/>\n\t<meta property=\"og:image:height\" content=\"600\" \/>\n\t<meta property=\"og:image:type\" content=\"image\/webp\" \/>\n<meta name=\"twitter:card\" content=\"summary_large_image\" \/>\n<meta name=\"twitter:label1\" content=\"Dur\u00e9e de lecture estim\u00e9e\" \/>\n\t<meta name=\"twitter:data1\" content=\"8 minutes\" \/>\n<script type=\"application\/ld+json\" class=\"yoast-schema-graph\">{\"@context\":\"https:\/\/schema.org\",\"@graph\":[{\"@type\":\"WebPage\",\"@id\":\"https:\/\/www.fluimac.com\/it\/privacy-policy\/\",\"url\":\"https:\/\/www.fluimac.com\/it\/privacy-policy\/\",\"name\":\"Politique de confidentialit\u00e9 Pompes Fluimac pour liquides agressifs et corrosifs\",\"isPartOf\":{\"@id\":\"https:\/\/www.fluimac.com\/it\/#website\"},\"primaryImageOfPage\":{\"@id\":\"https:\/\/www.fluimac.com\/it\/privacy-policy\/#primaryimage\"},\"image\":{\"@id\":\"https:\/\/www.fluimac.com\/it\/privacy-policy\/#primaryimage\"},\"thumbnailUrl\":\"https:\/\/www.fluimac.com\/wp-content\/uploads\/2024\/07\/2.webp\",\"datePublished\":\"2021-04-12T08:26:02+00:00\",\"dateModified\":\"2026-03-05T13:45:23+00:00\",\"description\":\"Politique de confidentialit\u00e9 Pompes Fluimac pour liquides agressifs et corrosifs\",\"breadcrumb\":{\"@id\":\"https:\/\/www.fluimac.com\/it\/privacy-policy\/#breadcrumb\"},\"inLanguage\":\"fr-FR\",\"potentialAction\":[{\"@type\":\"ReadAction\",\"target\":[\"https:\/\/www.fluimac.com\/it\/privacy-policy\/\"]}]},{\"@type\":\"ImageObject\",\"inLanguage\":\"fr-FR\",\"@id\":\"https:\/\/www.fluimac.com\/it\/privacy-policy\/#primaryimage\",\"url\":\"https:\/\/www.fluimac.com\/wp-content\/uploads\/2024\/07\/2.webp\",\"contentUrl\":\"https:\/\/www.fluimac.com\/wp-content\/uploads\/2024\/07\/2.webp\",\"width\":800,\"height\":600,\"caption\":\"Fluimac Pump We Trust\"},{\"@type\":\"BreadcrumbList\",\"@id\":\"https:\/\/www.fluimac.com\/it\/privacy-policy\/#breadcrumb\",\"itemListElement\":[{\"@type\":\"ListItem\",\"position\":1,\"name\":\"Home\",\"item\":\"https:\/\/www.fluimac.com\/fr\/\"},{\"@type\":\"ListItem\",\"position\":2,\"name\":\"Privacy policy\"}]},{\"@type\":\"WebSite\",\"@id\":\"https:\/\/www.fluimac.com\/it\/#website\",\"url\":\"https:\/\/www.fluimac.com\/it\/\",\"name\":\"Fluimac\",\"description\":\"Pump we trust\",\"publisher\":{\"@id\":\"https:\/\/www.fluimac.com\/it\/#organization\"},\"potentialAction\":[{\"@type\":\"SearchAction\",\"target\":{\"@type\":\"EntryPoint\",\"urlTemplate\":\"https:\/\/www.fluimac.com\/it\/?s={search_term_string}\"},\"query-input\":{\"@type\":\"PropertyValueSpecification\",\"valueRequired\":true,\"valueName\":\"search_term_string\"}}],\"inLanguage\":\"fr-FR\"},{\"@type\":\"Organization\",\"@id\":\"https:\/\/www.fluimac.com\/it\/#organization\",\"name\":\"Fluimac\",\"url\":\"https:\/\/www.fluimac.com\/it\/\",\"logo\":{\"@type\":\"ImageObject\",\"inLanguage\":\"fr-FR\",\"@id\":\"https:\/\/www.fluimac.com\/it\/#\/schema\/logo\/image\/\",\"url\":\"https:\/\/www.fluimac.com\/wp-content\/uploads\/2021\/04\/fluimac-logo-1.jpg\",\"contentUrl\":\"https:\/\/www.fluimac.com\/wp-content\/uploads\/2021\/04\/fluimac-logo-1.jpg\",\"width\":500,\"height\":132,\"caption\":\"Fluimac\"},\"image\":{\"@id\":\"https:\/\/www.fluimac.com\/it\/#\/schema\/logo\/image\/\"}}]}<\/script>\n<!-- \/ Yoast SEO plugin. -->","yoast_head_json":{"title":"Politique de confidentialit\u00e9 Pompes Fluimac pour liquides agressifs et corrosifs","description":"Politique de confidentialit\u00e9 Pompes Fluimac pour liquides agressifs et corrosifs","robots":{"index":"noindex","follow":"nofollow"},"og_locale":"fr_FR","og_type":"article","og_title":"Politique de confidentialit\u00e9 Pompes Fluimac pour liquides agressifs et corrosifs","og_description":"Politique de confidentialit\u00e9 Pompes Fluimac pour liquides agressifs et corrosifs","og_url":"https:\/\/www.fluimac.com\/it\/privacy-policy\/","og_site_name":"Fluimac","article_modified_time":"2026-03-05T13:45:23+00:00","og_image":[{"width":800,"height":600,"url":"https:\/\/www.fluimac.com\/wp-content\/uploads\/2024\/07\/2.webp","type":"image\/webp"}],"twitter_card":"summary_large_image","twitter_misc":{"Dur\u00e9e de lecture estim\u00e9e":"8 minutes"},"schema":{"@context":"https:\/\/schema.org","@graph":[{"@type":"WebPage","@id":"https:\/\/www.fluimac.com\/it\/privacy-policy\/","url":"https:\/\/www.fluimac.com\/it\/privacy-policy\/","name":"Politique de confidentialit\u00e9 Pompes Fluimac pour liquides agressifs et corrosifs","isPartOf":{"@id":"https:\/\/www.fluimac.com\/it\/#website"},"primaryImageOfPage":{"@id":"https:\/\/www.fluimac.com\/it\/privacy-policy\/#primaryimage"},"image":{"@id":"https:\/\/www.fluimac.com\/it\/privacy-policy\/#primaryimage"},"thumbnailUrl":"https:\/\/www.fluimac.com\/wp-content\/uploads\/2024\/07\/2.webp","datePublished":"2021-04-12T08:26:02+00:00","dateModified":"2026-03-05T13:45:23+00:00","description":"Politique de confidentialit\u00e9 Pompes Fluimac pour liquides agressifs et corrosifs","breadcrumb":{"@id":"https:\/\/www.fluimac.com\/it\/privacy-policy\/#breadcrumb"},"inLanguage":"fr-FR","potentialAction":[{"@type":"ReadAction","target":["https:\/\/www.fluimac.com\/it\/privacy-policy\/"]}]},{"@type":"ImageObject","inLanguage":"fr-FR","@id":"https:\/\/www.fluimac.com\/it\/privacy-policy\/#primaryimage","url":"https:\/\/www.fluimac.com\/wp-content\/uploads\/2024\/07\/2.webp","contentUrl":"https:\/\/www.fluimac.com\/wp-content\/uploads\/2024\/07\/2.webp","width":800,"height":600,"caption":"Fluimac Pump We Trust"},{"@type":"BreadcrumbList","@id":"https:\/\/www.fluimac.com\/it\/privacy-policy\/#breadcrumb","itemListElement":[{"@type":"ListItem","position":1,"name":"Home","item":"https:\/\/www.fluimac.com\/fr\/"},{"@type":"ListItem","position":2,"name":"Privacy policy"}]},{"@type":"WebSite","@id":"https:\/\/www.fluimac.com\/it\/#website","url":"https:\/\/www.fluimac.com\/it\/","name":"Fluimac","description":"Pump we trust","publisher":{"@id":"https:\/\/www.fluimac.com\/it\/#organization"},"potentialAction":[{"@type":"SearchAction","target":{"@type":"EntryPoint","urlTemplate":"https:\/\/www.fluimac.com\/it\/?s={search_term_string}"},"query-input":{"@type":"PropertyValueSpecification","valueRequired":true,"valueName":"search_term_string"}}],"inLanguage":"fr-FR"},{"@type":"Organization","@id":"https:\/\/www.fluimac.com\/it\/#organization","name":"Fluimac","url":"https:\/\/www.fluimac.com\/it\/","logo":{"@type":"ImageObject","inLanguage":"fr-FR","@id":"https:\/\/www.fluimac.com\/it\/#\/schema\/logo\/image\/","url":"https:\/\/www.fluimac.com\/wp-content\/uploads\/2021\/04\/fluimac-logo-1.jpg","contentUrl":"https:\/\/www.fluimac.com\/wp-content\/uploads\/2021\/04\/fluimac-logo-1.jpg","width":500,"height":132,"caption":"Fluimac"},"image":{"@id":"https:\/\/www.fluimac.com\/it\/#\/schema\/logo\/image\/"}}]}},"_links":{"self":[{"href":"https:\/\/www.fluimac.com\/fr\/wp-json\/wp\/v2\/pages\/22966","targetHints":{"allow":["GET"]}}],"collection":[{"href":"https:\/\/www.fluimac.com\/fr\/wp-json\/wp\/v2\/pages"}],"about":[{"href":"https:\/\/www.fluimac.com\/fr\/wp-json\/wp\/v2\/types\/page"}],"author":[{"embeddable":true,"href":"https:\/\/www.fluimac.com\/fr\/wp-json\/wp\/v2\/users\/1"}],"replies":[{"embeddable":true,"href":"https:\/\/www.fluimac.com\/fr\/wp-json\/wp\/v2\/comments?post=22966"}],"version-history":[{"count":15,"href":"https:\/\/www.fluimac.com\/fr\/wp-json\/wp\/v2\/pages\/22966\/revisions"}],"predecessor-version":[{"id":31049,"href":"https:\/\/www.fluimac.com\/fr\/wp-json\/wp\/v2\/pages\/22966\/revisions\/31049"}],"wp:featuredmedia":[{"embeddable":true,"href":"https:\/\/www.fluimac.com\/fr\/wp-json\/wp\/v2\/media\/14335"}],"wp:attachment":[{"href":"https:\/\/www.fluimac.com\/fr\/wp-json\/wp\/v2\/media?parent=22966"}],"curies":[{"name":"wp","href":"https:\/\/api.w.org\/{rel}","templated":true}]}}