{"id":22965,"date":"2021-04-12T14:59:44","date_gmt":"2021-04-12T12:59:44","guid":{"rendered":"https:\/\/www.fluimac.com\/cookie\/"},"modified":"2026-02-11T14:23:31","modified_gmt":"2026-02-11T13:23:31","slug":"cookie","status":"publish","type":"page","link":"https:\/\/www.fluimac.com\/fr\/cookie\/","title":{"rendered":"Cookie Policy"},"content":{"rendered":"\t\t<div data-elementor-type=\"wp-page\" data-elementor-id=\"22965\" class=\"elementor elementor-22965 elementor-7\" data-elementor-post-type=\"page\">\n\t\t\t\t\t\t<section class=\"elementor-section elementor-top-section elementor-element elementor-element-67e2667 elementor-section-boxed elementor-section-height-default elementor-section-height-default\" data-id=\"67e2667\" data-element_type=\"section\">\n\t\t\t\t\t\t<div class=\"elementor-container elementor-column-gap-default\">\n\t\t\t\t\t<div class=\"elementor-column elementor-col-100 elementor-top-column elementor-element elementor-element-e1c0965\" data-id=\"e1c0965\" data-element_type=\"column\">\n\t\t\t<div class=\"elementor-widget-wrap elementor-element-populated\">\n\t\t\t\t\t\t<div class=\"elementor-element elementor-element-15dfb23 elementor-widget elementor-widget-heading\" data-id=\"15dfb23\" data-element_type=\"widget\" data-widget_type=\"heading.default\">\n\t\t\t\t<div class=\"elementor-widget-container\">\n\t\t\t\t\t<h1 class=\"elementor-heading-title elementor-size-default\">Politique en mati\u00e8re de cookies<\/h1>\t\t\t\t<\/div>\n\t\t\t\t<\/div>\n\t\t\t\t<div class=\"elementor-element elementor-element-3b90d01 elementor-widget elementor-widget-text-editor\" data-id=\"3b90d01\" data-element_type=\"widget\" data-widget_type=\"text-editor.default\">\n\t\t\t\t<div class=\"elementor-widget-container\">\n\t\t\t\t\t\t\t\t\t<a href=\"https:\/\/www.iubenda.com\/privacy-policy\/85022553\/cookie-policy\" class=\"iubenda-white no-brand iubenda-noiframe iubenda-embed iub-body-embed\" title=\"Politique relative aux Cookies\">Politique relative aux Cookies<\/a><script type=\"text\/javascript\">(function (w,d) {var loader = function () {var s = d.createElement(\"script\"), tag = d.getElementsByTagName(\"script\")[0]; s.src=\"https:\/\/cdn.iubenda.com\/iubenda.js\"; tag.parentNode.insertBefore(s,tag);}; if(w.addEventListener){w.addEventListener(\"load\", loader, false);}else if(w.attachEvent){w.attachEvent(\"onload\", loader);}else{w.onload = loader;}})(window, document);<\/script>\t\t\t\t\t\t\t\t<\/div>\n\t\t\t\t<\/div>\n\t\t\t\t\t<\/div>\n\t\t<\/div>\n\t\t\t\t\t<\/div>\n\t\t<\/section>\n\t\t\t\t<\/div>\n\t\t","protected":false},"excerpt":{"rendered":"<p>Politique en mati\u00e8re de cookies Politique relative aux Cookies<\/p>\n","protected":false},"author":1,"featured_media":8369,"parent":0,"menu_order":0,"comment_status":"closed","ping_status":"closed","template":"","meta":{"footnotes":"","_wp_rev_ctl_limit":""},"class_list":["post-22965","page","type-page","status-publish","has-post-thumbnail","hentry"],"yoast_head":"<!-- This site is optimized with the Yoast SEO plugin v26.8 - https:\/\/yoast.com\/product\/yoast-seo-wordpress\/ -->\n<title>Cookie Policy of Fluimac PumpsPolitique en mati\u00e8re de cookies<\/title>\n<meta name=\"description\" content=\"Politique en mati\u00e8re de cookies de www.fluimac.com, Ce document informe les utilisateurs des technologies qui aident cette application \u00e0 atteindre les objectifs d\u00e9crits ci-dessous. Ces technologies permettent au Propri\u00e9taire d&#039;acc\u00e9der et de stocker des informations (par exemple en utilisant un Cookie) ou d&#039;utiliser des ressources (par exemple en ex\u00e9cutant un script) sur l&#039;appareil d&#039;un Utilisateur lorsqu&#039;il interagit avec cette Application.\" \/>\n<meta name=\"robots\" content=\"noindex, nofollow\" \/>\n<meta property=\"og:locale\" content=\"fr_FR\" \/>\n<meta property=\"og:type\" content=\"article\" \/>\n<meta property=\"og:title\" content=\"Cookie Policy of Fluimac PumpsPolitique en mati\u00e8re de cookies\" \/>\n<meta property=\"og:description\" content=\"Politique en mati\u00e8re de cookies de www.fluimac.com, Ce document informe les utilisateurs des technologies qui aident cette application \u00e0 atteindre les objectifs d\u00e9crits ci-dessous. Ces technologies permettent au Propri\u00e9taire d&#039;acc\u00e9der et de stocker des informations (par exemple en utilisant un Cookie) ou d&#039;utiliser des ressources (par exemple en ex\u00e9cutant un script) sur l&#039;appareil d&#039;un Utilisateur lorsqu&#039;il interagit avec cette Application.\" \/>\n<meta property=\"og:url\" content=\"https:\/\/www.fluimac.com\/fr\/cookie\/\" \/>\n<meta property=\"og:site_name\" content=\"Fluimac\" \/>\n<meta property=\"article:modified_time\" content=\"2026-02-11T13:23:31+00:00\" \/>\n<meta property=\"og:image\" content=\"https:\/\/www.fluimac.com\/wp-content\/uploads\/2024\/04\/3.webp\" \/>\n\t<meta property=\"og:image:width\" content=\"800\" \/>\n\t<meta property=\"og:image:height\" content=\"600\" \/>\n\t<meta property=\"og:image:type\" content=\"image\/webp\" \/>\n<meta name=\"twitter:card\" content=\"summary_large_image\" \/>\n<meta name=\"twitter:label1\" content=\"Dur\u00e9e de lecture estim\u00e9e\" \/>\n\t<meta name=\"twitter:data1\" content=\"7 minutes\" \/>\n<script type=\"application\/ld+json\" class=\"yoast-schema-graph\">{\"@context\":\"https:\/\/schema.org\",\"@graph\":[{\"@type\":\"WebPage\",\"@id\":\"https:\/\/www.fluimac.com\/fr\/cookie\/\",\"url\":\"https:\/\/www.fluimac.com\/fr\/cookie\/\",\"name\":\"Cookie Policy of Fluimac PumpsPolitique en mati\u00e8re de cookies\",\"isPartOf\":{\"@id\":\"https:\/\/www.fluimac.com\/it\/#website\"},\"primaryImageOfPage\":{\"@id\":\"https:\/\/www.fluimac.com\/fr\/cookie\/#primaryimage\"},\"image\":{\"@id\":\"https:\/\/www.fluimac.com\/fr\/cookie\/#primaryimage\"},\"thumbnailUrl\":\"https:\/\/www.fluimac.com\/wp-content\/uploads\/2024\/04\/3.webp\",\"datePublished\":\"2021-04-12T12:59:44+00:00\",\"dateModified\":\"2026-02-11T13:23:31+00:00\",\"description\":\"Politique en mati\u00e8re de cookies de www.fluimac.com, Ce document informe les utilisateurs des technologies qui aident cette application \u00e0 atteindre les objectifs d\u00e9crits ci-dessous. Ces technologies permettent au Propri\u00e9taire d'acc\u00e9der et de stocker des informations (par exemple en utilisant un Cookie) ou d'utiliser des ressources (par exemple en ex\u00e9cutant un script) sur l'appareil d'un Utilisateur lorsqu'il interagit avec cette Application.\",\"breadcrumb\":{\"@id\":\"https:\/\/www.fluimac.com\/fr\/cookie\/#breadcrumb\"},\"inLanguage\":\"fr-FR\",\"potentialAction\":[{\"@type\":\"ReadAction\",\"target\":[\"https:\/\/www.fluimac.com\/fr\/cookie\/\"]}]},{\"@type\":\"ImageObject\",\"inLanguage\":\"fr-FR\",\"@id\":\"https:\/\/www.fluimac.com\/fr\/cookie\/#primaryimage\",\"url\":\"https:\/\/www.fluimac.com\/wp-content\/uploads\/2024\/04\/3.webp\",\"contentUrl\":\"https:\/\/www.fluimac.com\/wp-content\/uploads\/2024\/04\/3.webp\",\"width\":800,\"height\":600,\"caption\":\"Fluimac - Pumps we trust\"},{\"@type\":\"BreadcrumbList\",\"@id\":\"https:\/\/www.fluimac.com\/fr\/cookie\/#breadcrumb\",\"itemListElement\":[{\"@type\":\"ListItem\",\"position\":1,\"name\":\"Home\",\"item\":\"https:\/\/www.fluimac.com\/fr\/\"},{\"@type\":\"ListItem\",\"position\":2,\"name\":\"Cookie Policy\"}]},{\"@type\":\"WebSite\",\"@id\":\"https:\/\/www.fluimac.com\/it\/#website\",\"url\":\"https:\/\/www.fluimac.com\/it\/\",\"name\":\"Fluimac\",\"description\":\"Pump we trust\",\"publisher\":{\"@id\":\"https:\/\/www.fluimac.com\/it\/#organization\"},\"potentialAction\":[{\"@type\":\"SearchAction\",\"target\":{\"@type\":\"EntryPoint\",\"urlTemplate\":\"https:\/\/www.fluimac.com\/it\/?s={search_term_string}\"},\"query-input\":{\"@type\":\"PropertyValueSpecification\",\"valueRequired\":true,\"valueName\":\"search_term_string\"}}],\"inLanguage\":\"fr-FR\"},{\"@type\":\"Organization\",\"@id\":\"https:\/\/www.fluimac.com\/it\/#organization\",\"name\":\"Fluimac\",\"url\":\"https:\/\/www.fluimac.com\/it\/\",\"logo\":{\"@type\":\"ImageObject\",\"inLanguage\":\"fr-FR\",\"@id\":\"https:\/\/www.fluimac.com\/it\/#\/schema\/logo\/image\/\",\"url\":\"https:\/\/www.fluimac.com\/wp-content\/uploads\/2021\/04\/fluimac-logo-1.jpg\",\"contentUrl\":\"https:\/\/www.fluimac.com\/wp-content\/uploads\/2021\/04\/fluimac-logo-1.jpg\",\"width\":500,\"height\":132,\"caption\":\"Fluimac\"},\"image\":{\"@id\":\"https:\/\/www.fluimac.com\/it\/#\/schema\/logo\/image\/\"}}]}<\/script>\n<!-- \/ Yoast SEO plugin. -->","yoast_head_json":{"title":"Cookie Policy of Fluimac PumpsPolitique en mati\u00e8re de cookies","description":"Politique en mati\u00e8re de cookies de www.fluimac.com, Ce document informe les utilisateurs des technologies qui aident cette application \u00e0 atteindre les objectifs d\u00e9crits ci-dessous. Ces technologies permettent au Propri\u00e9taire d'acc\u00e9der et de stocker des informations (par exemple en utilisant un Cookie) ou d'utiliser des ressources (par exemple en ex\u00e9cutant un script) sur l'appareil d'un Utilisateur lorsqu'il interagit avec cette Application.","robots":{"index":"noindex","follow":"nofollow"},"og_locale":"fr_FR","og_type":"article","og_title":"Cookie Policy of Fluimac PumpsPolitique en mati\u00e8re de cookies","og_description":"Politique en mati\u00e8re de cookies de www.fluimac.com, Ce document informe les utilisateurs des technologies qui aident cette application \u00e0 atteindre les objectifs d\u00e9crits ci-dessous. Ces technologies permettent au Propri\u00e9taire d'acc\u00e9der et de stocker des informations (par exemple en utilisant un Cookie) ou d'utiliser des ressources (par exemple en ex\u00e9cutant un script) sur l'appareil d'un Utilisateur lorsqu'il interagit avec cette Application.","og_url":"https:\/\/www.fluimac.com\/fr\/cookie\/","og_site_name":"Fluimac","article_modified_time":"2026-02-11T13:23:31+00:00","og_image":[{"width":800,"height":600,"url":"https:\/\/www.fluimac.com\/wp-content\/uploads\/2024\/04\/3.webp","type":"image\/webp"}],"twitter_card":"summary_large_image","twitter_misc":{"Dur\u00e9e de lecture estim\u00e9e":"7 minutes"},"schema":{"@context":"https:\/\/schema.org","@graph":[{"@type":"WebPage","@id":"https:\/\/www.fluimac.com\/fr\/cookie\/","url":"https:\/\/www.fluimac.com\/fr\/cookie\/","name":"Cookie Policy of Fluimac PumpsPolitique en mati\u00e8re de cookies","isPartOf":{"@id":"https:\/\/www.fluimac.com\/it\/#website"},"primaryImageOfPage":{"@id":"https:\/\/www.fluimac.com\/fr\/cookie\/#primaryimage"},"image":{"@id":"https:\/\/www.fluimac.com\/fr\/cookie\/#primaryimage"},"thumbnailUrl":"https:\/\/www.fluimac.com\/wp-content\/uploads\/2024\/04\/3.webp","datePublished":"2021-04-12T12:59:44+00:00","dateModified":"2026-02-11T13:23:31+00:00","description":"Politique en mati\u00e8re de cookies de www.fluimac.com, Ce document informe les utilisateurs des technologies qui aident cette application \u00e0 atteindre les objectifs d\u00e9crits ci-dessous. Ces technologies permettent au Propri\u00e9taire d'acc\u00e9der et de stocker des informations (par exemple en utilisant un Cookie) ou d'utiliser des ressources (par exemple en ex\u00e9cutant un script) sur l'appareil d'un Utilisateur lorsqu'il interagit avec cette Application.","breadcrumb":{"@id":"https:\/\/www.fluimac.com\/fr\/cookie\/#breadcrumb"},"inLanguage":"fr-FR","potentialAction":[{"@type":"ReadAction","target":["https:\/\/www.fluimac.com\/fr\/cookie\/"]}]},{"@type":"ImageObject","inLanguage":"fr-FR","@id":"https:\/\/www.fluimac.com\/fr\/cookie\/#primaryimage","url":"https:\/\/www.fluimac.com\/wp-content\/uploads\/2024\/04\/3.webp","contentUrl":"https:\/\/www.fluimac.com\/wp-content\/uploads\/2024\/04\/3.webp","width":800,"height":600,"caption":"Fluimac - Pumps we trust"},{"@type":"BreadcrumbList","@id":"https:\/\/www.fluimac.com\/fr\/cookie\/#breadcrumb","itemListElement":[{"@type":"ListItem","position":1,"name":"Home","item":"https:\/\/www.fluimac.com\/fr\/"},{"@type":"ListItem","position":2,"name":"Cookie Policy"}]},{"@type":"WebSite","@id":"https:\/\/www.fluimac.com\/it\/#website","url":"https:\/\/www.fluimac.com\/it\/","name":"Fluimac","description":"Pump we trust","publisher":{"@id":"https:\/\/www.fluimac.com\/it\/#organization"},"potentialAction":[{"@type":"SearchAction","target":{"@type":"EntryPoint","urlTemplate":"https:\/\/www.fluimac.com\/it\/?s={search_term_string}"},"query-input":{"@type":"PropertyValueSpecification","valueRequired":true,"valueName":"search_term_string"}}],"inLanguage":"fr-FR"},{"@type":"Organization","@id":"https:\/\/www.fluimac.com\/it\/#organization","name":"Fluimac","url":"https:\/\/www.fluimac.com\/it\/","logo":{"@type":"ImageObject","inLanguage":"fr-FR","@id":"https:\/\/www.fluimac.com\/it\/#\/schema\/logo\/image\/","url":"https:\/\/www.fluimac.com\/wp-content\/uploads\/2021\/04\/fluimac-logo-1.jpg","contentUrl":"https:\/\/www.fluimac.com\/wp-content\/uploads\/2021\/04\/fluimac-logo-1.jpg","width":500,"height":132,"caption":"Fluimac"},"image":{"@id":"https:\/\/www.fluimac.com\/it\/#\/schema\/logo\/image\/"}}]}},"_links":{"self":[{"href":"https:\/\/www.fluimac.com\/fr\/wp-json\/wp\/v2\/pages\/22965","targetHints":{"allow":["GET"]}}],"collection":[{"href":"https:\/\/www.fluimac.com\/fr\/wp-json\/wp\/v2\/pages"}],"about":[{"href":"https:\/\/www.fluimac.com\/fr\/wp-json\/wp\/v2\/types\/page"}],"author":[{"embeddable":true,"href":"https:\/\/www.fluimac.com\/fr\/wp-json\/wp\/v2\/users\/1"}],"replies":[{"embeddable":true,"href":"https:\/\/www.fluimac.com\/fr\/wp-json\/wp\/v2\/comments?post=22965"}],"version-history":[{"count":7,"href":"https:\/\/www.fluimac.com\/fr\/wp-json\/wp\/v2\/pages\/22965\/revisions"}],"predecessor-version":[{"id":30407,"href":"https:\/\/www.fluimac.com\/fr\/wp-json\/wp\/v2\/pages\/22965\/revisions\/30407"}],"wp:featuredmedia":[{"embeddable":true,"href":"https:\/\/www.fluimac.com\/fr\/wp-json\/wp\/v2\/media\/8369"}],"wp:attachment":[{"href":"https:\/\/www.fluimac.com\/fr\/wp-json\/wp\/v2\/media?parent=22965"}],"curies":[{"name":"wp","href":"https:\/\/api.w.org\/{rel}","templated":true}]}}