{"id":22547,"date":"2024-06-27T12:07:32","date_gmt":"2024-06-27T10:07:32","guid":{"rendered":"https:\/\/www.fluimac.com\/pompe-autolavaggio\/"},"modified":"2025-04-24T15:17:46","modified_gmt":"2025-04-24T13:17:46","slug":"lavacoches-bombas","status":"publish","type":"page","link":"https:\/\/www.fluimac.com\/es\/lavacoches-bombas\/","title":{"rendered":"Bombas de lavado de coches"},"content":{"rendered":"\t\t<div data-elementor-type=\"wp-page\" data-elementor-id=\"22547\" class=\"elementor elementor-22547 elementor-7221\" data-elementor-post-type=\"page\">\n\t\t\t\t\t\t<section class=\"elementor-section elementor-top-section elementor-element elementor-element-70952e8 elementor-section-full_width elementor-section-height-default elementor-section-height-default\" data-id=\"70952e8\" data-element_type=\"section\">\n\t\t\t\t\t\t<div class=\"elementor-container elementor-column-gap-default\">\n\t\t\t\t\t<div class=\"elementor-column elementor-col-50 elementor-top-column elementor-element elementor-element-950c84c\" data-id=\"950c84c\" data-element_type=\"column\">\n\t\t\t<div class=\"elementor-widget-wrap elementor-element-populated\">\n\t\t\t\t\t\t<div class=\"elementor-element elementor-element-e1b851c elementor-widget elementor-widget-image\" data-id=\"e1b851c\" data-element_type=\"widget\" data-widget_type=\"image.default\">\n\t\t\t\t<div class=\"elementor-widget-container\">\n\t\t\t\t\t\t\t\t\t\t\t\t\t\t\t<img fetchpriority=\"high\" decoding=\"async\" width=\"251\" height=\"251\" src=\"https:\/\/www.fluimac.com\/wp-content\/uploads\/2024\/04\/autolavaggio-blu.webp\" class=\"attachment-large size-large wp-image-8517\" alt=\"Pompe Autolavaggio\" \/>\t\t\t\t\t\t\t\t\t\t\t\t\t\t\t<\/div>\n\t\t\t\t<\/div>\n\t\t\t\t<div class=\"elementor-element elementor-element-98f4d09 elementor-widget elementor-widget-heading\" data-id=\"98f4d09\" data-element_type=\"widget\" data-widget_type=\"heading.default\">\n\t\t\t\t<div class=\"elementor-widget-container\">\n\t\t\t\t\t<h1 class=\"elementor-heading-title elementor-size-default\">Bombas de lavado de coches<\/h1>\t\t\t\t<\/div>\n\t\t\t\t<\/div>\n\t\t\t\t<div class=\"elementor-element elementor-element-43d1848 elementor-widget elementor-widget-text-editor\" data-id=\"43d1848\" data-element_type=\"widget\" data-widget_type=\"text-editor.default\">\n\t\t\t\t<div class=\"elementor-widget-container\">\n\t\t\t\t\t\t\t\t\t<p>En la industria del lavado de coches, la experiencia de FLUIMAC\u00ae le permite ofrecer una gama de productos muy adecuados para un entorno que requiere una gran fiabilidad y robustez, debido al repetido \u00abestr\u00e9s\u00bb mec\u00e1nico al que se someten los equipos. Los productos FLUIMAC\u00ae son capaces de responder a diferentes situaciones y requisitos de aplicaci\u00f3n, garantizando la m\u00e1xima eficacia al dosificar con precisi\u00f3n s\u00f3lo las cantidades \u00f3ptimas de productos que deben utilizarse.<\/p>\t\t\t\t\t\t\t\t<\/div>\n\t\t\t\t<\/div>\n\t\t\t\t\t<\/div>\n\t\t<\/div>\n\t\t\t\t<div class=\"elementor-column elementor-col-50 elementor-top-column elementor-element elementor-element-f857a04 elementor-hidden-tablet\" data-id=\"f857a04\" data-element_type=\"column\">\n\t\t\t<div class=\"elementor-widget-wrap elementor-element-populated\">\n\t\t\t\t\t\t<div class=\"elementor-element elementor-element-10cacfb elementor-arrows-position-inside elementor-widget elementor-widget-image-carousel\" data-id=\"10cacfb\" data-element_type=\"widget\" data-settings=\"{&quot;slides_to_show&quot;:&quot;1&quot;,&quot;navigation&quot;:&quot;arrows&quot;,&quot;autoplay&quot;:&quot;yes&quot;,&quot;pause_on_hover&quot;:&quot;yes&quot;,&quot;pause_on_interaction&quot;:&quot;yes&quot;,&quot;autoplay_speed&quot;:5000,&quot;infinite&quot;:&quot;yes&quot;,&quot;effect&quot;:&quot;slide&quot;,&quot;speed&quot;:500}\" data-widget_type=\"image-carousel.default\">\n\t\t\t\t<div class=\"elementor-widget-container\">\n\t\t\t\t\t\t\t<div class=\"elementor-image-carousel-wrapper swiper\" role=\"region\" aria-roledescription=\"carousel\" aria-label=\"Carosello d&#039;immagini\" dir=\"ltr\">\n\t\t\t<div class=\"elementor-image-carousel swiper-wrapper\" aria-live=\"off\">\n\t\t\t\t\t\t\t\t<div class=\"swiper-slide\" role=\"group\" aria-roledescription=\"slide\" aria-label=\"1 de 1\"><figure class=\"swiper-slide-inner\"><img decoding=\"async\" class=\"swiper-slide-image\" src=\"https:\/\/www.fluimac.com\/wp-content\/uploads\/2024\/06\/autolavaggi.webp\" alt=\"Pompe Autolavaggio Fluimac - Pumps we trust\" \/><\/figure><\/div>\t\t\t<\/div>\n\t\t\t\t\t<\/div>\n\t\t\t\t\t\t<\/div>\n\t\t\t\t<\/div>\n\t\t\t\t\t<\/div>\n\t\t<\/div>\n\t\t\t\t\t<\/div>\n\t\t<\/section>\n\t\t\t\t<section class=\"elementor-section elementor-top-section elementor-element elementor-element-e5a8513 elementor-section-boxed elementor-section-height-default elementor-section-height-default\" data-id=\"e5a8513\" data-element_type=\"section\" data-settings=\"{&quot;background_background&quot;:&quot;classic&quot;}\">\n\t\t\t\t\t\t\t<div class=\"elementor-background-overlay\"><\/div>\n\t\t\t\t\t\t\t<div class=\"elementor-container elementor-column-gap-default\">\n\t\t\t\t\t<div class=\"elementor-column elementor-col-100 elementor-top-column elementor-element elementor-element-2024753\" data-id=\"2024753\" data-element_type=\"column\">\n\t\t\t<div class=\"elementor-widget-wrap elementor-element-populated\">\n\t\t\t\t\t\t<div class=\"elementor-element elementor-element-dc1dbbe elementor-widget elementor-widget-heading\" data-id=\"dc1dbbe\" data-element_type=\"widget\" data-widget_type=\"heading.default\">\n\t\t\t\t<div class=\"elementor-widget-container\">\n\t\t\t\t\t<h2 class=\"elementor-heading-title elementor-size-default\">Solicitar una consulta<\/h2>\t\t\t\t<\/div>\n\t\t\t\t<\/div>\n\t\t\t\t<div class=\"elementor-element elementor-element-f19369e elementor-widget-divider--view-line elementor-widget elementor-widget-divider\" data-id=\"f19369e\" data-element_type=\"widget\" data-widget_type=\"divider.default\">\n\t\t\t\t<div class=\"elementor-widget-container\">\n\t\t\t\t\t\t\t<div class=\"elementor-divider\">\n\t\t\t<span class=\"elementor-divider-separator\">\n\t\t\t\t\t\t<\/span>\n\t\t<\/div>\n\t\t\t\t\t\t<\/div>\n\t\t\t\t<\/div>\n\t\t\t\t<div class=\"elementor-element elementor-element-0678905 elementor-widget elementor-widget-global elementor-global-18701 elementor-widget-html\" data-id=\"0678905\" data-element_type=\"widget\" data-widget_type=\"html.default\">\n\t\t\t\t<div class=\"elementor-widget-container\">\n\t\t\t\t\t<script charset=\"utf-8\" type=\"text\/javascript\" src=\"\/\/js-eu1.hsforms.net\/forms\/embed\/v2.js\"><\/script>\n<script>\n  hbspt.forms.create({\n    portalId: \"144007426\",\n    formId: \"ed80b1fe-fe9b-4e42-bca9-79d93234b5a9\"\n  });\n<\/script>\t\t\t\t<\/div>\n\t\t\t\t<\/div>\n\t\t\t\t\t<\/div>\n\t\t<\/div>\n\t\t\t\t\t<\/div>\n\t\t<\/section>\n\t\t\t\t<section class=\"elementor-section elementor-top-section elementor-element elementor-element-be77017 elementor-section-boxed elementor-section-height-default elementor-section-height-default\" data-id=\"be77017\" data-element_type=\"section\">\n\t\t\t\t\t\t<div class=\"elementor-container elementor-column-gap-default\">\n\t\t\t\t\t<div class=\"elementor-column elementor-col-100 elementor-top-column elementor-element elementor-element-b2eacdf\" data-id=\"b2eacdf\" data-element_type=\"column\">\n\t\t\t<div class=\"elementor-widget-wrap elementor-element-populated\">\n\t\t\t\t\t\t<div class=\"elementor-element elementor-element-b9a262d elementor-widget elementor-widget-heading\" data-id=\"b9a262d\" data-element_type=\"widget\" data-widget_type=\"heading.default\">\n\t\t\t\t<div class=\"elementor-widget-container\">\n\t\t\t\t\t<h2 class=\"elementor-heading-title elementor-size-default\">Las mejores soluciones, certificadas<\/h2>\t\t\t\t<\/div>\n\t\t\t\t<\/div>\n\t\t\t\t<div class=\"elementor-element elementor-element-0a61864 elementor-widget-divider--view-line elementor-widget elementor-widget-divider\" data-id=\"0a61864\" data-element_type=\"widget\" data-widget_type=\"divider.default\">\n\t\t\t\t<div class=\"elementor-widget-container\">\n\t\t\t\t\t\t\t<div class=\"elementor-divider\">\n\t\t\t<span class=\"elementor-divider-separator\">\n\t\t\t\t\t\t<\/span>\n\t\t<\/div>\n\t\t\t\t\t\t<\/div>\n\t\t\t\t<\/div>\n\t\t\t\t<section class=\"elementor-section elementor-inner-section elementor-element elementor-element-ddd68a9 elementor-section-full_width elementor-section-height-default elementor-section-height-default\" data-id=\"ddd68a9\" data-element_type=\"section\">\n\t\t\t\t\t\t<div class=\"elementor-container elementor-column-gap-default\">\n\t\t\t\t\t<div class=\"elementor-column elementor-col-14 elementor-inner-column elementor-element elementor-element-3021d0d\" data-id=\"3021d0d\" data-element_type=\"column\">\n\t\t\t<div class=\"elementor-widget-wrap elementor-element-populated\">\n\t\t\t\t\t\t<div class=\"elementor-element elementor-element-20d11f6 elementor-widget elementor-widget-image\" data-id=\"20d11f6\" data-element_type=\"widget\" data-widget_type=\"image.default\">\n\t\t\t\t<div class=\"elementor-widget-container\">\n\t\t\t\t\t\t\t\t\t\t\t\t\t\t\t<img decoding=\"async\" width=\"425\" height=\"425\" src=\"https:\/\/www.fluimac.com\/wp-content\/uploads\/2024\/04\/certificazione_01.webp\" class=\"attachment-large size-large wp-image-8379\" alt=\"\" \/>\t\t\t\t\t\t\t\t\t\t\t\t\t\t\t<\/div>\n\t\t\t\t<\/div>\n\t\t\t\t\t<\/div>\n\t\t<\/div>\n\t\t\t\t<div class=\"elementor-column elementor-col-14 elementor-inner-column elementor-element elementor-element-82200d4\" data-id=\"82200d4\" data-element_type=\"column\">\n\t\t\t<div class=\"elementor-widget-wrap elementor-element-populated\">\n\t\t\t\t\t\t<div class=\"elementor-element elementor-element-ad2c1e5 elementor-widget elementor-widget-image\" data-id=\"ad2c1e5\" data-element_type=\"widget\" data-widget_type=\"image.default\">\n\t\t\t\t<div class=\"elementor-widget-container\">\n\t\t\t\t\t\t\t\t\t\t\t\t\t\t\t<img decoding=\"async\" width=\"425\" height=\"425\" src=\"https:\/\/www.fluimac.com\/wp-content\/uploads\/2024\/04\/certificazione_02.webp\" class=\"attachment-large size-large wp-image-8382\" alt=\"\" \/>\t\t\t\t\t\t\t\t\t\t\t\t\t\t\t<\/div>\n\t\t\t\t<\/div>\n\t\t\t\t\t<\/div>\n\t\t<\/div>\n\t\t\t\t<div class=\"elementor-column elementor-col-14 elementor-inner-column elementor-element elementor-element-b1028ed\" data-id=\"b1028ed\" data-element_type=\"column\">\n\t\t\t<div class=\"elementor-widget-wrap elementor-element-populated\">\n\t\t\t\t\t\t<div class=\"elementor-element elementor-element-ff8374d elementor-widget elementor-widget-image\" data-id=\"ff8374d\" data-element_type=\"widget\" data-widget_type=\"image.default\">\n\t\t\t\t<div class=\"elementor-widget-container\">\n\t\t\t\t\t\t\t\t\t\t\t\t\t\t\t<img loading=\"lazy\" decoding=\"async\" width=\"425\" height=\"425\" src=\"https:\/\/www.fluimac.com\/wp-content\/uploads\/2024\/04\/certificazione_03.webp\" class=\"attachment-large size-large wp-image-8385\" alt=\"\" \/>\t\t\t\t\t\t\t\t\t\t\t\t\t\t\t<\/div>\n\t\t\t\t<\/div>\n\t\t\t\t\t<\/div>\n\t\t<\/div>\n\t\t\t\t<div class=\"elementor-column elementor-col-14 elementor-inner-column elementor-element elementor-element-e5d386e\" data-id=\"e5d386e\" data-element_type=\"column\">\n\t\t\t<div class=\"elementor-widget-wrap elementor-element-populated\">\n\t\t\t\t\t\t<div class=\"elementor-element elementor-element-b205f73 elementor-widget elementor-widget-image\" data-id=\"b205f73\" data-element_type=\"widget\" data-widget_type=\"image.default\">\n\t\t\t\t<div class=\"elementor-widget-container\">\n\t\t\t\t\t\t\t\t\t\t\t\t\t\t\t<img loading=\"lazy\" decoding=\"async\" width=\"425\" height=\"425\" src=\"https:\/\/www.fluimac.com\/wp-content\/uploads\/2024\/04\/certificazione_04.webp\" class=\"attachment-large size-large wp-image-8388\" alt=\"\" \/>\t\t\t\t\t\t\t\t\t\t\t\t\t\t\t<\/div>\n\t\t\t\t<\/div>\n\t\t\t\t\t<\/div>\n\t\t<\/div>\n\t\t\t\t<div class=\"elementor-column elementor-col-14 elementor-inner-column elementor-element elementor-element-ff99066\" data-id=\"ff99066\" data-element_type=\"column\">\n\t\t\t<div class=\"elementor-widget-wrap elementor-element-populated\">\n\t\t\t\t\t\t<div class=\"elementor-element elementor-element-b01de89 elementor-widget elementor-widget-image\" data-id=\"b01de89\" data-element_type=\"widget\" data-widget_type=\"image.default\">\n\t\t\t\t<div class=\"elementor-widget-container\">\n\t\t\t\t\t\t\t\t\t\t\t\t\t\t\t<img loading=\"lazy\" decoding=\"async\" width=\"425\" height=\"425\" src=\"https:\/\/www.fluimac.com\/wp-content\/uploads\/2024\/04\/certificazione_05.webp\" class=\"attachment-large size-large wp-image-8391\" alt=\"\" \/>\t\t\t\t\t\t\t\t\t\t\t\t\t\t\t<\/div>\n\t\t\t\t<\/div>\n\t\t\t\t\t<\/div>\n\t\t<\/div>\n\t\t\t\t<div class=\"elementor-column elementor-col-14 elementor-inner-column elementor-element elementor-element-f6e7748\" data-id=\"f6e7748\" data-element_type=\"column\">\n\t\t\t<div class=\"elementor-widget-wrap elementor-element-populated\">\n\t\t\t\t\t\t<div class=\"elementor-element elementor-element-1b6ad0e elementor-widget elementor-widget-image\" data-id=\"1b6ad0e\" data-element_type=\"widget\" data-widget_type=\"image.default\">\n\t\t\t\t<div class=\"elementor-widget-container\">\n\t\t\t\t\t\t\t\t\t\t\t\t\t\t\t<img loading=\"lazy\" decoding=\"async\" width=\"425\" height=\"425\" src=\"https:\/\/www.fluimac.com\/wp-content\/uploads\/2024\/04\/certificazione_FDA-COMPLIANT.webp\" class=\"attachment-large size-large wp-image-8394\" alt=\"\" \/>\t\t\t\t\t\t\t\t\t\t\t\t\t\t\t<\/div>\n\t\t\t\t<\/div>\n\t\t\t\t\t<\/div>\n\t\t<\/div>\n\t\t\t\t<div class=\"elementor-column elementor-col-14 elementor-inner-column elementor-element elementor-element-e287384\" data-id=\"e287384\" data-element_type=\"column\">\n\t\t\t<div class=\"elementor-widget-wrap elementor-element-populated\">\n\t\t\t\t\t\t<div class=\"elementor-element elementor-element-56ae408 elementor-widget elementor-widget-image\" data-id=\"56ae408\" data-element_type=\"widget\" data-widget_type=\"image.default\">\n\t\t\t\t<div class=\"elementor-widget-container\">\n\t\t\t\t\t\t\t\t\t\t\t\t\t\t\t<img loading=\"lazy\" decoding=\"async\" width=\"425\" height=\"425\" src=\"https:\/\/www.fluimac.com\/wp-content\/uploads\/2024\/04\/certificazione_07.webp\" class=\"attachment-large size-large wp-image-8397\" alt=\"\" \/>\t\t\t\t\t\t\t\t\t\t\t\t\t\t\t<\/div>\n\t\t\t\t<\/div>\n\t\t\t\t\t<\/div>\n\t\t<\/div>\n\t\t\t\t\t<\/div>\n\t\t<\/section>\n\t\t\t\t\t<\/div>\n\t\t<\/div>\n\t\t\t\t\t<\/div>\n\t\t<\/section>\n\t\t\t\t<\/div>\n\t\t","protected":false},"excerpt":{"rendered":"<p>Bombas de lavado de coches En la industria del lavado de coches, la experiencia de FLUIMAC\u00ae le permite ofrecer una gama de productos muy adecuados para un entorno que requiere una gran fiabilidad y robustez, debido al repetido \u00abestr\u00e9s\u00bb mec\u00e1nico al que se someten los equipos. Los productos FLUIMAC\u00ae son capaces de responder a diferentes [&hellip;]<\/p>\n","protected":false},"author":1,"featured_media":8376,"parent":0,"menu_order":0,"comment_status":"closed","ping_status":"closed","template":"","meta":{"footnotes":"","_wp_rev_ctl_limit":""},"class_list":["post-22547","page","type-page","status-publish","has-post-thumbnail","hentry"],"yoast_head":"<!-- This site is optimized with the Yoast SEO plugin v26.8 - https:\/\/yoast.com\/product\/yoast-seo-wordpress\/ -->\n<title>Bombas de aire para t\u00faneles de lavado<\/title>\n<meta name=\"description\" content=\"En el sector del lavado de coches, la experiencia de FLUIMAC\u00ae le permite ofrecer una gama de productos muy adecuados para un entorno que requiere una gran fiabilidad y robustez, debido al repetido \u00abestr\u00e9s\u00bb mec\u00e1nico al que est\u00e1n sometidos los equipos.\" \/>\n<meta name=\"robots\" content=\"index, follow, max-snippet:-1, max-image-preview:large, max-video-preview:-1\" \/>\n<link rel=\"canonical\" href=\"https:\/\/www.fluimac.com\/es\/lavacoches-bombas\/\" \/>\n<meta property=\"og:locale\" content=\"es_ES\" \/>\n<meta property=\"og:type\" content=\"article\" \/>\n<meta property=\"og:title\" content=\"Bombas de aire para t\u00faneles de lavado\" \/>\n<meta property=\"og:description\" content=\"En el sector del lavado de coches, la experiencia de FLUIMAC\u00ae le permite ofrecer una gama de productos muy adecuados para un entorno que requiere una gran fiabilidad y robustez, debido al repetido \u00abestr\u00e9s\u00bb mec\u00e1nico al que est\u00e1n sometidos los equipos.\" \/>\n<meta property=\"og:url\" content=\"https:\/\/www.fluimac.com\/es\/lavacoches-bombas\/\" \/>\n<meta property=\"og:site_name\" content=\"Fluimac\" \/>\n<meta property=\"article:modified_time\" content=\"2025-04-24T13:17:46+00:00\" \/>\n<meta property=\"og:image\" content=\"https:\/\/www.fluimac.com\/wp-content\/uploads\/2024\/04\/1.webp\" \/>\n\t<meta property=\"og:image:width\" content=\"800\" \/>\n\t<meta property=\"og:image:height\" content=\"600\" \/>\n\t<meta property=\"og:image:type\" content=\"image\/webp\" \/>\n<meta name=\"twitter:card\" content=\"summary_large_image\" \/>\n<script type=\"application\/ld+json\" class=\"yoast-schema-graph\">{\"@context\":\"https:\/\/schema.org\",\"@graph\":[{\"@type\":\"WebPage\",\"@id\":\"https:\/\/www.fluimac.com\/es\/lavacoches-bombas\/\",\"url\":\"https:\/\/www.fluimac.com\/es\/lavacoches-bombas\/\",\"name\":\"Bombas de aire para t\u00faneles de lavado\",\"isPartOf\":{\"@id\":\"https:\/\/www.fluimac.com\/it\/#website\"},\"primaryImageOfPage\":{\"@id\":\"https:\/\/www.fluimac.com\/es\/lavacoches-bombas\/#primaryimage\"},\"image\":{\"@id\":\"https:\/\/www.fluimac.com\/es\/lavacoches-bombas\/#primaryimage\"},\"thumbnailUrl\":\"https:\/\/www.fluimac.com\/wp-content\/uploads\/2024\/04\/1.webp\",\"datePublished\":\"2024-06-27T10:07:32+00:00\",\"dateModified\":\"2025-04-24T13:17:46+00:00\",\"description\":\"En el sector del lavado de coches, la experiencia de FLUIMAC\u00ae le permite ofrecer una gama de productos muy adecuados para un entorno que requiere una gran fiabilidad y robustez, debido al repetido \u00abestr\u00e9s\u00bb mec\u00e1nico al que est\u00e1n sometidos los equipos.\",\"breadcrumb\":{\"@id\":\"https:\/\/www.fluimac.com\/es\/lavacoches-bombas\/#breadcrumb\"},\"inLanguage\":\"es\",\"potentialAction\":[{\"@type\":\"ReadAction\",\"target\":[\"https:\/\/www.fluimac.com\/es\/lavacoches-bombas\/\"]}]},{\"@type\":\"ImageObject\",\"inLanguage\":\"es\",\"@id\":\"https:\/\/www.fluimac.com\/es\/lavacoches-bombas\/#primaryimage\",\"url\":\"https:\/\/www.fluimac.com\/wp-content\/uploads\/2024\/04\/1.webp\",\"contentUrl\":\"https:\/\/www.fluimac.com\/wp-content\/uploads\/2024\/04\/1.webp\",\"width\":800,\"height\":600,\"caption\":\"Fluimac - Pumps we trust\"},{\"@type\":\"BreadcrumbList\",\"@id\":\"https:\/\/www.fluimac.com\/es\/lavacoches-bombas\/#breadcrumb\",\"itemListElement\":[{\"@type\":\"ListItem\",\"position\":1,\"name\":\"Home\",\"item\":\"https:\/\/www.fluimac.com\/es\/\"},{\"@type\":\"ListItem\",\"position\":2,\"name\":\"Bombas de lavado de coches\"}]},{\"@type\":\"WebSite\",\"@id\":\"https:\/\/www.fluimac.com\/it\/#website\",\"url\":\"https:\/\/www.fluimac.com\/it\/\",\"name\":\"Fluimac\",\"description\":\"Pump we trust\",\"publisher\":{\"@id\":\"https:\/\/www.fluimac.com\/it\/#organization\"},\"potentialAction\":[{\"@type\":\"SearchAction\",\"target\":{\"@type\":\"EntryPoint\",\"urlTemplate\":\"https:\/\/www.fluimac.com\/it\/?s={search_term_string}\"},\"query-input\":{\"@type\":\"PropertyValueSpecification\",\"valueRequired\":true,\"valueName\":\"search_term_string\"}}],\"inLanguage\":\"es\"},{\"@type\":\"Organization\",\"@id\":\"https:\/\/www.fluimac.com\/it\/#organization\",\"name\":\"Fluimac\",\"url\":\"https:\/\/www.fluimac.com\/it\/\",\"logo\":{\"@type\":\"ImageObject\",\"inLanguage\":\"es\",\"@id\":\"https:\/\/www.fluimac.com\/it\/#\/schema\/logo\/image\/\",\"url\":\"https:\/\/www.fluimac.com\/wp-content\/uploads\/2021\/04\/fluimac-logo-1.jpg\",\"contentUrl\":\"https:\/\/www.fluimac.com\/wp-content\/uploads\/2021\/04\/fluimac-logo-1.jpg\",\"width\":500,\"height\":132,\"caption\":\"Fluimac\"},\"image\":{\"@id\":\"https:\/\/www.fluimac.com\/it\/#\/schema\/logo\/image\/\"}}]}<\/script>\n<!-- \/ Yoast SEO plugin. -->","yoast_head_json":{"title":"Bombas de aire para t\u00faneles de lavado","description":"En el sector del lavado de coches, la experiencia de FLUIMAC\u00ae le permite ofrecer una gama de productos muy adecuados para un entorno que requiere una gran fiabilidad y robustez, debido al repetido \u00abestr\u00e9s\u00bb mec\u00e1nico al que est\u00e1n sometidos los equipos.","robots":{"index":"index","follow":"follow","max-snippet":"max-snippet:-1","max-image-preview":"max-image-preview:large","max-video-preview":"max-video-preview:-1"},"canonical":"https:\/\/www.fluimac.com\/es\/lavacoches-bombas\/","og_locale":"es_ES","og_type":"article","og_title":"Bombas de aire para t\u00faneles de lavado","og_description":"En el sector del lavado de coches, la experiencia de FLUIMAC\u00ae le permite ofrecer una gama de productos muy adecuados para un entorno que requiere una gran fiabilidad y robustez, debido al repetido \u00abestr\u00e9s\u00bb mec\u00e1nico al que est\u00e1n sometidos los equipos.","og_url":"https:\/\/www.fluimac.com\/es\/lavacoches-bombas\/","og_site_name":"Fluimac","article_modified_time":"2025-04-24T13:17:46+00:00","og_image":[{"width":800,"height":600,"url":"https:\/\/www.fluimac.com\/wp-content\/uploads\/2024\/04\/1.webp","type":"image\/webp"}],"twitter_card":"summary_large_image","schema":{"@context":"https:\/\/schema.org","@graph":[{"@type":"WebPage","@id":"https:\/\/www.fluimac.com\/es\/lavacoches-bombas\/","url":"https:\/\/www.fluimac.com\/es\/lavacoches-bombas\/","name":"Bombas de aire para t\u00faneles de lavado","isPartOf":{"@id":"https:\/\/www.fluimac.com\/it\/#website"},"primaryImageOfPage":{"@id":"https:\/\/www.fluimac.com\/es\/lavacoches-bombas\/#primaryimage"},"image":{"@id":"https:\/\/www.fluimac.com\/es\/lavacoches-bombas\/#primaryimage"},"thumbnailUrl":"https:\/\/www.fluimac.com\/wp-content\/uploads\/2024\/04\/1.webp","datePublished":"2024-06-27T10:07:32+00:00","dateModified":"2025-04-24T13:17:46+00:00","description":"En el sector del lavado de coches, la experiencia de FLUIMAC\u00ae le permite ofrecer una gama de productos muy adecuados para un entorno que requiere una gran fiabilidad y robustez, debido al repetido \u00abestr\u00e9s\u00bb mec\u00e1nico al que est\u00e1n sometidos los equipos.","breadcrumb":{"@id":"https:\/\/www.fluimac.com\/es\/lavacoches-bombas\/#breadcrumb"},"inLanguage":"es","potentialAction":[{"@type":"ReadAction","target":["https:\/\/www.fluimac.com\/es\/lavacoches-bombas\/"]}]},{"@type":"ImageObject","inLanguage":"es","@id":"https:\/\/www.fluimac.com\/es\/lavacoches-bombas\/#primaryimage","url":"https:\/\/www.fluimac.com\/wp-content\/uploads\/2024\/04\/1.webp","contentUrl":"https:\/\/www.fluimac.com\/wp-content\/uploads\/2024\/04\/1.webp","width":800,"height":600,"caption":"Fluimac - Pumps we trust"},{"@type":"BreadcrumbList","@id":"https:\/\/www.fluimac.com\/es\/lavacoches-bombas\/#breadcrumb","itemListElement":[{"@type":"ListItem","position":1,"name":"Home","item":"https:\/\/www.fluimac.com\/es\/"},{"@type":"ListItem","position":2,"name":"Bombas de lavado de coches"}]},{"@type":"WebSite","@id":"https:\/\/www.fluimac.com\/it\/#website","url":"https:\/\/www.fluimac.com\/it\/","name":"Fluimac","description":"Pump we trust","publisher":{"@id":"https:\/\/www.fluimac.com\/it\/#organization"},"potentialAction":[{"@type":"SearchAction","target":{"@type":"EntryPoint","urlTemplate":"https:\/\/www.fluimac.com\/it\/?s={search_term_string}"},"query-input":{"@type":"PropertyValueSpecification","valueRequired":true,"valueName":"search_term_string"}}],"inLanguage":"es"},{"@type":"Organization","@id":"https:\/\/www.fluimac.com\/it\/#organization","name":"Fluimac","url":"https:\/\/www.fluimac.com\/it\/","logo":{"@type":"ImageObject","inLanguage":"es","@id":"https:\/\/www.fluimac.com\/it\/#\/schema\/logo\/image\/","url":"https:\/\/www.fluimac.com\/wp-content\/uploads\/2021\/04\/fluimac-logo-1.jpg","contentUrl":"https:\/\/www.fluimac.com\/wp-content\/uploads\/2021\/04\/fluimac-logo-1.jpg","width":500,"height":132,"caption":"Fluimac"},"image":{"@id":"https:\/\/www.fluimac.com\/it\/#\/schema\/logo\/image\/"}}]}},"_links":{"self":[{"href":"https:\/\/www.fluimac.com\/es\/wp-json\/wp\/v2\/pages\/22547","targetHints":{"allow":["GET"]}}],"collection":[{"href":"https:\/\/www.fluimac.com\/es\/wp-json\/wp\/v2\/pages"}],"about":[{"href":"https:\/\/www.fluimac.com\/es\/wp-json\/wp\/v2\/types\/page"}],"author":[{"embeddable":true,"href":"https:\/\/www.fluimac.com\/es\/wp-json\/wp\/v2\/users\/1"}],"replies":[{"embeddable":true,"href":"https:\/\/www.fluimac.com\/es\/wp-json\/wp\/v2\/comments?post=22547"}],"version-history":[{"count":4,"href":"https:\/\/www.fluimac.com\/es\/wp-json\/wp\/v2\/pages\/22547\/revisions"}],"predecessor-version":[{"id":22557,"href":"https:\/\/www.fluimac.com\/es\/wp-json\/wp\/v2\/pages\/22547\/revisions\/22557"}],"wp:featuredmedia":[{"embeddable":true,"href":"https:\/\/www.fluimac.com\/es\/wp-json\/wp\/v2\/media\/8376"}],"wp:attachment":[{"href":"https:\/\/www.fluimac.com\/es\/wp-json\/wp\/v2\/media?parent=22547"}],"curies":[{"name":"wp","href":"https:\/\/api.w.org\/{rel}","templated":true}]}}