{"id":22491,"date":"2024-06-27T11:53:29","date_gmt":"2024-06-27T09:53:29","guid":{"rendered":"https:\/\/www.fluimac.com\/pompe-industria-ittica\/"},"modified":"2025-04-24T15:04:49","modified_gmt":"2025-04-24T13:04:49","slug":"bombas-industria-optica","status":"publish","type":"page","link":"https:\/\/www.fluimac.com\/es\/bombas-industria-optica\/","title":{"rendered":"Bombas para la industria pesquera"},"content":{"rendered":"\t\t<div data-elementor-type=\"wp-page\" data-elementor-id=\"22491\" class=\"elementor elementor-22491 elementor-7181\" data-elementor-post-type=\"page\">\n\t\t\t\t\t\t<section class=\"elementor-section elementor-top-section elementor-element elementor-element-70952e8 elementor-section-full_width elementor-section-height-default elementor-section-height-default\" data-id=\"70952e8\" data-element_type=\"section\">\n\t\t\t\t\t\t<div class=\"elementor-container elementor-column-gap-default\">\n\t\t\t\t\t<div class=\"elementor-column elementor-col-50 elementor-top-column elementor-element elementor-element-950c84c\" data-id=\"950c84c\" data-element_type=\"column\">\n\t\t\t<div class=\"elementor-widget-wrap elementor-element-populated\">\n\t\t\t\t\t\t<div class=\"elementor-element elementor-element-e1b851c elementor-widget elementor-widget-image\" data-id=\"e1b851c\" data-element_type=\"widget\" data-widget_type=\"image.default\">\n\t\t\t\t<div class=\"elementor-widget-container\">\n\t\t\t\t\t\t\t\t\t\t\t\t\t\t\t<img fetchpriority=\"high\" decoding=\"async\" width=\"251\" height=\"251\" src=\"https:\/\/www.fluimac.com\/wp-content\/uploads\/2024\/04\/industria-ittica-blu.webp\" class=\"attachment-large size-large wp-image-8562\" alt=\"Pompe Industria Ittica\" \/>\t\t\t\t\t\t\t\t\t\t\t\t\t\t\t<\/div>\n\t\t\t\t<\/div>\n\t\t\t\t<div class=\"elementor-element elementor-element-98f4d09 elementor-widget elementor-widget-heading\" data-id=\"98f4d09\" data-element_type=\"widget\" data-widget_type=\"heading.default\">\n\t\t\t\t<div class=\"elementor-widget-container\">\n\t\t\t\t\t<h1 class=\"elementor-heading-title elementor-size-default\">Bombas para la industria pesquera<\/h1>\t\t\t\t<\/div>\n\t\t\t\t<\/div>\n\t\t\t\t<div class=\"elementor-element elementor-element-43d1848 elementor-widget elementor-widget-text-editor\" data-id=\"43d1848\" data-element_type=\"widget\" data-widget_type=\"text-editor.default\">\n\t\t\t\t<div class=\"elementor-widget-container\">\n\t\t\t\t\t\t\t\t\t<div class=\"main-body\"><p>La acuicultura o piscicultura es una industria en la que se cr\u00edan y recogen peces, crust\u00e1ceos y moluscos. Puede hacerse en tierra, en un recinto artificial, en r\u00edos, lagos y en el mar. La piscicultura requiere siempre una nueva cantidad de agua para que no se estanque, lo que depende de las bombas de circulaci\u00f3n de agua.<\/p><p>Las bombas FLUIMAC\u00ae est\u00e1n disponibles en una gama de rendimientos en funci\u00f3n del tama\u00f1o de la explotaci\u00f3n pisc\u00edcola actual.<\/p><\/div>\t\t\t\t\t\t\t\t<\/div>\n\t\t\t\t<\/div>\n\t\t\t\t\t<\/div>\n\t\t<\/div>\n\t\t\t\t<div class=\"elementor-column elementor-col-50 elementor-top-column elementor-element elementor-element-f857a04 elementor-hidden-tablet\" data-id=\"f857a04\" data-element_type=\"column\">\n\t\t\t<div class=\"elementor-widget-wrap elementor-element-populated\">\n\t\t\t\t\t\t<div class=\"elementor-element elementor-element-10cacfb elementor-arrows-position-inside elementor-widget elementor-widget-image-carousel\" data-id=\"10cacfb\" data-element_type=\"widget\" data-settings=\"{&quot;slides_to_show&quot;:&quot;1&quot;,&quot;navigation&quot;:&quot;arrows&quot;,&quot;autoplay&quot;:&quot;yes&quot;,&quot;pause_on_hover&quot;:&quot;yes&quot;,&quot;pause_on_interaction&quot;:&quot;yes&quot;,&quot;autoplay_speed&quot;:5000,&quot;infinite&quot;:&quot;yes&quot;,&quot;effect&quot;:&quot;slide&quot;,&quot;speed&quot;:500}\" data-widget_type=\"image-carousel.default\">\n\t\t\t\t<div class=\"elementor-widget-container\">\n\t\t\t\t\t\t\t<div class=\"elementor-image-carousel-wrapper swiper\" role=\"region\" aria-roledescription=\"carousel\" aria-label=\"Carosello d&#039;immagini\" dir=\"ltr\">\n\t\t\t<div class=\"elementor-image-carousel swiper-wrapper\" aria-live=\"off\">\n\t\t\t\t\t\t\t\t<div class=\"swiper-slide\" role=\"group\" aria-roledescription=\"slide\" aria-label=\"1 de 1\"><figure class=\"swiper-slide-inner\"><img decoding=\"async\" class=\"swiper-slide-image\" src=\"https:\/\/www.fluimac.com\/wp-content\/uploads\/2024\/06\/industria_ittica_1.webp\" alt=\"Pompe Industria Ittica Fluimac - Pumps we trust\" \/><\/figure><\/div>\t\t\t<\/div>\n\t\t\t\t\t<\/div>\n\t\t\t\t\t\t<\/div>\n\t\t\t\t<\/div>\n\t\t\t\t\t<\/div>\n\t\t<\/div>\n\t\t\t\t\t<\/div>\n\t\t<\/section>\n\t\t\t\t<section class=\"elementor-section elementor-top-section elementor-element elementor-element-d74007f elementor-section-boxed elementor-section-height-default elementor-section-height-default\" data-id=\"d74007f\" data-element_type=\"section\" data-settings=\"{&quot;background_background&quot;:&quot;classic&quot;}\">\n\t\t\t\t\t\t\t<div class=\"elementor-background-overlay\"><\/div>\n\t\t\t\t\t\t\t<div class=\"elementor-container elementor-column-gap-default\">\n\t\t\t\t\t<div class=\"elementor-column elementor-col-100 elementor-top-column elementor-element elementor-element-f770910\" data-id=\"f770910\" data-element_type=\"column\">\n\t\t\t<div class=\"elementor-widget-wrap elementor-element-populated\">\n\t\t\t\t\t\t<div class=\"elementor-element elementor-element-17dad4e elementor-widget elementor-widget-heading\" data-id=\"17dad4e\" data-element_type=\"widget\" data-widget_type=\"heading.default\">\n\t\t\t\t<div class=\"elementor-widget-container\">\n\t\t\t\t\t<h2 class=\"elementor-heading-title elementor-size-default\">Solicitar una consulta<\/h2>\t\t\t\t<\/div>\n\t\t\t\t<\/div>\n\t\t\t\t<div class=\"elementor-element elementor-element-9fe6f70 elementor-widget-divider--view-line elementor-widget elementor-widget-divider\" data-id=\"9fe6f70\" data-element_type=\"widget\" data-widget_type=\"divider.default\">\n\t\t\t\t<div class=\"elementor-widget-container\">\n\t\t\t\t\t\t\t<div class=\"elementor-divider\">\n\t\t\t<span class=\"elementor-divider-separator\">\n\t\t\t\t\t\t<\/span>\n\t\t<\/div>\n\t\t\t\t\t\t<\/div>\n\t\t\t\t<\/div>\n\t\t\t\t<div class=\"elementor-element elementor-element-d5f1afa elementor-widget elementor-widget-global elementor-global-18701 elementor-widget-html\" data-id=\"d5f1afa\" data-element_type=\"widget\" data-widget_type=\"html.default\">\n\t\t\t\t<div class=\"elementor-widget-container\">\n\t\t\t\t\t<script charset=\"utf-8\" type=\"text\/javascript\" src=\"\/\/js-eu1.hsforms.net\/forms\/embed\/v2.js\"><\/script>\n<script>\n  hbspt.forms.create({\n    portalId: \"144007426\",\n    formId: \"ed80b1fe-fe9b-4e42-bca9-79d93234b5a9\"\n  });\n<\/script>\t\t\t\t<\/div>\n\t\t\t\t<\/div>\n\t\t\t\t\t<\/div>\n\t\t<\/div>\n\t\t\t\t\t<\/div>\n\t\t<\/section>\n\t\t\t\t<section class=\"elementor-section elementor-top-section elementor-element elementor-element-6a8cbda elementor-section-boxed elementor-section-height-default elementor-section-height-default\" data-id=\"6a8cbda\" data-element_type=\"section\">\n\t\t\t\t\t\t<div class=\"elementor-container elementor-column-gap-default\">\n\t\t\t\t\t<div class=\"elementor-column elementor-col-100 elementor-top-column elementor-element elementor-element-bb5f237\" data-id=\"bb5f237\" data-element_type=\"column\">\n\t\t\t<div class=\"elementor-widget-wrap elementor-element-populated\">\n\t\t\t\t\t\t<div class=\"elementor-element elementor-element-f591c6a elementor-widget elementor-widget-heading\" data-id=\"f591c6a\" data-element_type=\"widget\" data-widget_type=\"heading.default\">\n\t\t\t\t<div class=\"elementor-widget-container\">\n\t\t\t\t\t<h2 class=\"elementor-heading-title elementor-size-default\">Las mejores soluciones, certificadas<\/h2>\t\t\t\t<\/div>\n\t\t\t\t<\/div>\n\t\t\t\t<div class=\"elementor-element elementor-element-9226e76 elementor-widget-divider--view-line elementor-widget elementor-widget-divider\" data-id=\"9226e76\" data-element_type=\"widget\" data-widget_type=\"divider.default\">\n\t\t\t\t<div class=\"elementor-widget-container\">\n\t\t\t\t\t\t\t<div class=\"elementor-divider\">\n\t\t\t<span class=\"elementor-divider-separator\">\n\t\t\t\t\t\t<\/span>\n\t\t<\/div>\n\t\t\t\t\t\t<\/div>\n\t\t\t\t<\/div>\n\t\t\t\t<section class=\"elementor-section elementor-inner-section elementor-element elementor-element-e95654d elementor-section-full_width elementor-section-height-default elementor-section-height-default\" data-id=\"e95654d\" data-element_type=\"section\">\n\t\t\t\t\t\t<div class=\"elementor-container elementor-column-gap-default\">\n\t\t\t\t\t<div class=\"elementor-column elementor-col-14 elementor-inner-column elementor-element elementor-element-63317f7\" data-id=\"63317f7\" data-element_type=\"column\">\n\t\t\t<div class=\"elementor-widget-wrap elementor-element-populated\">\n\t\t\t\t\t\t<div class=\"elementor-element elementor-element-e1210a9 elementor-widget elementor-widget-image\" data-id=\"e1210a9\" data-element_type=\"widget\" data-widget_type=\"image.default\">\n\t\t\t\t<div class=\"elementor-widget-container\">\n\t\t\t\t\t\t\t\t\t\t\t\t\t\t\t<img decoding=\"async\" width=\"425\" height=\"425\" src=\"https:\/\/www.fluimac.com\/wp-content\/uploads\/2024\/04\/certificazione_01.webp\" class=\"attachment-large size-large wp-image-8379\" alt=\"\" \/>\t\t\t\t\t\t\t\t\t\t\t\t\t\t\t<\/div>\n\t\t\t\t<\/div>\n\t\t\t\t\t<\/div>\n\t\t<\/div>\n\t\t\t\t<div class=\"elementor-column elementor-col-14 elementor-inner-column elementor-element elementor-element-d652585\" data-id=\"d652585\" data-element_type=\"column\">\n\t\t\t<div class=\"elementor-widget-wrap elementor-element-populated\">\n\t\t\t\t\t\t<div class=\"elementor-element elementor-element-3a31faa elementor-widget elementor-widget-image\" data-id=\"3a31faa\" data-element_type=\"widget\" data-widget_type=\"image.default\">\n\t\t\t\t<div class=\"elementor-widget-container\">\n\t\t\t\t\t\t\t\t\t\t\t\t\t\t\t<img decoding=\"async\" width=\"425\" height=\"425\" src=\"https:\/\/www.fluimac.com\/wp-content\/uploads\/2024\/04\/certificazione_02.webp\" class=\"attachment-large size-large wp-image-8382\" alt=\"\" \/>\t\t\t\t\t\t\t\t\t\t\t\t\t\t\t<\/div>\n\t\t\t\t<\/div>\n\t\t\t\t\t<\/div>\n\t\t<\/div>\n\t\t\t\t<div class=\"elementor-column elementor-col-14 elementor-inner-column elementor-element elementor-element-0875b39\" data-id=\"0875b39\" data-element_type=\"column\">\n\t\t\t<div class=\"elementor-widget-wrap elementor-element-populated\">\n\t\t\t\t\t\t<div class=\"elementor-element elementor-element-7f2afbe elementor-widget elementor-widget-image\" data-id=\"7f2afbe\" data-element_type=\"widget\" data-widget_type=\"image.default\">\n\t\t\t\t<div class=\"elementor-widget-container\">\n\t\t\t\t\t\t\t\t\t\t\t\t\t\t\t<img loading=\"lazy\" decoding=\"async\" width=\"425\" height=\"425\" src=\"https:\/\/www.fluimac.com\/wp-content\/uploads\/2024\/04\/certificazione_03.webp\" class=\"attachment-large size-large wp-image-8385\" alt=\"\" \/>\t\t\t\t\t\t\t\t\t\t\t\t\t\t\t<\/div>\n\t\t\t\t<\/div>\n\t\t\t\t\t<\/div>\n\t\t<\/div>\n\t\t\t\t<div class=\"elementor-column elementor-col-14 elementor-inner-column elementor-element elementor-element-a746803\" data-id=\"a746803\" data-element_type=\"column\">\n\t\t\t<div class=\"elementor-widget-wrap elementor-element-populated\">\n\t\t\t\t\t\t<div class=\"elementor-element elementor-element-23a2f86 elementor-widget elementor-widget-image\" data-id=\"23a2f86\" data-element_type=\"widget\" data-widget_type=\"image.default\">\n\t\t\t\t<div class=\"elementor-widget-container\">\n\t\t\t\t\t\t\t\t\t\t\t\t\t\t\t<img loading=\"lazy\" decoding=\"async\" width=\"425\" height=\"425\" src=\"https:\/\/www.fluimac.com\/wp-content\/uploads\/2024\/04\/certificazione_04.webp\" class=\"attachment-large size-large wp-image-8388\" alt=\"\" \/>\t\t\t\t\t\t\t\t\t\t\t\t\t\t\t<\/div>\n\t\t\t\t<\/div>\n\t\t\t\t\t<\/div>\n\t\t<\/div>\n\t\t\t\t<div class=\"elementor-column elementor-col-14 elementor-inner-column elementor-element elementor-element-9a030b0\" data-id=\"9a030b0\" data-element_type=\"column\">\n\t\t\t<div class=\"elementor-widget-wrap elementor-element-populated\">\n\t\t\t\t\t\t<div class=\"elementor-element elementor-element-2ca4447 elementor-widget elementor-widget-image\" data-id=\"2ca4447\" data-element_type=\"widget\" data-widget_type=\"image.default\">\n\t\t\t\t<div class=\"elementor-widget-container\">\n\t\t\t\t\t\t\t\t\t\t\t\t\t\t\t<img loading=\"lazy\" decoding=\"async\" width=\"425\" height=\"425\" src=\"https:\/\/www.fluimac.com\/wp-content\/uploads\/2024\/04\/certificazione_05.webp\" class=\"attachment-large size-large wp-image-8391\" alt=\"\" \/>\t\t\t\t\t\t\t\t\t\t\t\t\t\t\t<\/div>\n\t\t\t\t<\/div>\n\t\t\t\t\t<\/div>\n\t\t<\/div>\n\t\t\t\t<div class=\"elementor-column elementor-col-14 elementor-inner-column elementor-element elementor-element-18be8bd\" data-id=\"18be8bd\" data-element_type=\"column\">\n\t\t\t<div class=\"elementor-widget-wrap elementor-element-populated\">\n\t\t\t\t\t\t<div class=\"elementor-element elementor-element-00d26c3 elementor-widget elementor-widget-image\" data-id=\"00d26c3\" data-element_type=\"widget\" data-widget_type=\"image.default\">\n\t\t\t\t<div class=\"elementor-widget-container\">\n\t\t\t\t\t\t\t\t\t\t\t\t\t\t\t<img loading=\"lazy\" decoding=\"async\" width=\"425\" height=\"425\" src=\"https:\/\/www.fluimac.com\/wp-content\/uploads\/2024\/04\/certificazione_FDA-COMPLIANT.webp\" class=\"attachment-large size-large wp-image-8394\" alt=\"\" \/>\t\t\t\t\t\t\t\t\t\t\t\t\t\t\t<\/div>\n\t\t\t\t<\/div>\n\t\t\t\t\t<\/div>\n\t\t<\/div>\n\t\t\t\t<div class=\"elementor-column elementor-col-14 elementor-inner-column elementor-element elementor-element-ff57867\" data-id=\"ff57867\" data-element_type=\"column\">\n\t\t\t<div class=\"elementor-widget-wrap elementor-element-populated\">\n\t\t\t\t\t\t<div class=\"elementor-element elementor-element-e02d78f elementor-widget elementor-widget-image\" data-id=\"e02d78f\" data-element_type=\"widget\" data-widget_type=\"image.default\">\n\t\t\t\t<div class=\"elementor-widget-container\">\n\t\t\t\t\t\t\t\t\t\t\t\t\t\t\t<img loading=\"lazy\" decoding=\"async\" width=\"425\" height=\"425\" src=\"https:\/\/www.fluimac.com\/wp-content\/uploads\/2024\/04\/certificazione_07.webp\" class=\"attachment-large size-large wp-image-8397\" alt=\"\" \/>\t\t\t\t\t\t\t\t\t\t\t\t\t\t\t<\/div>\n\t\t\t\t<\/div>\n\t\t\t\t\t<\/div>\n\t\t<\/div>\n\t\t\t\t\t<\/div>\n\t\t<\/section>\n\t\t\t\t\t<\/div>\n\t\t<\/div>\n\t\t\t\t\t<\/div>\n\t\t<\/section>\n\t\t\t\t<\/div>\n\t\t","protected":false},"excerpt":{"rendered":"<p>Bombas para la industria pesquera La acuicultura o piscicultura es una industria en la que se cr\u00edan y recogen peces, crust\u00e1ceos y moluscos. Puede hacerse en tierra, en un recinto artificial, en r\u00edos, lagos y en el mar. La piscicultura requiere siempre una nueva cantidad de agua para que no se estanque, lo que depende [&hellip;]<\/p>\n","protected":false},"author":1,"featured_media":8376,"parent":0,"menu_order":0,"comment_status":"closed","ping_status":"closed","template":"","meta":{"footnotes":"","_wp_rev_ctl_limit":""},"class_list":["post-22491","page","type-page","status-publish","has-post-thumbnail","hentry"],"yoast_head":"<!-- This site is optimized with the Yoast SEO plugin v26.8 - https:\/\/yoast.com\/product\/yoast-seo-wordpress\/ -->\n<title>Bombas neum\u00e1ticas para la industria pesquera<\/title>\n<meta name=\"description\" content=\"La acuicultura o piscicultura requiere siempre una nueva cantidad de agua para garantizar que no se estanque, lo que depende de las bombas de circulaci\u00f3n de agua. Las bombas FLUIMAC\u00ae est\u00e1n disponibles en una gama de rendimientos en funci\u00f3n del tama\u00f1o de la explotaci\u00f3n pisc\u00edcola actual.\" \/>\n<meta name=\"robots\" content=\"index, follow, max-snippet:-1, max-image-preview:large, max-video-preview:-1\" \/>\n<link rel=\"canonical\" href=\"https:\/\/www.fluimac.com\/es\/bombas-industria-optica\/\" \/>\n<meta property=\"og:locale\" content=\"es_ES\" \/>\n<meta property=\"og:type\" content=\"article\" \/>\n<meta property=\"og:title\" content=\"Bombas neum\u00e1ticas para la industria pesquera\" \/>\n<meta property=\"og:description\" content=\"La acuicultura o piscicultura requiere siempre una nueva cantidad de agua para garantizar que no se estanque, lo que depende de las bombas de circulaci\u00f3n de agua. Las bombas FLUIMAC\u00ae est\u00e1n disponibles en una gama de rendimientos en funci\u00f3n del tama\u00f1o de la explotaci\u00f3n pisc\u00edcola actual.\" \/>\n<meta property=\"og:url\" content=\"https:\/\/www.fluimac.com\/es\/bombas-industria-optica\/\" \/>\n<meta property=\"og:site_name\" content=\"Fluimac\" \/>\n<meta property=\"article:modified_time\" content=\"2025-04-24T13:04:49+00:00\" \/>\n<meta property=\"og:image\" content=\"https:\/\/www.fluimac.com\/wp-content\/uploads\/2024\/04\/1.webp\" \/>\n\t<meta property=\"og:image:width\" content=\"800\" \/>\n\t<meta property=\"og:image:height\" content=\"600\" \/>\n\t<meta property=\"og:image:type\" content=\"image\/webp\" \/>\n<meta name=\"twitter:card\" content=\"summary_large_image\" \/>\n<script type=\"application\/ld+json\" class=\"yoast-schema-graph\">{\"@context\":\"https:\/\/schema.org\",\"@graph\":[{\"@type\":\"WebPage\",\"@id\":\"https:\/\/www.fluimac.com\/es\/bombas-industria-optica\/\",\"url\":\"https:\/\/www.fluimac.com\/es\/bombas-industria-optica\/\",\"name\":\"Bombas neum\u00e1ticas para la industria pesquera\",\"isPartOf\":{\"@id\":\"https:\/\/www.fluimac.com\/it\/#website\"},\"primaryImageOfPage\":{\"@id\":\"https:\/\/www.fluimac.com\/es\/bombas-industria-optica\/#primaryimage\"},\"image\":{\"@id\":\"https:\/\/www.fluimac.com\/es\/bombas-industria-optica\/#primaryimage\"},\"thumbnailUrl\":\"https:\/\/www.fluimac.com\/wp-content\/uploads\/2024\/04\/1.webp\",\"datePublished\":\"2024-06-27T09:53:29+00:00\",\"dateModified\":\"2025-04-24T13:04:49+00:00\",\"description\":\"La acuicultura o piscicultura requiere siempre una nueva cantidad de agua para garantizar que no se estanque, lo que depende de las bombas de circulaci\u00f3n de agua. Las bombas FLUIMAC\u00ae est\u00e1n disponibles en una gama de rendimientos en funci\u00f3n del tama\u00f1o de la explotaci\u00f3n pisc\u00edcola actual.\",\"breadcrumb\":{\"@id\":\"https:\/\/www.fluimac.com\/es\/bombas-industria-optica\/#breadcrumb\"},\"inLanguage\":\"es\",\"potentialAction\":[{\"@type\":\"ReadAction\",\"target\":[\"https:\/\/www.fluimac.com\/es\/bombas-industria-optica\/\"]}]},{\"@type\":\"ImageObject\",\"inLanguage\":\"es\",\"@id\":\"https:\/\/www.fluimac.com\/es\/bombas-industria-optica\/#primaryimage\",\"url\":\"https:\/\/www.fluimac.com\/wp-content\/uploads\/2024\/04\/1.webp\",\"contentUrl\":\"https:\/\/www.fluimac.com\/wp-content\/uploads\/2024\/04\/1.webp\",\"width\":800,\"height\":600,\"caption\":\"Fluimac - Pumps we trust\"},{\"@type\":\"BreadcrumbList\",\"@id\":\"https:\/\/www.fluimac.com\/es\/bombas-industria-optica\/#breadcrumb\",\"itemListElement\":[{\"@type\":\"ListItem\",\"position\":1,\"name\":\"Home\",\"item\":\"https:\/\/www.fluimac.com\/es\/\"},{\"@type\":\"ListItem\",\"position\":2,\"name\":\"Bombas para la industria pesquera\"}]},{\"@type\":\"WebSite\",\"@id\":\"https:\/\/www.fluimac.com\/it\/#website\",\"url\":\"https:\/\/www.fluimac.com\/it\/\",\"name\":\"Fluimac\",\"description\":\"Pump we trust\",\"publisher\":{\"@id\":\"https:\/\/www.fluimac.com\/it\/#organization\"},\"potentialAction\":[{\"@type\":\"SearchAction\",\"target\":{\"@type\":\"EntryPoint\",\"urlTemplate\":\"https:\/\/www.fluimac.com\/it\/?s={search_term_string}\"},\"query-input\":{\"@type\":\"PropertyValueSpecification\",\"valueRequired\":true,\"valueName\":\"search_term_string\"}}],\"inLanguage\":\"es\"},{\"@type\":\"Organization\",\"@id\":\"https:\/\/www.fluimac.com\/it\/#organization\",\"name\":\"Fluimac\",\"url\":\"https:\/\/www.fluimac.com\/it\/\",\"logo\":{\"@type\":\"ImageObject\",\"inLanguage\":\"es\",\"@id\":\"https:\/\/www.fluimac.com\/it\/#\/schema\/logo\/image\/\",\"url\":\"https:\/\/www.fluimac.com\/wp-content\/uploads\/2021\/04\/fluimac-logo-1.jpg\",\"contentUrl\":\"https:\/\/www.fluimac.com\/wp-content\/uploads\/2021\/04\/fluimac-logo-1.jpg\",\"width\":500,\"height\":132,\"caption\":\"Fluimac\"},\"image\":{\"@id\":\"https:\/\/www.fluimac.com\/it\/#\/schema\/logo\/image\/\"}}]}<\/script>\n<!-- \/ Yoast SEO plugin. -->","yoast_head_json":{"title":"Bombas neum\u00e1ticas para la industria pesquera","description":"La acuicultura o piscicultura requiere siempre una nueva cantidad de agua para garantizar que no se estanque, lo que depende de las bombas de circulaci\u00f3n de agua. Las bombas FLUIMAC\u00ae est\u00e1n disponibles en una gama de rendimientos en funci\u00f3n del tama\u00f1o de la explotaci\u00f3n pisc\u00edcola actual.","robots":{"index":"index","follow":"follow","max-snippet":"max-snippet:-1","max-image-preview":"max-image-preview:large","max-video-preview":"max-video-preview:-1"},"canonical":"https:\/\/www.fluimac.com\/es\/bombas-industria-optica\/","og_locale":"es_ES","og_type":"article","og_title":"Bombas neum\u00e1ticas para la industria pesquera","og_description":"La acuicultura o piscicultura requiere siempre una nueva cantidad de agua para garantizar que no se estanque, lo que depende de las bombas de circulaci\u00f3n de agua. Las bombas FLUIMAC\u00ae est\u00e1n disponibles en una gama de rendimientos en funci\u00f3n del tama\u00f1o de la explotaci\u00f3n pisc\u00edcola actual.","og_url":"https:\/\/www.fluimac.com\/es\/bombas-industria-optica\/","og_site_name":"Fluimac","article_modified_time":"2025-04-24T13:04:49+00:00","og_image":[{"width":800,"height":600,"url":"https:\/\/www.fluimac.com\/wp-content\/uploads\/2024\/04\/1.webp","type":"image\/webp"}],"twitter_card":"summary_large_image","schema":{"@context":"https:\/\/schema.org","@graph":[{"@type":"WebPage","@id":"https:\/\/www.fluimac.com\/es\/bombas-industria-optica\/","url":"https:\/\/www.fluimac.com\/es\/bombas-industria-optica\/","name":"Bombas neum\u00e1ticas para la industria pesquera","isPartOf":{"@id":"https:\/\/www.fluimac.com\/it\/#website"},"primaryImageOfPage":{"@id":"https:\/\/www.fluimac.com\/es\/bombas-industria-optica\/#primaryimage"},"image":{"@id":"https:\/\/www.fluimac.com\/es\/bombas-industria-optica\/#primaryimage"},"thumbnailUrl":"https:\/\/www.fluimac.com\/wp-content\/uploads\/2024\/04\/1.webp","datePublished":"2024-06-27T09:53:29+00:00","dateModified":"2025-04-24T13:04:49+00:00","description":"La acuicultura o piscicultura requiere siempre una nueva cantidad de agua para garantizar que no se estanque, lo que depende de las bombas de circulaci\u00f3n de agua. Las bombas FLUIMAC\u00ae est\u00e1n disponibles en una gama de rendimientos en funci\u00f3n del tama\u00f1o de la explotaci\u00f3n pisc\u00edcola actual.","breadcrumb":{"@id":"https:\/\/www.fluimac.com\/es\/bombas-industria-optica\/#breadcrumb"},"inLanguage":"es","potentialAction":[{"@type":"ReadAction","target":["https:\/\/www.fluimac.com\/es\/bombas-industria-optica\/"]}]},{"@type":"ImageObject","inLanguage":"es","@id":"https:\/\/www.fluimac.com\/es\/bombas-industria-optica\/#primaryimage","url":"https:\/\/www.fluimac.com\/wp-content\/uploads\/2024\/04\/1.webp","contentUrl":"https:\/\/www.fluimac.com\/wp-content\/uploads\/2024\/04\/1.webp","width":800,"height":600,"caption":"Fluimac - Pumps we trust"},{"@type":"BreadcrumbList","@id":"https:\/\/www.fluimac.com\/es\/bombas-industria-optica\/#breadcrumb","itemListElement":[{"@type":"ListItem","position":1,"name":"Home","item":"https:\/\/www.fluimac.com\/es\/"},{"@type":"ListItem","position":2,"name":"Bombas para la industria pesquera"}]},{"@type":"WebSite","@id":"https:\/\/www.fluimac.com\/it\/#website","url":"https:\/\/www.fluimac.com\/it\/","name":"Fluimac","description":"Pump we trust","publisher":{"@id":"https:\/\/www.fluimac.com\/it\/#organization"},"potentialAction":[{"@type":"SearchAction","target":{"@type":"EntryPoint","urlTemplate":"https:\/\/www.fluimac.com\/it\/?s={search_term_string}"},"query-input":{"@type":"PropertyValueSpecification","valueRequired":true,"valueName":"search_term_string"}}],"inLanguage":"es"},{"@type":"Organization","@id":"https:\/\/www.fluimac.com\/it\/#organization","name":"Fluimac","url":"https:\/\/www.fluimac.com\/it\/","logo":{"@type":"ImageObject","inLanguage":"es","@id":"https:\/\/www.fluimac.com\/it\/#\/schema\/logo\/image\/","url":"https:\/\/www.fluimac.com\/wp-content\/uploads\/2021\/04\/fluimac-logo-1.jpg","contentUrl":"https:\/\/www.fluimac.com\/wp-content\/uploads\/2021\/04\/fluimac-logo-1.jpg","width":500,"height":132,"caption":"Fluimac"},"image":{"@id":"https:\/\/www.fluimac.com\/it\/#\/schema\/logo\/image\/"}}]}},"_links":{"self":[{"href":"https:\/\/www.fluimac.com\/es\/wp-json\/wp\/v2\/pages\/22491","targetHints":{"allow":["GET"]}}],"collection":[{"href":"https:\/\/www.fluimac.com\/es\/wp-json\/wp\/v2\/pages"}],"about":[{"href":"https:\/\/www.fluimac.com\/es\/wp-json\/wp\/v2\/types\/page"}],"author":[{"embeddable":true,"href":"https:\/\/www.fluimac.com\/es\/wp-json\/wp\/v2\/users\/1"}],"replies":[{"embeddable":true,"href":"https:\/\/www.fluimac.com\/es\/wp-json\/wp\/v2\/comments?post=22491"}],"version-history":[{"count":4,"href":"https:\/\/www.fluimac.com\/es\/wp-json\/wp\/v2\/pages\/22491\/revisions"}],"predecessor-version":[{"id":22500,"href":"https:\/\/www.fluimac.com\/es\/wp-json\/wp\/v2\/pages\/22491\/revisions\/22500"}],"wp:featuredmedia":[{"embeddable":true,"href":"https:\/\/www.fluimac.com\/es\/wp-json\/wp\/v2\/media\/8376"}],"wp:attachment":[{"href":"https:\/\/www.fluimac.com\/es\/wp-json\/wp\/v2\/media?parent=22491"}],"curies":[{"name":"wp","href":"https:\/\/api.w.org\/{rel}","templated":true}]}}