{"id":18923,"date":"2024-07-10T11:08:19","date_gmt":"2024-07-10T09:08:19","guid":{"rendered":"https:\/\/www.fluimac.com\/news-e-fiere\/"},"modified":"2026-04-01T15:19:20","modified_gmt":"2026-04-01T13:19:20","slug":"noticias-y-ferias","status":"publish","type":"page","link":"https:\/\/www.fluimac.com\/es\/noticias-y-ferias\/","title":{"rendered":"News&#038;Fiere"},"content":{"rendered":"\t\t<div data-elementor-type=\"wp-page\" data-elementor-id=\"18923\" class=\"elementor elementor-18923 elementor-11542\" data-elementor-post-type=\"page\">\n\t\t\t\t\t\t<section class=\"elementor-section elementor-top-section elementor-element elementor-element-d7e1e02 elementor-section-boxed elementor-section-height-default elementor-section-height-default\" data-id=\"d7e1e02\" data-element_type=\"section\" data-settings=\"{&quot;background_background&quot;:&quot;classic&quot;}\">\n\t\t\t\t\t\t\t<div class=\"elementor-background-overlay\"><\/div>\n\t\t\t\t\t\t\t<div class=\"elementor-container elementor-column-gap-default\">\n\t\t\t\t\t<div class=\"elementor-column elementor-col-100 elementor-top-column elementor-element elementor-element-c042aeb\" data-id=\"c042aeb\" data-element_type=\"column\">\n\t\t\t<div class=\"elementor-widget-wrap elementor-element-populated\">\n\t\t\t\t\t\t<div class=\"elementor-element elementor-element-ad77984 elementor-widget elementor-widget-heading\" data-id=\"ad77984\" data-element_type=\"widget\" data-widget_type=\"heading.default\">\n\t\t\t\t<div class=\"elementor-widget-container\">\n\t\t\t\t\t<h1 class=\"elementor-heading-title elementor-size-default\">Noticias y ferias<\/h1>\t\t\t\t<\/div>\n\t\t\t\t<\/div>\n\t\t\t\t<div class=\"elementor-element elementor-element-f259f84 elementor-widget-divider--view-line elementor-widget elementor-widget-divider\" data-id=\"f259f84\" data-element_type=\"widget\" data-widget_type=\"divider.default\">\n\t\t\t\t<div class=\"elementor-widget-container\">\n\t\t\t\t\t\t\t<div class=\"elementor-divider\">\n\t\t\t<span class=\"elementor-divider-separator\">\n\t\t\t\t\t\t<\/span>\n\t\t<\/div>\n\t\t\t\t\t\t<\/div>\n\t\t\t\t<\/div>\n\t\t\t\t\t<\/div>\n\t\t<\/div>\n\t\t\t\t\t<\/div>\n\t\t<\/section>\n\t\t\t\t<section class=\"elementor-section elementor-top-section elementor-element elementor-element-93d11e7 elementor-section-boxed elementor-section-height-default elementor-section-height-default\" data-id=\"93d11e7\" data-element_type=\"section\">\n\t\t\t\t\t\t<div class=\"elementor-container elementor-column-gap-default\">\n\t\t\t\t\t<div class=\"elementor-column elementor-col-100 elementor-top-column elementor-element elementor-element-a4f6965\" data-id=\"a4f6965\" data-element_type=\"column\">\n\t\t\t<div class=\"elementor-widget-wrap elementor-element-populated\">\n\t\t\t\t\t\t<div class=\"elementor-element elementor-element-de44824 elementor-grid-3 elementor-grid-tablet-2 elementor-grid-mobile-1 elementor-posts--thumbnail-top elementor-widget elementor-widget-posts\" data-id=\"de44824\" data-element_type=\"widget\" data-settings=\"{&quot;classic_columns&quot;:&quot;3&quot;,&quot;classic_columns_tablet&quot;:&quot;2&quot;,&quot;classic_columns_mobile&quot;:&quot;1&quot;,&quot;classic_row_gap&quot;:{&quot;unit&quot;:&quot;px&quot;,&quot;size&quot;:35,&quot;sizes&quot;:[]},&quot;classic_row_gap_tablet&quot;:{&quot;unit&quot;:&quot;px&quot;,&quot;size&quot;:&quot;&quot;,&quot;sizes&quot;:[]},&quot;classic_row_gap_mobile&quot;:{&quot;unit&quot;:&quot;px&quot;,&quot;size&quot;:&quot;&quot;,&quot;sizes&quot;:[]}}\" data-widget_type=\"posts.classic\">\n\t\t\t\t<div class=\"elementor-widget-container\">\n\t\t\t\t\t\t\t<div class=\"elementor-posts-container elementor-posts elementor-posts--skin-classic elementor-grid\" role=\"list\">\n\t\t\t\t<article class=\"elementor-post elementor-grid-item post-33216 post type-post status-publish format-standard has-post-thumbnail hentry category-noticias-ferias\" role=\"listitem\">\n\t\t\t\t<a class=\"elementor-post__thumbnail__link\" href=\"https:\/\/www.fluimac.com\/es\/noticias-ferias\/ifat-2026-bombas-de-tratamiento-de-agua-medioambiente\/\" tabindex=\"-1\" >\n\t\t\t<div class=\"elementor-post__thumbnail\"><img fetchpriority=\"high\" decoding=\"async\" width=\"640\" height=\"400\" src=\"https:\/\/www.fluimac.com\/wp-content\/uploads\/2026\/03\/ifat-fiera-2026-fluimac.png\" class=\"attachment-medium size-medium wp-image-33146\" alt=\"\" \/><\/div>\n\t\t<\/a>\n\t\t\t\t<div class=\"elementor-post__text\">\n\t\t\t\t<h3 class=\"elementor-post__title\">\n\t\t\t<a href=\"https:\/\/www.fluimac.com\/es\/noticias-ferias\/ifat-2026-bombas-de-tratamiento-de-agua-medioambiente\/\" >\n\t\t\t\tFluimac en IFAT 2026: Soluciones de bombeo para el sector medioambiental\t\t\t<\/a>\n\t\t<\/h3>\n\t\t\t\t<div class=\"elementor-post__excerpt\">\n\t\t\t<p>Fluimac participa en IFAT, la feria internacional de tecnolog\u00edas medioambientales. Descubre sus soluciones de bombeo para el tratamiento de agua y aguas residuales.<\/p>\n\t\t<\/div>\n\t\t\n\t\t<a class=\"elementor-post__read-more\" href=\"https:\/\/www.fluimac.com\/es\/noticias-ferias\/ifat-2026-bombas-de-tratamiento-de-agua-medioambiente\/\" aria-label=\"M\u00e1s informaci\u00f3n sobre Fluimac en IFAT 2026: Soluciones de bombeo para el sector medioambiental\" tabindex=\"-1\" >\n\t\t\tLEER M\u00c1S +\t\t<\/a>\n\n\t\t\t\t<\/div>\n\t\t\t\t<\/article>\n\t\t\t\t<article class=\"elementor-post elementor-grid-item post-18944 post type-post status-publish format-standard has-post-thumbnail hentry category-noticias-ferias\" role=\"listitem\">\n\t\t\t\t<a class=\"elementor-post__thumbnail__link\" href=\"https:\/\/www.fluimac.com\/es\/noticias-ferias\/fluimac-a-drupa-2024-innovacion-y-tecnologia-exposicion-en-dusseldorf\/\" tabindex=\"-1\" >\n\t\t\t<div class=\"elementor-post__thumbnail\"><img decoding=\"async\" width=\"640\" height=\"400\" src=\"https:\/\/www.fluimac.com\/wp-content\/uploads\/2024\/07\/fluimac-a-drupa-2024.webp\" class=\"attachment-medium size-medium wp-image-11473\" alt=\"\" \/><\/div>\n\t\t<\/a>\n\t\t\t\t<div class=\"elementor-post__text\">\n\t\t\t\t<h3 class=\"elementor-post__title\">\n\t\t\t<a href=\"https:\/\/www.fluimac.com\/es\/noticias-ferias\/fluimac-a-drupa-2024-innovacion-y-tecnologia-exposicion-en-dusseldorf\/\" >\n\t\t\t\tFluimac en DRUPA 2024 \u2013 Innovaci\u00f3n y Tecnolog\u00eda en Exhibici\u00f3n en D\u00fcsseldorf\t\t\t<\/a>\n\t\t<\/h3>\n\t\t\t\t<div class=\"elementor-post__excerpt\">\n\t\t\t<p>\u00danase a nosotros del 28 de mayo al 7 de junio para descubrir las \u00faltimas soluciones de Fluimac en el campo de bombas neum\u00e1ticas de<\/p>\n\t\t<\/div>\n\t\t\n\t\t<a class=\"elementor-post__read-more\" href=\"https:\/\/www.fluimac.com\/es\/noticias-ferias\/fluimac-a-drupa-2024-innovacion-y-tecnologia-exposicion-en-dusseldorf\/\" aria-label=\"M\u00e1s informaci\u00f3n sobre Fluimac en DRUPA 2024 \u2013 Innovaci\u00f3n y Tecnolog\u00eda en Exhibici\u00f3n en D\u00fcsseldorf\" tabindex=\"-1\" >\n\t\t\tLEER M\u00c1S +\t\t<\/a>\n\n\t\t\t\t<\/div>\n\t\t\t\t<\/article>\n\t\t\t\t<article class=\"elementor-post elementor-grid-item post-18938 post type-post status-publish format-standard has-post-thumbnail hentry category-noticias-ferias\" role=\"listitem\">\n\t\t\t\t<a class=\"elementor-post__thumbnail__link\" href=\"https:\/\/www.fluimac.com\/es\/noticias-ferias\/participacion-en-mce-2024\/\" tabindex=\"-1\" >\n\t\t\t<div class=\"elementor-post__thumbnail\"><img decoding=\"async\" width=\"640\" height=\"400\" src=\"https:\/\/www.fluimac.com\/wp-content\/uploads\/2024\/07\/partecipazione_alla_mce_2024-2.webp\" class=\"attachment-medium size-medium wp-image-11451\" alt=\"\" \/><\/div>\n\t\t<\/a>\n\t\t\t\t<div class=\"elementor-post__text\">\n\t\t\t\t<h3 class=\"elementor-post__title\">\n\t\t\t<a href=\"https:\/\/www.fluimac.com\/es\/noticias-ferias\/participacion-en-mce-2024\/\" >\n\t\t\t\tParticipaci\u00f3n en el MCE 2024\t\t\t<\/a>\n\t\t<\/h3>\n\t\t\t\t<div class=\"elementor-post__excerpt\">\n\t\t\t<p>Estamos encantados de anunciar que Fluimac participar\u00e1 en la Mostra Convegno Expocomfort (MCE) 2024 de Mil\u00e1n, un evento global del sector HVAC+R, energ\u00edas renovables, eficiencia<\/p>\n\t\t<\/div>\n\t\t\n\t\t<a class=\"elementor-post__read-more\" href=\"https:\/\/www.fluimac.com\/es\/noticias-ferias\/participacion-en-mce-2024\/\" aria-label=\"M\u00e1s informaci\u00f3n sobre Participaci\u00f3n en el MCE 2024\" tabindex=\"-1\" >\n\t\t\tLEER M\u00c1S +\t\t<\/a>\n\n\t\t\t\t<\/div>\n\t\t\t\t<\/article>\n\t\t\t\t<\/div>\n\t\t\n\t\t\t\t\t\t<\/div>\n\t\t\t\t<\/div>\n\t\t\t\t\t<\/div>\n\t\t<\/div>\n\t\t\t\t\t<\/div>\n\t\t<\/section>\n\t\t\t\t<\/div>\n\t\t","protected":false},"excerpt":{"rendered":"<p>Noticias y ferias<\/p>\n","protected":false},"author":1,"featured_media":8376,"parent":0,"menu_order":0,"comment_status":"closed","ping_status":"closed","template":"","meta":{"footnotes":"","_wp_rev_ctl_limit":""},"class_list":["post-18923","page","type-page","status-publish","has-post-thumbnail","hentry"],"yoast_head":"<!-- This site is optimized with the Yoast SEO plugin v26.8 - https:\/\/yoast.com\/product\/yoast-seo-wordpress\/ -->\n<title>Noticias y ferias Fluimac: \u00daltimas noticias sobre eventos e innovaciones<\/title>\n<meta name=\"description\" content=\"Descubra las \u00faltimas noticias de Fluimac: actualizaciones de la empresa, participaci\u00f3n en ferias internacionales y presentaciones de nuevos productos. Mant\u00e9ngase informado sobre eventos e innovaciones en el sector de las bombas industriales.\" \/>\n<meta name=\"robots\" content=\"index, follow, max-snippet:-1, max-image-preview:large, max-video-preview:-1\" \/>\n<link rel=\"canonical\" href=\"https:\/\/www.fluimac.com\/es\/noticias-y-ferias\/\" \/>\n<meta property=\"og:locale\" content=\"es_ES\" \/>\n<meta property=\"og:type\" content=\"article\" \/>\n<meta property=\"og:title\" content=\"Noticias y ferias Fluimac: \u00daltimas noticias sobre eventos e innovaciones\" \/>\n<meta property=\"og:description\" content=\"Descubra las \u00faltimas noticias de Fluimac: actualizaciones de la empresa, participaci\u00f3n en ferias internacionales y presentaciones de nuevos productos. Mant\u00e9ngase informado sobre eventos e innovaciones en el sector de las bombas industriales.\" \/>\n<meta property=\"og:url\" content=\"https:\/\/www.fluimac.com\/es\/noticias-y-ferias\/\" \/>\n<meta property=\"og:site_name\" content=\"Fluimac\" \/>\n<meta property=\"article:modified_time\" content=\"2026-04-01T13:19:20+00:00\" \/>\n<meta property=\"og:image\" content=\"https:\/\/www.fluimac.com\/wp-content\/uploads\/2024\/04\/1.webp\" \/>\n\t<meta property=\"og:image:width\" content=\"800\" \/>\n\t<meta property=\"og:image:height\" content=\"600\" \/>\n\t<meta property=\"og:image:type\" content=\"image\/webp\" \/>\n<meta name=\"twitter:card\" content=\"summary_large_image\" \/>\n<script type=\"application\/ld+json\" class=\"yoast-schema-graph\">{\"@context\":\"https:\/\/schema.org\",\"@graph\":[{\"@type\":\"WebPage\",\"@id\":\"https:\/\/www.fluimac.com\/es\/noticias-y-ferias\/\",\"url\":\"https:\/\/www.fluimac.com\/es\/noticias-y-ferias\/\",\"name\":\"Noticias y ferias Fluimac: \u00daltimas noticias sobre eventos e innovaciones\",\"isPartOf\":{\"@id\":\"https:\/\/www.fluimac.com\/it\/#website\"},\"primaryImageOfPage\":{\"@id\":\"https:\/\/www.fluimac.com\/es\/noticias-y-ferias\/#primaryimage\"},\"image\":{\"@id\":\"https:\/\/www.fluimac.com\/es\/noticias-y-ferias\/#primaryimage\"},\"thumbnailUrl\":\"https:\/\/www.fluimac.com\/wp-content\/uploads\/2024\/04\/1.webp\",\"datePublished\":\"2024-07-10T09:08:19+00:00\",\"dateModified\":\"2026-04-01T13:19:20+00:00\",\"description\":\"Descubra las \u00faltimas noticias de Fluimac: actualizaciones de la empresa, participaci\u00f3n en ferias internacionales y presentaciones de nuevos productos. Mant\u00e9ngase informado sobre eventos e innovaciones en el sector de las bombas industriales.\",\"breadcrumb\":{\"@id\":\"https:\/\/www.fluimac.com\/es\/noticias-y-ferias\/#breadcrumb\"},\"inLanguage\":\"es\",\"potentialAction\":[{\"@type\":\"ReadAction\",\"target\":[\"https:\/\/www.fluimac.com\/es\/noticias-y-ferias\/\"]}]},{\"@type\":\"ImageObject\",\"inLanguage\":\"es\",\"@id\":\"https:\/\/www.fluimac.com\/es\/noticias-y-ferias\/#primaryimage\",\"url\":\"https:\/\/www.fluimac.com\/wp-content\/uploads\/2024\/04\/1.webp\",\"contentUrl\":\"https:\/\/www.fluimac.com\/wp-content\/uploads\/2024\/04\/1.webp\",\"width\":800,\"height\":600,\"caption\":\"Fluimac - Pumps we trust\"},{\"@type\":\"BreadcrumbList\",\"@id\":\"https:\/\/www.fluimac.com\/es\/noticias-y-ferias\/#breadcrumb\",\"itemListElement\":[{\"@type\":\"ListItem\",\"position\":1,\"name\":\"Home\",\"item\":\"https:\/\/www.fluimac.com\/es\/\"},{\"@type\":\"ListItem\",\"position\":2,\"name\":\"News&#038;Fiere\"}]},{\"@type\":\"WebSite\",\"@id\":\"https:\/\/www.fluimac.com\/it\/#website\",\"url\":\"https:\/\/www.fluimac.com\/it\/\",\"name\":\"Fluimac\",\"description\":\"Pump we trust\",\"publisher\":{\"@id\":\"https:\/\/www.fluimac.com\/it\/#organization\"},\"potentialAction\":[{\"@type\":\"SearchAction\",\"target\":{\"@type\":\"EntryPoint\",\"urlTemplate\":\"https:\/\/www.fluimac.com\/it\/?s={search_term_string}\"},\"query-input\":{\"@type\":\"PropertyValueSpecification\",\"valueRequired\":true,\"valueName\":\"search_term_string\"}}],\"inLanguage\":\"es\"},{\"@type\":\"Organization\",\"@id\":\"https:\/\/www.fluimac.com\/it\/#organization\",\"name\":\"Fluimac\",\"url\":\"https:\/\/www.fluimac.com\/it\/\",\"logo\":{\"@type\":\"ImageObject\",\"inLanguage\":\"es\",\"@id\":\"https:\/\/www.fluimac.com\/it\/#\/schema\/logo\/image\/\",\"url\":\"https:\/\/www.fluimac.com\/wp-content\/uploads\/2021\/04\/fluimac-logo-1.jpg\",\"contentUrl\":\"https:\/\/www.fluimac.com\/wp-content\/uploads\/2021\/04\/fluimac-logo-1.jpg\",\"width\":500,\"height\":132,\"caption\":\"Fluimac\"},\"image\":{\"@id\":\"https:\/\/www.fluimac.com\/it\/#\/schema\/logo\/image\/\"}}]}<\/script>\n<!-- \/ Yoast SEO plugin. -->","yoast_head_json":{"title":"Noticias y ferias Fluimac: \u00daltimas noticias sobre eventos e innovaciones","description":"Descubra las \u00faltimas noticias de Fluimac: actualizaciones de la empresa, participaci\u00f3n en ferias internacionales y presentaciones de nuevos productos. Mant\u00e9ngase informado sobre eventos e innovaciones en el sector de las bombas industriales.","robots":{"index":"index","follow":"follow","max-snippet":"max-snippet:-1","max-image-preview":"max-image-preview:large","max-video-preview":"max-video-preview:-1"},"canonical":"https:\/\/www.fluimac.com\/es\/noticias-y-ferias\/","og_locale":"es_ES","og_type":"article","og_title":"Noticias y ferias Fluimac: \u00daltimas noticias sobre eventos e innovaciones","og_description":"Descubra las \u00faltimas noticias de Fluimac: actualizaciones de la empresa, participaci\u00f3n en ferias internacionales y presentaciones de nuevos productos. Mant\u00e9ngase informado sobre eventos e innovaciones en el sector de las bombas industriales.","og_url":"https:\/\/www.fluimac.com\/es\/noticias-y-ferias\/","og_site_name":"Fluimac","article_modified_time":"2026-04-01T13:19:20+00:00","og_image":[{"width":800,"height":600,"url":"https:\/\/www.fluimac.com\/wp-content\/uploads\/2024\/04\/1.webp","type":"image\/webp"}],"twitter_card":"summary_large_image","schema":{"@context":"https:\/\/schema.org","@graph":[{"@type":"WebPage","@id":"https:\/\/www.fluimac.com\/es\/noticias-y-ferias\/","url":"https:\/\/www.fluimac.com\/es\/noticias-y-ferias\/","name":"Noticias y ferias Fluimac: \u00daltimas noticias sobre eventos e innovaciones","isPartOf":{"@id":"https:\/\/www.fluimac.com\/it\/#website"},"primaryImageOfPage":{"@id":"https:\/\/www.fluimac.com\/es\/noticias-y-ferias\/#primaryimage"},"image":{"@id":"https:\/\/www.fluimac.com\/es\/noticias-y-ferias\/#primaryimage"},"thumbnailUrl":"https:\/\/www.fluimac.com\/wp-content\/uploads\/2024\/04\/1.webp","datePublished":"2024-07-10T09:08:19+00:00","dateModified":"2026-04-01T13:19:20+00:00","description":"Descubra las \u00faltimas noticias de Fluimac: actualizaciones de la empresa, participaci\u00f3n en ferias internacionales y presentaciones de nuevos productos. Mant\u00e9ngase informado sobre eventos e innovaciones en el sector de las bombas industriales.","breadcrumb":{"@id":"https:\/\/www.fluimac.com\/es\/noticias-y-ferias\/#breadcrumb"},"inLanguage":"es","potentialAction":[{"@type":"ReadAction","target":["https:\/\/www.fluimac.com\/es\/noticias-y-ferias\/"]}]},{"@type":"ImageObject","inLanguage":"es","@id":"https:\/\/www.fluimac.com\/es\/noticias-y-ferias\/#primaryimage","url":"https:\/\/www.fluimac.com\/wp-content\/uploads\/2024\/04\/1.webp","contentUrl":"https:\/\/www.fluimac.com\/wp-content\/uploads\/2024\/04\/1.webp","width":800,"height":600,"caption":"Fluimac - Pumps we trust"},{"@type":"BreadcrumbList","@id":"https:\/\/www.fluimac.com\/es\/noticias-y-ferias\/#breadcrumb","itemListElement":[{"@type":"ListItem","position":1,"name":"Home","item":"https:\/\/www.fluimac.com\/es\/"},{"@type":"ListItem","position":2,"name":"News&#038;Fiere"}]},{"@type":"WebSite","@id":"https:\/\/www.fluimac.com\/it\/#website","url":"https:\/\/www.fluimac.com\/it\/","name":"Fluimac","description":"Pump we trust","publisher":{"@id":"https:\/\/www.fluimac.com\/it\/#organization"},"potentialAction":[{"@type":"SearchAction","target":{"@type":"EntryPoint","urlTemplate":"https:\/\/www.fluimac.com\/it\/?s={search_term_string}"},"query-input":{"@type":"PropertyValueSpecification","valueRequired":true,"valueName":"search_term_string"}}],"inLanguage":"es"},{"@type":"Organization","@id":"https:\/\/www.fluimac.com\/it\/#organization","name":"Fluimac","url":"https:\/\/www.fluimac.com\/it\/","logo":{"@type":"ImageObject","inLanguage":"es","@id":"https:\/\/www.fluimac.com\/it\/#\/schema\/logo\/image\/","url":"https:\/\/www.fluimac.com\/wp-content\/uploads\/2021\/04\/fluimac-logo-1.jpg","contentUrl":"https:\/\/www.fluimac.com\/wp-content\/uploads\/2021\/04\/fluimac-logo-1.jpg","width":500,"height":132,"caption":"Fluimac"},"image":{"@id":"https:\/\/www.fluimac.com\/it\/#\/schema\/logo\/image\/"}}]}},"_links":{"self":[{"href":"https:\/\/www.fluimac.com\/es\/wp-json\/wp\/v2\/pages\/18923","targetHints":{"allow":["GET"]}}],"collection":[{"href":"https:\/\/www.fluimac.com\/es\/wp-json\/wp\/v2\/pages"}],"about":[{"href":"https:\/\/www.fluimac.com\/es\/wp-json\/wp\/v2\/types\/page"}],"author":[{"embeddable":true,"href":"https:\/\/www.fluimac.com\/es\/wp-json\/wp\/v2\/users\/1"}],"replies":[{"embeddable":true,"href":"https:\/\/www.fluimac.com\/es\/wp-json\/wp\/v2\/comments?post=18923"}],"version-history":[{"count":10,"href":"https:\/\/www.fluimac.com\/es\/wp-json\/wp\/v2\/pages\/18923\/revisions"}],"predecessor-version":[{"id":33127,"href":"https:\/\/www.fluimac.com\/es\/wp-json\/wp\/v2\/pages\/18923\/revisions\/33127"}],"wp:featuredmedia":[{"embeddable":true,"href":"https:\/\/www.fluimac.com\/es\/wp-json\/wp\/v2\/media\/8376"}],"wp:attachment":[{"href":"https:\/\/www.fluimac.com\/es\/wp-json\/wp\/v2\/media?parent=18923"}],"curies":[{"name":"wp","href":"https:\/\/api.w.org\/{rel}","templated":true}]}}