{"id":18748,"date":"2021-04-12T10:26:02","date_gmt":"2021-04-12T08:26:02","guid":{"rendered":"https:\/\/www.fluimac.com\/privacy-policy\/"},"modified":"2026-03-04T10:06:53","modified_gmt":"2026-03-04T09:06:53","slug":"privacy-policy","status":"publish","type":"page","link":"https:\/\/www.fluimac.com\/es\/privacy-policy\/","title":{"rendered":"Privacy policy"},"content":{"rendered":"\t\t<div data-elementor-type=\"wp-page\" data-elementor-id=\"18748\" class=\"elementor elementor-18748 elementor-3\" data-elementor-post-type=\"page\">\n\t\t\t\t\t\t<section class=\"elementor-section elementor-top-section elementor-element elementor-element-44e44a2 elementor-section-full_width elementor-section-height-default elementor-section-height-default\" data-id=\"44e44a2\" data-element_type=\"section\">\n\t\t\t\t\t\t<div class=\"elementor-container elementor-column-gap-default\">\n\t\t\t\t\t<div class=\"elementor-column elementor-col-100 elementor-top-column elementor-element elementor-element-2e2a7f4\" data-id=\"2e2a7f4\" data-element_type=\"column\">\n\t\t\t<div class=\"elementor-widget-wrap elementor-element-populated\">\n\t\t\t\t\t\t<div class=\"elementor-element elementor-element-d8a32d0 elementor-widget elementor-widget-heading\" data-id=\"d8a32d0\" data-element_type=\"widget\" data-widget_type=\"heading.default\">\n\t\t\t\t<div class=\"elementor-widget-container\">\n\t\t\t\t\t<h1 class=\"elementor-heading-title elementor-size-default\">Pol\u00edtica de privacidad<\/h1>\t\t\t\t<\/div>\n\t\t\t\t<\/div>\n\t\t\t\t<div class=\"elementor-element elementor-element-f62f983 elementor-widget elementor-widget-text-editor\" data-id=\"f62f983\" data-element_type=\"widget\" data-widget_type=\"text-editor.default\">\n\t\t\t\t<div class=\"elementor-widget-container\">\n\t\t\t\t\t\t\t\t\t<p><strong>Informaci\u00f3n para los interesados de conformidad con y para los efectos de los art\u00edculos 13 y 14 del Reglamento Europeo UE 2016\/679<br \/>Normativa relativa a la protecci\u00f3n de las personas f\u00edsicas en lo que respecta al tratamiento de datos personales<br \/>RGPD (Reglamento General de Protecci\u00f3n de Datos &#8211; Reglamento UE 679\/2016)<br \/>C\u00f3digo de Privacidad, Decreto Legislativo 196\/2003 (modificado por el Decreto Legislativo 101\/2018).<\/strong><\/p><p>FLUIMAC SRL desea informar a los interesados objeto del tratamiento de que los datos personales referidos o atribuibles al interesado son tratados por esta Sociedad en pleno cumplimiento de la normativa vigente en materia de tratamiento de datos y de las obligaciones de confidencialidad que siempre nos han inspirado. Por \u201cTratamiento de datos personales\u201d se entiende cualquier operaci\u00f3n o conjunto de operaciones, efectuadas incluso sin la ayuda de instrumentos electr\u00f3nicos, relativas a la recogida, el registro, la organizaci\u00f3n, la conservaci\u00f3n, la consulta, la elaboraci\u00f3n, la modificaci\u00f3n, la selecci\u00f3n, la extracci\u00f3n, la comparaci\u00f3n, la utilizaci\u00f3n, la interconexi\u00f3n, el bloqueo, la comunicaci\u00f3n, la difusi\u00f3n, la supresi\u00f3n y la destrucci\u00f3n de datos, aunque no est\u00e9n registrados en una base de datos.<br \/><span style=\"text-decoration: underline;\">De conformidad con los art\u00edculos 13 y 14 del RGPD (Reglamento UE 2016\/679), en relaci\u00f3n con los datos personales que tratamos tras el establecimiento de nuestras relaciones contractuales rec\u00edprocas (derivadas del \u201cmandato de consultor\u00eda\u201d), facilitamos la siguiente informaci\u00f3n.<\/span><\/p><h6>Responsable del tratamiento<\/h6><p>El \u201cResponsable del Tratamiento\u201d, a todos los efectos legales, es FLUIMAC SRL, con sede operativa en Via Brescia 1, Tradate (VA), Italia, contactable en la direcci\u00f3n de correo electr\u00f3nico:\u00a0<a href=\"mailto: info@fluimac.com\" target=\"_blank\" rel=\"noopener\" data-cmp-ab=\"2\">info@fluimac.com.<\/a><\/p><h6>Finalidad del tratamiento<\/h6><p>Los datos personales relativos a personas f\u00edsicas, facilitados directamente por los interesados o por las empresas que mantienen relaciones comerciales o contractuales con esta Sociedad, son tratados para necesidades relacionadas con la actividad principal de la Sociedad (producci\u00f3n de bombas industriales) y con el consiguiente cumplimiento de obligaciones legales y fiscales; dicho tratamiento tendr\u00e1 lugar durante toda la duraci\u00f3n de la relaci\u00f3n comercial\/contractual y tambi\u00e9n posteriormente, para el cumplimiento de obligaciones legales y con fines administrativos y fiscales.<br \/>Asimismo, se informa de que, al consultar nuestro sitio web, el sistema puede adquirir datos t\u00e9cnicos de navegaci\u00f3n relativos a la direcci\u00f3n IP, c\u00f3digos identificativos de los dispositivos utilizados por el usuario para acceder a las p\u00e1ginas o servicios, datos relativos a las caracter\u00edsticas del navegador y a los horarios de acceso, as\u00ed como otros datos de navegaci\u00f3n anonimizados.<br \/>En el \u00e1mbito de la finalidad para la cual se recogen los datos personales, FLUIMAC SRL trata dichos datos de acuerdo con los principios de correcci\u00f3n, licitud, transparencia y protecci\u00f3n de la confidencialidad y de los derechos del interesado.<br \/>Por \u00faltimo, se especifica que la Sociedad utiliza, dentro de sus sistemas de gesti\u00f3n, software de inteligencia artificial (IA) \u2013 ChatGPT, Copilot \u2013 cuyo uso puede implicar eventualmente el tratamiento de datos personales (nombres, direcciones de correo electr\u00f3nico). El uso de la IA cumple con la normativa italiana y europea vigente. La Sociedad garantiza que el uso de la IA no afecta en modo alguno a la persona durante los procesos de gesti\u00f3n automatizada.<\/p><h6>Naturaleza del suministro de los datos<\/h6><p>Los datos personales se recogen siempre directamente del interesado.<br \/>La facilitaci\u00f3n de dichos datos, necesarios para las finalidades descritas, es indispensable para dar curso a la relaci\u00f3n contractual y comercial; la eventual negativa a proporcionar dichos datos podr\u00eda comportar la imposibilidad total o parcial de prestar los servicios de la Sociedad.<\/p><h6>Modalidades de tratamiento<\/h6><p>El tratamiento de los datos se lleva a cabo de conformidad con los principios de correcci\u00f3n, licitud y transparencia, mediante el uso de instrumentos y procedimientos adecuados para garantizar su seguridad y confidencialidad, y podr\u00e1 efectuarse tanto en soporte papel como mediante herramientas electr\u00f3nicas.<br \/>El tratamiento se realiza utilizando medidas de seguridad adecuadas para reducir al m\u00ednimo el riesgo de acceso no autorizado por parte de terceros, su destrucci\u00f3n y\/o deterioro, y para garantizar la confidencialidad, de conformidad con el art\u00edculo 32 del RGPD.<\/p><h6>Conservaci\u00f3n de los datos personales<\/h6><p>Los Datos Personales y, en su caso, las categor\u00edas especiales de datos, se conservar\u00e1n \u00fanicamente durante el tiempo necesario para los fines para los que fueron recogidos, respetando el principio de minimizaci\u00f3n establecido en el art\u00edculo 5, apartado 1, letra c) del RGPD, as\u00ed como las obligaciones legales a las que est\u00e1 sujeto el Responsable del Tratamiento. Puede obtenerse m\u00e1s informaci\u00f3n sobre los plazos de conservaci\u00f3n y tratamiento dirigi\u00e9ndose al Responsable del Tratamiento.<\/p><h6>Comunicaci\u00f3n de los datos<\/h6><p>Los datos personales no ser\u00e1n difundidos en modo alguno; no obstante, podr\u00e1n ser comunicados por nosotros:<\/p><ul><li>a las personas encargadas, debidamente designadas, de su tratamiento dentro de la Sociedad;<\/li><li>a entidades y asociaciones vinculadas a la Sociedad;<\/li><li>a organismos p\u00fablicos, administraciones p\u00fablicas e instituciones financieras;<\/li><li>a sujetos que necesiten acceder a dichos datos para finalidades auxiliares de la relaci\u00f3n existente entre nuestra Sociedad y el interesado, dentro de los l\u00edmites estrictamente necesarios para desempe\u00f1ar las tareas auxiliares que les hayan sido encomendadas, como por ejemplo: entidades de cr\u00e9dito, despachos de abogados, compa\u00f1\u00edas de seguros, peritos.<\/li><\/ul><h6>Otras categor\u00edas especiales de datos personales<\/h6><p>Con ocasi\u00f3n del env\u00edo de curr\u00edculums, de conformidad con los art\u00edculos 9 y 10 del RGPD 2016\/679, el interesado podr\u00eda facilitar voluntariamente a esta Sociedad datos calificables como \u201ccategor\u00edas especiales de datos personales\u201d (es decir, aquellos datos que revelan \u201cel origen racial o \u00e9tnico, las opiniones pol\u00edticas, las convicciones religiosas o filos\u00f3ficas, o la afiliaci\u00f3n sindical\u2026 datos gen\u00e9ticos, datos biom\u00e9tricos destinados a identificar de manera un\u00edvoca a una persona f\u00edsica, datos relativos a la salud o a la vida sexual o a la orientaci\u00f3n sexual de la persona\u201d). Esta categor\u00eda de datos podr\u00e1 ser tratada por FLUIMAC SRL \u00fanicamente previo consentimiento del interesado, manifestado por escrito.<\/p><h6>Derechos del interesado<\/h6><p>El interesado en el tratamiento podr\u00e1 ejercer en cualquier momento los derechos previstos en los art\u00edculos 15 a 22 del RGPD:<\/p><ol><li>Obtener confirmaci\u00f3n de si se est\u00e1n tratando o no datos personales que le conciernen y, en tal caso, obtener acceso a los datos personales y a toda la informaci\u00f3n prevista en el art\u00edculo 15 del RGPD;<\/li><li>Obtener la rectificaci\u00f3n de los datos personales inexactos que le conciernan sin dilaci\u00f3n indebida. Teniendo en cuenta los fines del tratamiento, tendr\u00e1 derecho a que se completen los datos personales incompletos, incluso mediante una declaraci\u00f3n adicional;<\/li><li>Obtener la supresi\u00f3n de los datos personales que le conciernan sin dilaci\u00f3n indebida;<\/li><li>Obtener la limitaci\u00f3n del tratamiento cuando concurra alguno de los supuestos previstos en el art\u00edculo 18 del RGPD;<\/li><li>Recibir en un formato estructurado, de uso com\u00fan y lectura mec\u00e1nica, los datos personales relativos al interesado facilitados a esta Sociedad;<\/li><li>Oponerse en cualquier momento, por motivos relacionados con su situaci\u00f3n particular, al tratamiento de los datos personales que le conciernan de conformidad con el art\u00edculo 6, apartado 1, letras e) o f) del RGPD. En este caso, la Sociedad se abstendr\u00e1 de seguir tratando los datos personales salvo que existan motivos leg\u00edtimos imperiosos para proceder al tratamiento que prevalezcan sobre los intereses, derechos y libertades del interesado, o para la formulaci\u00f3n, el ejercicio o la defensa de reclamaciones en v\u00eda judicial;<\/li><li>No ser objeto de una decisi\u00f3n basada \u00fanicamente en un tratamiento automatizado, incluida la elaboraci\u00f3n de perfiles, que produzca efectos jur\u00eddicos sobre \u00e9l o le afecte significativamente de modo similar. Este derecho no se aplicar\u00e1 en los casos regulados por el art\u00edculo 22, apartado 2 del RGPD;<\/li><li>Presentar una reclamaci\u00f3n ante la autoridad de control si considera que sus datos han sido tratados de forma il\u00edcita.<\/li><\/ol>\t\t\t\t\t\t\t\t<\/div>\n\t\t\t\t<\/div>\n\t\t\t\t\t<\/div>\n\t\t<\/div>\n\t\t\t\t\t<\/div>\n\t\t<\/section>\n\t\t\t\t<\/div>\n\t\t","protected":false},"excerpt":{"rendered":"<p>Pol\u00edtica de privacidad Informaci\u00f3n para los interesados de conformidad con y para los efectos de los art\u00edculos 13 y 14 del Reglamento Europeo UE 2016\/679Normativa relativa a la protecci\u00f3n de las personas f\u00edsicas en lo que respecta al tratamiento de datos personalesRGPD (Reglamento General de Protecci\u00f3n de Datos &#8211; Reglamento UE 679\/2016)C\u00f3digo de Privacidad, Decreto [&hellip;]<\/p>\n","protected":false},"author":1,"featured_media":14336,"parent":0,"menu_order":0,"comment_status":"closed","ping_status":"open","template":"","meta":{"footnotes":"","_wp_rev_ctl_limit":""},"class_list":["post-18748","page","type-page","status-publish","has-post-thumbnail","hentry"],"yoast_head":"<!-- This site is optimized with the Yoast SEO plugin v26.8 - https:\/\/yoast.com\/product\/yoast-seo-wordpress\/ -->\n<title>Privacy policy - Fluimac<\/title>\n<meta name=\"robots\" content=\"noindex, nofollow\" \/>\n<meta property=\"og:locale\" content=\"es_ES\" \/>\n<meta property=\"og:type\" content=\"article\" \/>\n<meta property=\"og:title\" content=\"Privacy policy - Fluimac\" \/>\n<meta property=\"og:description\" content=\"Pol\u00edtica de privacidad Informaci\u00f3n para los interesados de conformidad con y para los efectos de los art\u00edculos 13 y 14 del Reglamento Europeo UE 2016\/679Normativa relativa a la protecci\u00f3n de las personas f\u00edsicas en lo que respecta al tratamiento de datos personalesRGPD (Reglamento General de Protecci\u00f3n de Datos &#8211; Reglamento UE 679\/2016)C\u00f3digo de Privacidad, Decreto [&hellip;]\" \/>\n<meta property=\"og:url\" content=\"https:\/\/www.fluimac.com\/it\/privacy-policy\/\" \/>\n<meta property=\"og:site_name\" content=\"Fluimac\" \/>\n<meta property=\"article:modified_time\" content=\"2026-03-04T09:06:53+00:00\" \/>\n<meta property=\"og:image\" content=\"https:\/\/www.fluimac.com\/wp-content\/uploads\/2024\/07\/2.webp\" \/>\n\t<meta property=\"og:image:width\" content=\"800\" \/>\n\t<meta property=\"og:image:height\" content=\"600\" \/>\n\t<meta property=\"og:image:type\" content=\"image\/webp\" \/>\n<meta name=\"twitter:card\" content=\"summary_large_image\" \/>\n<meta name=\"twitter:label1\" content=\"Tiempo de lectura\" \/>\n\t<meta name=\"twitter:data1\" content=\"7 minutos\" \/>\n<script type=\"application\/ld+json\" class=\"yoast-schema-graph\">{\"@context\":\"https:\/\/schema.org\",\"@graph\":[{\"@type\":\"WebPage\",\"@id\":\"https:\/\/www.fluimac.com\/it\/privacy-policy\/\",\"url\":\"https:\/\/www.fluimac.com\/it\/privacy-policy\/\",\"name\":\"Privacy policy - Fluimac\",\"isPartOf\":{\"@id\":\"https:\/\/www.fluimac.com\/it\/#website\"},\"primaryImageOfPage\":{\"@id\":\"https:\/\/www.fluimac.com\/it\/privacy-policy\/#primaryimage\"},\"image\":{\"@id\":\"https:\/\/www.fluimac.com\/it\/privacy-policy\/#primaryimage\"},\"thumbnailUrl\":\"https:\/\/www.fluimac.com\/wp-content\/uploads\/2024\/07\/2.webp\",\"datePublished\":\"2021-04-12T08:26:02+00:00\",\"dateModified\":\"2026-03-04T09:06:53+00:00\",\"breadcrumb\":{\"@id\":\"https:\/\/www.fluimac.com\/it\/privacy-policy\/#breadcrumb\"},\"inLanguage\":\"es\",\"potentialAction\":[{\"@type\":\"ReadAction\",\"target\":[\"https:\/\/www.fluimac.com\/it\/privacy-policy\/\"]}]},{\"@type\":\"ImageObject\",\"inLanguage\":\"es\",\"@id\":\"https:\/\/www.fluimac.com\/it\/privacy-policy\/#primaryimage\",\"url\":\"https:\/\/www.fluimac.com\/wp-content\/uploads\/2024\/07\/2.webp\",\"contentUrl\":\"https:\/\/www.fluimac.com\/wp-content\/uploads\/2024\/07\/2.webp\",\"width\":800,\"height\":600,\"caption\":\"Fluimac Pump We Trust\"},{\"@type\":\"BreadcrumbList\",\"@id\":\"https:\/\/www.fluimac.com\/it\/privacy-policy\/#breadcrumb\",\"itemListElement\":[{\"@type\":\"ListItem\",\"position\":1,\"name\":\"Home\",\"item\":\"https:\/\/www.fluimac.com\/es\/\"},{\"@type\":\"ListItem\",\"position\":2,\"name\":\"Privacy policy\"}]},{\"@type\":\"WebSite\",\"@id\":\"https:\/\/www.fluimac.com\/it\/#website\",\"url\":\"https:\/\/www.fluimac.com\/it\/\",\"name\":\"Fluimac\",\"description\":\"Pump we trust\",\"publisher\":{\"@id\":\"https:\/\/www.fluimac.com\/it\/#organization\"},\"potentialAction\":[{\"@type\":\"SearchAction\",\"target\":{\"@type\":\"EntryPoint\",\"urlTemplate\":\"https:\/\/www.fluimac.com\/it\/?s={search_term_string}\"},\"query-input\":{\"@type\":\"PropertyValueSpecification\",\"valueRequired\":true,\"valueName\":\"search_term_string\"}}],\"inLanguage\":\"es\"},{\"@type\":\"Organization\",\"@id\":\"https:\/\/www.fluimac.com\/it\/#organization\",\"name\":\"Fluimac\",\"url\":\"https:\/\/www.fluimac.com\/it\/\",\"logo\":{\"@type\":\"ImageObject\",\"inLanguage\":\"es\",\"@id\":\"https:\/\/www.fluimac.com\/it\/#\/schema\/logo\/image\/\",\"url\":\"https:\/\/www.fluimac.com\/wp-content\/uploads\/2021\/04\/fluimac-logo-1.jpg\",\"contentUrl\":\"https:\/\/www.fluimac.com\/wp-content\/uploads\/2021\/04\/fluimac-logo-1.jpg\",\"width\":500,\"height\":132,\"caption\":\"Fluimac\"},\"image\":{\"@id\":\"https:\/\/www.fluimac.com\/it\/#\/schema\/logo\/image\/\"}}]}<\/script>\n<!-- \/ Yoast SEO plugin. -->","yoast_head_json":{"title":"Privacy policy - Fluimac","robots":{"index":"noindex","follow":"nofollow"},"og_locale":"es_ES","og_type":"article","og_title":"Privacy policy - Fluimac","og_description":"Pol\u00edtica de privacidad Informaci\u00f3n para los interesados de conformidad con y para los efectos de los art\u00edculos 13 y 14 del Reglamento Europeo UE 2016\/679Normativa relativa a la protecci\u00f3n de las personas f\u00edsicas en lo que respecta al tratamiento de datos personalesRGPD (Reglamento General de Protecci\u00f3n de Datos &#8211; Reglamento UE 679\/2016)C\u00f3digo de Privacidad, Decreto [&hellip;]","og_url":"https:\/\/www.fluimac.com\/it\/privacy-policy\/","og_site_name":"Fluimac","article_modified_time":"2026-03-04T09:06:53+00:00","og_image":[{"width":800,"height":600,"url":"https:\/\/www.fluimac.com\/wp-content\/uploads\/2024\/07\/2.webp","type":"image\/webp"}],"twitter_card":"summary_large_image","twitter_misc":{"Tiempo de lectura":"7 minutos"},"schema":{"@context":"https:\/\/schema.org","@graph":[{"@type":"WebPage","@id":"https:\/\/www.fluimac.com\/it\/privacy-policy\/","url":"https:\/\/www.fluimac.com\/it\/privacy-policy\/","name":"Privacy policy - Fluimac","isPartOf":{"@id":"https:\/\/www.fluimac.com\/it\/#website"},"primaryImageOfPage":{"@id":"https:\/\/www.fluimac.com\/it\/privacy-policy\/#primaryimage"},"image":{"@id":"https:\/\/www.fluimac.com\/it\/privacy-policy\/#primaryimage"},"thumbnailUrl":"https:\/\/www.fluimac.com\/wp-content\/uploads\/2024\/07\/2.webp","datePublished":"2021-04-12T08:26:02+00:00","dateModified":"2026-03-04T09:06:53+00:00","breadcrumb":{"@id":"https:\/\/www.fluimac.com\/it\/privacy-policy\/#breadcrumb"},"inLanguage":"es","potentialAction":[{"@type":"ReadAction","target":["https:\/\/www.fluimac.com\/it\/privacy-policy\/"]}]},{"@type":"ImageObject","inLanguage":"es","@id":"https:\/\/www.fluimac.com\/it\/privacy-policy\/#primaryimage","url":"https:\/\/www.fluimac.com\/wp-content\/uploads\/2024\/07\/2.webp","contentUrl":"https:\/\/www.fluimac.com\/wp-content\/uploads\/2024\/07\/2.webp","width":800,"height":600,"caption":"Fluimac Pump We Trust"},{"@type":"BreadcrumbList","@id":"https:\/\/www.fluimac.com\/it\/privacy-policy\/#breadcrumb","itemListElement":[{"@type":"ListItem","position":1,"name":"Home","item":"https:\/\/www.fluimac.com\/es\/"},{"@type":"ListItem","position":2,"name":"Privacy policy"}]},{"@type":"WebSite","@id":"https:\/\/www.fluimac.com\/it\/#website","url":"https:\/\/www.fluimac.com\/it\/","name":"Fluimac","description":"Pump we trust","publisher":{"@id":"https:\/\/www.fluimac.com\/it\/#organization"},"potentialAction":[{"@type":"SearchAction","target":{"@type":"EntryPoint","urlTemplate":"https:\/\/www.fluimac.com\/it\/?s={search_term_string}"},"query-input":{"@type":"PropertyValueSpecification","valueRequired":true,"valueName":"search_term_string"}}],"inLanguage":"es"},{"@type":"Organization","@id":"https:\/\/www.fluimac.com\/it\/#organization","name":"Fluimac","url":"https:\/\/www.fluimac.com\/it\/","logo":{"@type":"ImageObject","inLanguage":"es","@id":"https:\/\/www.fluimac.com\/it\/#\/schema\/logo\/image\/","url":"https:\/\/www.fluimac.com\/wp-content\/uploads\/2021\/04\/fluimac-logo-1.jpg","contentUrl":"https:\/\/www.fluimac.com\/wp-content\/uploads\/2021\/04\/fluimac-logo-1.jpg","width":500,"height":132,"caption":"Fluimac"},"image":{"@id":"https:\/\/www.fluimac.com\/it\/#\/schema\/logo\/image\/"}}]}},"_links":{"self":[{"href":"https:\/\/www.fluimac.com\/es\/wp-json\/wp\/v2\/pages\/18748","targetHints":{"allow":["GET"]}}],"collection":[{"href":"https:\/\/www.fluimac.com\/es\/wp-json\/wp\/v2\/pages"}],"about":[{"href":"https:\/\/www.fluimac.com\/es\/wp-json\/wp\/v2\/types\/page"}],"author":[{"embeddable":true,"href":"https:\/\/www.fluimac.com\/es\/wp-json\/wp\/v2\/users\/1"}],"replies":[{"embeddable":true,"href":"https:\/\/www.fluimac.com\/es\/wp-json\/wp\/v2\/comments?post=18748"}],"version-history":[{"count":15,"href":"https:\/\/www.fluimac.com\/es\/wp-json\/wp\/v2\/pages\/18748\/revisions"}],"predecessor-version":[{"id":31029,"href":"https:\/\/www.fluimac.com\/es\/wp-json\/wp\/v2\/pages\/18748\/revisions\/31029"}],"wp:featuredmedia":[{"embeddable":true,"href":"https:\/\/www.fluimac.com\/es\/wp-json\/wp\/v2\/media\/14336"}],"wp:attachment":[{"href":"https:\/\/www.fluimac.com\/es\/wp-json\/wp\/v2\/media?parent=18748"}],"curies":[{"name":"wp","href":"https:\/\/api.w.org\/{rel}","templated":true}]}}